{"id":8373,"date":"2019-08-05T14:43:09","date_gmt":"2019-08-05T14:43:09","guid":{"rendered":"http:\/\/lima.com.tr\/?post_type=product&#038;p=8373"},"modified":"2021-05-22T14:41:52","modified_gmt":"2021-05-22T11:41:52","slug":"fujinon-lens-hf3518-12m-f1-8-f8mm-2-3","status":"publish","type":"product","link":"https:\/\/lima.com.tr\/en\/shop\/yapay-gorme\/lensler\/c-mount-lensler\/fujinon-lens-hf3518-12m-f1-8-f8mm-2-3\/","title":{"rendered":"Fujinon Lens HF3518-12M F1.8 f8mm 2\/3&#8243;"},"content":{"rendered":"<p><strong>\u0130ris Tipi :<\/strong> Manuel<\/p>\n<p><strong>Ekstra D\u00fc\u015f\u00fck Distorsiyon :<\/strong>\u00a0 No<\/p>\n<p><strong>IR kesme filtresi :<\/strong> No<\/p>\n<p>&nbsp;<\/p>","protected":false},"excerpt":{"rendered":"<p>\u0130ris Tipi : Manuel Ekstra D\u00fc\u015f\u00fck Distorsiyon :\u00a0 Hay\u0131r IR kesme filtresi : Hay\u0131r &nbsp;<\/p>","protected":false},"featured_media":8368,"template":"","meta":[],"product_brand":[],"product_cat":[1656,159,1642,1648,1662,1637,157,1679,1626,1673,42],"product_tag":[45,44,43,47],"class_list":{"0":"post-8373","1":"product","2":"type-product","3":"status-publish","4":"has-post-thumbnail","6":"product_cat-akilli-sehir-altyapi","7":"product_cat-c-mount-lensler","8":"product_cat-guvenlik","9":"product_cat-lensler-guvenlik","10":"product_cat-lensler-akilli-sehir","11":"product_cat-lensler-ulasim","12":"product_cat-lensler","13":"product_cat-lensler-uretim","14":"product_cat-ulasim","15":"product_cat-uretim","16":"product_cat-yapay-gorme","17":"product_tag-akilli-sehir","18":"product_tag-guvenlik","19":"product_tag-ulasim","20":"product_tag-uretim","21":"pa_cozumler-ve-urunler-yapay-gorme","22":"pa_dalga-boyu-araligi-vis","23":"pa_min-calisma-mesafesi-100-mm","24":"pa_min-f-number-f1-8","25":"pa_montaj-tipi-c-mount","26":"pa_odak-uzunlugu-35-mm","27":"pa_piksel-boyutu-2-1-m","28":"pa_sensor-boyu-2-3","29":"pa_tip-sabit-odak-uzunlugu","30":"pa_uretici-fujinon","31":"pa_urun-gruplari-lensler","33":"first","34":"outofstock","35":"shipping-taxable","36":"product-type-variable"},"_links":{"self":[{"href":"https:\/\/lima.com.tr\/en\/wp-json\/wp\/v2\/product\/8373","targetHints":{"allow":["GET"]}}],"collection":[{"href":"https:\/\/lima.com.tr\/en\/wp-json\/wp\/v2\/product"}],"about":[{"href":"https:\/\/lima.com.tr\/en\/wp-json\/wp\/v2\/types\/product"}],"version-history":[{"count":1,"href":"https:\/\/lima.com.tr\/en\/wp-json\/wp\/v2\/product\/8373\/revisions"}],"predecessor-version":[{"id":8377,"href":"https:\/\/lima.com.tr\/en\/wp-json\/wp\/v2\/product\/8373\/revisions\/8377"}],"wp:featuredmedia":[{"embeddable":true,"href":"https:\/\/lima.com.tr\/en\/wp-json\/wp\/v2\/media\/8368"}],"wp:attachment":[{"href":"https:\/\/lima.com.tr\/en\/wp-json\/wp\/v2\/media?parent=8373"}],"wp:term":[{"taxonomy":"product_brand","embeddable":true,"href":"https:\/\/lima.com.tr\/en\/wp-json\/wp\/v2\/product_brand?post=8373"},{"taxonomy":"product_cat","embeddable":true,"href":"https:\/\/lima.com.tr\/en\/wp-json\/wp\/v2\/product_cat?post=8373"},{"taxonomy":"product_tag","embeddable":true,"href":"https:\/\/lima.com.tr\/en\/wp-json\/wp\/v2\/product_tag?post=8373"}],"curies":[{"name":"wp","href":"https:\/\/api.w.org\/{rel}","templated":true}]}}