{"id":8222,"date":"2019-08-05T10:50:41","date_gmt":"2019-08-05T10:50:41","guid":{"rendered":"http:\/\/lima.com.tr\/?post_type=product&#038;p=8222"},"modified":"2021-05-22T14:41:59","modified_gmt":"2021-05-22T11:41:59","slug":"idp-31215-wp25dpb1g","status":"publish","type":"product","link":"https:\/\/lima.com.tr\/en\/shop\/endustriyel-bilisim\/endustriyel-ekranlar\/ip65-korumali-monitorler\/idp-31215-wp25dpb1g\/","title":{"rendered":"IDP-31215-WP25DPB1G"},"content":{"rendered":"<p><strong>G\u00f6r\u00fc\u015f a\u00e7\u0131s\u0131 (\u00dcst\/Alt\/Sol\/Sa\u011f):<\/strong> 89\u00b0\/89\u00b0\/89\u00b0\/89\u00b0<\/p>\n<p><strong>\u00c7al\u0131\u015fma S\u0131cakl\u0131\u011f\u0131 :<\/strong>\u00a0 0 ~ 40\u00b0 C<\/p>\n<p><strong>Video Giri\u015f Portlar\u0131 :<\/strong> VGA , HDMI DVI, DP<\/p>","protected":false},"excerpt":{"rendered":"<p>21.5&#8243;\u00a0 \u00a0Endustriyel Display Kit, VGA, HDMI, DVI, DP Kapasitif<\/p>","protected":false},"featured_media":8325,"template":"","meta":[],"product_brand":[],"product_cat":[1656,39,1658,112,1675,1644,1642,115,114,1673],"product_tag":[45,44,47],"class_list":{"0":"post-8222","1":"product","2":"type-product","3":"status-publish","4":"has-post-thumbnail","6":"product_cat-akilli-sehir-altyapi","7":"product_cat-endustriyel-bilisim","8":"product_cat-endustriyel-ekranlar-akilli-sehir","9":"product_cat-endustriyel-ekranlar","10":"product_cat-endustriyel-ekranlar-uretim","11":"product_cat-endustriyel-ekranlar-guvenlik","12":"product_cat-guvenlik","13":"product_cat-ip65-korumali-monitorler","14":"product_cat-pano-montaj-monitorler","15":"product_cat-uretim","16":"product_tag-akilli-sehir","17":"product_tag-guvenlik","18":"product_tag-uretim","19":"pa_cozumler-ve-urunler-endustriyel-bilisim","20":"pa_cozunurluk-yatay-x-dikey-1920-x-1080","21":"pa_dokunmatik-tipi-kapasitif","22":"pa_ekran-boyutu-21-5","23":"pa_kontrast-orani-1697","24":"pa_parlaklik-884","25":"pa_tip-lvds-display-kit","26":"pa_uretici-advantech","27":"pa_urun-gruplari-endustriyel-ekranlar","29":"first","30":"outofstock","31":"shipping-taxable","32":"product-type-variable"},"_links":{"self":[{"href":"https:\/\/lima.com.tr\/en\/wp-json\/wp\/v2\/product\/8222","targetHints":{"allow":["GET"]}}],"collection":[{"href":"https:\/\/lima.com.tr\/en\/wp-json\/wp\/v2\/product"}],"about":[{"href":"https:\/\/lima.com.tr\/en\/wp-json\/wp\/v2\/types\/product"}],"version-history":[{"count":1,"href":"https:\/\/lima.com.tr\/en\/wp-json\/wp\/v2\/product\/8222\/revisions"}],"predecessor-version":[{"id":8224,"href":"https:\/\/lima.com.tr\/en\/wp-json\/wp\/v2\/product\/8222\/revisions\/8224"}],"wp:featuredmedia":[{"embeddable":true,"href":"https:\/\/lima.com.tr\/en\/wp-json\/wp\/v2\/media\/8325"}],"wp:attachment":[{"href":"https:\/\/lima.com.tr\/en\/wp-json\/wp\/v2\/media?parent=8222"}],"wp:term":[{"taxonomy":"product_brand","embeddable":true,"href":"https:\/\/lima.com.tr\/en\/wp-json\/wp\/v2\/product_brand?post=8222"},{"taxonomy":"product_cat","embeddable":true,"href":"https:\/\/lima.com.tr\/en\/wp-json\/wp\/v2\/product_cat?post=8222"},{"taxonomy":"product_tag","embeddable":true,"href":"https:\/\/lima.com.tr\/en\/wp-json\/wp\/v2\/product_tag?post=8222"}],"curies":[{"name":"wp","href":"https:\/\/api.w.org\/{rel}","templated":true}]}}