{"id":8147,"date":"2019-08-05T07:59:16","date_gmt":"2019-08-05T07:59:16","guid":{"rendered":"http:\/\/lima.com.tr\/?post_type=product&#038;p=8147"},"modified":"2021-05-22T14:42:12","modified_gmt":"2021-05-22T11:42:12","slug":"idk-1119r-35sxa1e","status":"publish","type":"product","link":"https:\/\/lima.com.tr\/en\/shop\/endustriyel-bilisim\/endustriyel-ekranlar\/lvds-display-kit\/idk-1119r-35sxa1e\/","title":{"rendered":"IDK-1119R-35SXA1E"},"content":{"rendered":"<p><strong>G\u00f6r\u00fc\u015f a\u00e7\u0131s\u0131 (\u00dcst\/Alt\/Sol\/Sa\u011f):<\/strong> 80\u00b0 \/ 80\u00b0 \/ 85\u00b0 \/ 85\u00b0<\/p>\n<p><strong>\u00c7al\u0131\u015fma S\u0131cakl\u0131\u011f\u0131 :<\/strong> 0 ~ 50\u00b0 C<\/p>\n<p><strong>Depolama S\u0131cakl\u0131\u011f\u0131 :<\/strong> -20 ~ 60\u00b0 C<\/p>\n<p><strong>Nem: <\/strong>5 ~ 90% @ 25\u00b0 C<\/p>\n<p><strong>Video Giri\u015f Portlar\u0131 :<\/strong> LVDS<\/p>","protected":false},"excerpt":{"rendered":"<p>19&#8243; SXGA\u00a0 Endustriyel Display Kit, 2\u00a0 kanal LVDS, Rezistif<\/p>","protected":false},"featured_media":8334,"template":"","meta":[],"product_brand":[],"product_cat":[1656,39,1658,112,1675,1644,1642,1695,1673],"product_tag":[45,44,47],"class_list":{"0":"post-8147","1":"product","2":"type-product","3":"status-publish","4":"has-post-thumbnail","6":"product_cat-akilli-sehir-altyapi","7":"product_cat-endustriyel-bilisim","8":"product_cat-endustriyel-ekranlar-akilli-sehir","9":"product_cat-endustriyel-ekranlar","10":"product_cat-endustriyel-ekranlar-uretim","11":"product_cat-endustriyel-ekranlar-guvenlik","12":"product_cat-guvenlik","13":"product_cat-lvds-display-kit","14":"product_cat-uretim","15":"product_tag-akilli-sehir","16":"product_tag-guvenlik","17":"product_tag-uretim","18":"pa_cozumler-ve-urunler-endustriyel-bilisim","19":"pa_cozunurluk-yatay-x-dikey-1280-x-1024","20":"pa_dokunmatik-tipi-rezistif","21":"pa_ekran-boyutu-763","22":"pa_kontrast-orani-859","23":"pa_parlaklik-856","24":"pa_tip-lvds-display-kit","25":"pa_uretici-advantech","26":"pa_urun-gruplari-endustriyel-ekranlar","28":"first","29":"outofstock","30":"shipping-taxable","31":"product-type-variable"},"_links":{"self":[{"href":"https:\/\/lima.com.tr\/en\/wp-json\/wp\/v2\/product\/8147","targetHints":{"allow":["GET"]}}],"collection":[{"href":"https:\/\/lima.com.tr\/en\/wp-json\/wp\/v2\/product"}],"about":[{"href":"https:\/\/lima.com.tr\/en\/wp-json\/wp\/v2\/types\/product"}],"version-history":[{"count":1,"href":"https:\/\/lima.com.tr\/en\/wp-json\/wp\/v2\/product\/8147\/revisions"}],"predecessor-version":[{"id":8149,"href":"https:\/\/lima.com.tr\/en\/wp-json\/wp\/v2\/product\/8147\/revisions\/8149"}],"wp:featuredmedia":[{"embeddable":true,"href":"https:\/\/lima.com.tr\/en\/wp-json\/wp\/v2\/media\/8334"}],"wp:attachment":[{"href":"https:\/\/lima.com.tr\/en\/wp-json\/wp\/v2\/media?parent=8147"}],"wp:term":[{"taxonomy":"product_brand","embeddable":true,"href":"https:\/\/lima.com.tr\/en\/wp-json\/wp\/v2\/product_brand?post=8147"},{"taxonomy":"product_cat","embeddable":true,"href":"https:\/\/lima.com.tr\/en\/wp-json\/wp\/v2\/product_cat?post=8147"},{"taxonomy":"product_tag","embeddable":true,"href":"https:\/\/lima.com.tr\/en\/wp-json\/wp\/v2\/product_tag?post=8147"}],"curies":[{"name":"wp","href":"https:\/\/api.w.org\/{rel}","templated":true}]}}