{"id":8144,"date":"2019-08-05T07:56:57","date_gmt":"2019-08-05T07:56:57","guid":{"rendered":"http:\/\/lima.com.tr\/?post_type=product&#038;p=8144"},"modified":"2021-05-22T14:42:12","modified_gmt":"2021-05-22T11:42:12","slug":"idk-1115p-50xga1e","status":"publish","type":"product","link":"https:\/\/lima.com.tr\/en\/shop\/endustriyel-bilisim\/endustriyel-ekranlar\/lvds-display-kit\/idk-1115p-50xga1e\/","title":{"rendered":"IDK-1115P-50XGA1E"},"content":{"rendered":"<p><strong>G\u00f6r\u00fc\u015f a\u00e7\u0131s\u0131 (\u00dcst\/Alt\/Sol\/Sa\u011f):<\/strong> 88\u00b0 \/ 88\u00b0 \/ 88\u00b0 \/ 88\u00b0<\/p>\n<p><strong>\u00c7al\u0131\u015fma S\u0131cakl\u0131\u011f\u0131 :<\/strong> -20 ~ 70\u00b0 C<\/p>\n<p><strong>Depolama S\u0131cakl\u0131\u011f\u0131 :<\/strong> -30 ~ 80\u00b0 C<\/p>\n<p><strong>Video Giri\u015f Portlar\u0131 :<\/strong> LVDS<\/p>","protected":false},"excerpt":{"rendered":"<p>15&#8243; XGA\u00a0 Endustriyel Display Kit, 1\u00a0 kanal LVDS, Kapasitif<\/p>","protected":false},"featured_media":8335,"template":"","meta":[],"product_brand":[],"product_cat":[39,112,1695,1656,1658,1642,1644,1673,1675],"product_tag":[45,44,47],"class_list":{"0":"post-8144","1":"product","2":"type-product","3":"status-publish","4":"has-post-thumbnail","6":"product_cat-endustriyel-bilisim","7":"product_cat-endustriyel-ekranlar","8":"product_cat-lvds-display-kit","9":"product_cat-akilli-sehir-altyapi","10":"product_cat-endustriyel-ekranlar-akilli-sehir","11":"product_cat-guvenlik","12":"product_cat-endustriyel-ekranlar-guvenlik","13":"product_cat-uretim","14":"product_cat-endustriyel-ekranlar-uretim","15":"product_tag-akilli-sehir","16":"product_tag-guvenlik","17":"product_tag-uretim","18":"pa_cozumler-ve-urunler-endustriyel-bilisim","19":"pa_cozunurluk-yatay-x-dikey-1024-x-768","20":"pa_dokunmatik-tipi-kapasitif","21":"pa_ekran-boyutu-734","22":"pa_kontrast-orani-883","23":"pa_parlaklik-882","24":"pa_tip-lvds-display-kit","25":"pa_uretici-advantech","26":"pa_urun-gruplari-endustriyel-ekranlar","28":"first","29":"outofstock","30":"shipping-taxable","31":"product-type-variable"},"_links":{"self":[{"href":"https:\/\/lima.com.tr\/en\/wp-json\/wp\/v2\/product\/8144","targetHints":{"allow":["GET"]}}],"collection":[{"href":"https:\/\/lima.com.tr\/en\/wp-json\/wp\/v2\/product"}],"about":[{"href":"https:\/\/lima.com.tr\/en\/wp-json\/wp\/v2\/types\/product"}],"version-history":[{"count":1,"href":"https:\/\/lima.com.tr\/en\/wp-json\/wp\/v2\/product\/8144\/revisions"}],"predecessor-version":[{"id":8146,"href":"https:\/\/lima.com.tr\/en\/wp-json\/wp\/v2\/product\/8144\/revisions\/8146"}],"wp:featuredmedia":[{"embeddable":true,"href":"https:\/\/lima.com.tr\/en\/wp-json\/wp\/v2\/media\/8335"}],"wp:attachment":[{"href":"https:\/\/lima.com.tr\/en\/wp-json\/wp\/v2\/media?parent=8144"}],"wp:term":[{"taxonomy":"product_brand","embeddable":true,"href":"https:\/\/lima.com.tr\/en\/wp-json\/wp\/v2\/product_brand?post=8144"},{"taxonomy":"product_cat","embeddable":true,"href":"https:\/\/lima.com.tr\/en\/wp-json\/wp\/v2\/product_cat?post=8144"},{"taxonomy":"product_tag","embeddable":true,"href":"https:\/\/lima.com.tr\/en\/wp-json\/wp\/v2\/product_tag?post=8144"}],"curies":[{"name":"wp","href":"https:\/\/api.w.org\/{rel}","templated":true}]}}