{"id":8108,"date":"2019-08-05T07:20:43","date_gmt":"2019-08-05T07:20:43","guid":{"rendered":"http:\/\/lima.com.tr\/?post_type=product&#038;p=8108"},"modified":"2021-05-22T14:42:16","modified_gmt":"2021-05-22T11:42:16","slug":"idk-1110r-40sva1e","status":"publish","type":"product","link":"https:\/\/lima.com.tr\/en\/shop\/endustriyel-bilisim\/endustriyel-ekranlar\/lvds-display-kit\/idk-1110r-40sva1e\/","title":{"rendered":"IDK-1110R-40SVA1E"},"content":{"rendered":"<p><strong>G\u00f6r\u00fc\u015f a\u00e7\u0131s\u0131 (\u00dcst\/Alt\/Sol\/Sa\u011f):<\/strong> 60\u00b0 \/ 70\u00b0 \/ 80\u00b0 \/ 80\u00b0<\/p>\n<p><strong>\u00c7al\u0131\u015fma S\u0131cakl\u0131\u011f\u0131 :<\/strong> -10 ~ 60\u00b0 C<\/p>\n<p><strong>Depolama S\u0131cakl\u0131\u011f\u0131 :<\/strong> -30 ~ 70\u00b0 C<\/p>\n<p><strong>Nem :<\/strong> 90% @ 39\u00b0 C<\/p>\n<p><strong>Video Giri\u015f Portlar\u0131 :<\/strong> LVDS<\/p>","protected":false},"excerpt":{"rendered":"<p>10.4&#8243; SVGA\u00a0 Endustriyel Display Kit, 1\u00a0 kanal LVDS, Rezistif<\/p>","protected":false},"featured_media":8340,"template":"","meta":[],"product_brand":[],"product_cat":[1656,39,1644,1658,112,1675,1642,1695,1673],"product_tag":[45,44,47],"class_list":{"0":"post-8108","1":"product","2":"type-product","3":"status-publish","4":"has-post-thumbnail","6":"product_cat-akilli-sehir-altyapi","7":"product_cat-endustriyel-bilisim","8":"product_cat-endustriyel-ekranlar-guvenlik","9":"product_cat-endustriyel-ekranlar-akilli-sehir","10":"product_cat-endustriyel-ekranlar","11":"product_cat-endustriyel-ekranlar-uretim","12":"product_cat-guvenlik","13":"product_cat-lvds-display-kit","14":"product_cat-uretim","15":"product_tag-akilli-sehir","16":"product_tag-guvenlik","17":"product_tag-uretim","18":"pa_cozumler-ve-urunler-endustriyel-bilisim","19":"pa_cozunurluk-yatay-x-dikey-800-x-600","20":"pa_dokunmatik-tipi-rezistif","21":"pa_ekran-boyutu-10-4","22":"pa_kontrast-orani-852","23":"pa_parlaklik-855","24":"pa_tip-lvds-display-kit","25":"pa_uretici-advantech","26":"pa_urun-gruplari-endustriyel-ekranlar","28":"first","29":"outofstock","30":"shipping-taxable","31":"product-type-variable"},"_links":{"self":[{"href":"https:\/\/lima.com.tr\/en\/wp-json\/wp\/v2\/product\/8108","targetHints":{"allow":["GET"]}}],"collection":[{"href":"https:\/\/lima.com.tr\/en\/wp-json\/wp\/v2\/product"}],"about":[{"href":"https:\/\/lima.com.tr\/en\/wp-json\/wp\/v2\/types\/product"}],"version-history":[{"count":2,"href":"https:\/\/lima.com.tr\/en\/wp-json\/wp\/v2\/product\/8108\/revisions"}],"predecessor-version":[{"id":8133,"href":"https:\/\/lima.com.tr\/en\/wp-json\/wp\/v2\/product\/8108\/revisions\/8133"}],"wp:featuredmedia":[{"embeddable":true,"href":"https:\/\/lima.com.tr\/en\/wp-json\/wp\/v2\/media\/8340"}],"wp:attachment":[{"href":"https:\/\/lima.com.tr\/en\/wp-json\/wp\/v2\/media?parent=8108"}],"wp:term":[{"taxonomy":"product_brand","embeddable":true,"href":"https:\/\/lima.com.tr\/en\/wp-json\/wp\/v2\/product_brand?post=8108"},{"taxonomy":"product_cat","embeddable":true,"href":"https:\/\/lima.com.tr\/en\/wp-json\/wp\/v2\/product_cat?post=8108"},{"taxonomy":"product_tag","embeddable":true,"href":"https:\/\/lima.com.tr\/en\/wp-json\/wp\/v2\/product_tag?post=8108"}],"curies":[{"name":"wp","href":"https:\/\/api.w.org\/{rel}","templated":true}]}}