{"id":8094,"date":"2019-08-05T07:02:59","date_gmt":"2019-08-05T07:02:59","guid":{"rendered":"http:\/\/lima.com.tr\/?post_type=product&#038;p=8094"},"modified":"2021-05-22T14:42:17","modified_gmt":"2021-05-22T11:42:17","slug":"idk-1110wp-50xga1e-2","status":"publish","type":"product","link":"https:\/\/lima.com.tr\/en\/shop\/endustriyel-bilisim\/endustriyel-ekranlar\/pano-montaj-monitorler\/idk-1110wp-50xga1e-2\/","title":{"rendered":"IDK-1110WP-50XGA1E"},"content":{"rendered":"<p><strong>G\u00f6r\u00fc\u015f a\u00e7\u0131s\u0131 (Yatay\/Dikey):<\/strong> 85\/85<\/p>\n<p><strong>\u00c7al\u0131\u015fma S\u0131cakl\u0131\u011f\u0131 : <\/strong>-20 ~ 65\u00b0 C<\/p>\n<p><strong>Depolama S\u0131cakl\u0131\u011f\u0131 :<\/strong> -25 ~ 70\u00b0 C<\/p>\n<p><strong>Video Giri\u015f Portlar\u0131 :<\/strong> LVDS<\/p>","protected":false},"excerpt":{"rendered":"<p>10.1 &#8221; WXGA\u00a0 Endustriyel Display Kit,\u00a0 LVDSi, Kapasitif<\/p>","protected":false},"featured_media":8342,"template":"","meta":[],"product_brand":[],"product_cat":[1656,39,1675,1644,1658,112,1642,114,1673],"product_tag":[45,44,47],"class_list":{"0":"post-8094","1":"product","2":"type-product","3":"status-publish","4":"has-post-thumbnail","6":"product_cat-akilli-sehir-altyapi","7":"product_cat-endustriyel-bilisim","8":"product_cat-endustriyel-ekranlar-uretim","9":"product_cat-endustriyel-ekranlar-guvenlik","10":"product_cat-endustriyel-ekranlar-akilli-sehir","11":"product_cat-endustriyel-ekranlar","12":"product_cat-guvenlik","13":"product_cat-pano-montaj-monitorler","14":"product_cat-uretim","15":"product_tag-akilli-sehir","16":"product_tag-guvenlik","17":"product_tag-uretim","18":"pa_cozumler-ve-urunler-endustriyel-bilisim","19":"pa_cozunurluk-yatay-x-dikey-1280-x-800","20":"pa_dokunmatik-tipi-kapasitif","21":"pa_ekran-boyutu-10-1","22":"pa_kontrast-orani-865","23":"pa_parlaklik-882","24":"pa_tip-lvds-display-kit","25":"pa_uretici-advantech","26":"pa_urun-gruplari-endustriyel-ekranlar","28":"first","29":"outofstock","30":"shipping-taxable","31":"product-type-variable"},"_links":{"self":[{"href":"https:\/\/lima.com.tr\/en\/wp-json\/wp\/v2\/product\/8094","targetHints":{"allow":["GET"]}}],"collection":[{"href":"https:\/\/lima.com.tr\/en\/wp-json\/wp\/v2\/product"}],"about":[{"href":"https:\/\/lima.com.tr\/en\/wp-json\/wp\/v2\/types\/product"}],"version-history":[{"count":2,"href":"https:\/\/lima.com.tr\/en\/wp-json\/wp\/v2\/product\/8094\/revisions"}],"predecessor-version":[{"id":8128,"href":"https:\/\/lima.com.tr\/en\/wp-json\/wp\/v2\/product\/8094\/revisions\/8128"}],"wp:featuredmedia":[{"embeddable":true,"href":"https:\/\/lima.com.tr\/en\/wp-json\/wp\/v2\/media\/8342"}],"wp:attachment":[{"href":"https:\/\/lima.com.tr\/en\/wp-json\/wp\/v2\/media?parent=8094"}],"wp:term":[{"taxonomy":"product_brand","embeddable":true,"href":"https:\/\/lima.com.tr\/en\/wp-json\/wp\/v2\/product_brand?post=8094"},{"taxonomy":"product_cat","embeddable":true,"href":"https:\/\/lima.com.tr\/en\/wp-json\/wp\/v2\/product_cat?post=8094"},{"taxonomy":"product_tag","embeddable":true,"href":"https:\/\/lima.com.tr\/en\/wp-json\/wp\/v2\/product_tag?post=8094"}],"curies":[{"name":"wp","href":"https:\/\/api.w.org\/{rel}","templated":true}]}}