{"id":8085,"date":"2019-08-05T06:46:19","date_gmt":"2019-08-05T06:46:19","guid":{"rendered":"http:\/\/lima.com.tr\/?post_type=product&#038;p=8085"},"modified":"2021-05-22T14:42:20","modified_gmt":"2021-05-22T11:42:20","slug":"idk-1107wr-40wva1e","status":"publish","type":"product","link":"https:\/\/lima.com.tr\/en\/shop\/endustriyel-bilisim\/endustriyel-ekranlar\/lvds-display-kit\/idk-1107wr-40wva1e\/","title":{"rendered":"IDK-1107WR-40WVA1E"},"content":{"rendered":"<p><strong>G\u00f6r\u00fc\u015f a\u00e7\u0131s\u0131 (Yatay\/Dikey):<\/strong> 80\/80<\/p>\n<p><strong>\u00c7al\u0131\u015fma S\u0131cakl\u0131\u011f\u0131 : &#8211;<\/strong>5 ~ 60\u00b0 C<\/p>\n<p><strong>Depolama S\u0131cakl\u0131\u011f\u0131 :<\/strong> -30 ~ 70\u00b0 C<\/p>\n<p><strong>Nem :<\/strong> 90% @ Max. 38\u00b0 C<\/p>\n<p><strong>Video Giri\u015f Portlar\u0131 :<\/strong> LVDS<\/p>","protected":false},"excerpt":{"rendered":"<p>7&#8243; WVGA\u00a0 Endustriyel Display Kit, 1\u00a0 kanal LVDS, Rezistif<\/p>","protected":false},"featured_media":8345,"template":"","meta":[],"product_brand":[],"product_cat":[1656,39,112,1658,1634,1675,1644,1642,1695,1626,1673],"product_tag":[45,44,47],"class_list":{"0":"post-8085","1":"product","2":"type-product","3":"status-publish","4":"has-post-thumbnail","6":"product_cat-akilli-sehir-altyapi","7":"product_cat-endustriyel-bilisim","8":"product_cat-endustriyel-ekranlar","9":"product_cat-endustriyel-ekranlar-akilli-sehir","10":"product_cat-endustriyel-ekranlar-ulasim","11":"product_cat-endustriyel-ekranlar-uretim","12":"product_cat-endustriyel-ekranlar-guvenlik","13":"product_cat-guvenlik","14":"product_cat-lvds-display-kit","15":"product_cat-ulasim","16":"product_cat-uretim","17":"product_tag-akilli-sehir","18":"product_tag-guvenlik","19":"product_tag-uretim","20":"pa_cozumler-ve-urunler-endustriyel-bilisim","21":"pa_cozunurluk-yatay-x-dikey-800-x-480","22":"pa_dokunmatik-tipi-rezistif","23":"pa_ekran-boyutu-1093","24":"pa_kontrast-orani-859","25":"pa_parlaklik-855","26":"pa_tip-lvds-display-kit","27":"pa_uretici-advantech","28":"pa_urun-gruplari-endustriyel-ekranlar","30":"first","31":"outofstock","32":"shipping-taxable","33":"product-type-variable"},"_links":{"self":[{"href":"https:\/\/lima.com.tr\/en\/wp-json\/wp\/v2\/product\/8085","targetHints":{"allow":["GET"]}}],"collection":[{"href":"https:\/\/lima.com.tr\/en\/wp-json\/wp\/v2\/product"}],"about":[{"href":"https:\/\/lima.com.tr\/en\/wp-json\/wp\/v2\/types\/product"}],"version-history":[{"count":3,"href":"https:\/\/lima.com.tr\/en\/wp-json\/wp\/v2\/product\/8085\/revisions"}],"predecessor-version":[{"id":12051,"href":"https:\/\/lima.com.tr\/en\/wp-json\/wp\/v2\/product\/8085\/revisions\/12051"}],"wp:featuredmedia":[{"embeddable":true,"href":"https:\/\/lima.com.tr\/en\/wp-json\/wp\/v2\/media\/8345"}],"wp:attachment":[{"href":"https:\/\/lima.com.tr\/en\/wp-json\/wp\/v2\/media?parent=8085"}],"wp:term":[{"taxonomy":"product_brand","embeddable":true,"href":"https:\/\/lima.com.tr\/en\/wp-json\/wp\/v2\/product_brand?post=8085"},{"taxonomy":"product_cat","embeddable":true,"href":"https:\/\/lima.com.tr\/en\/wp-json\/wp\/v2\/product_cat?post=8085"},{"taxonomy":"product_tag","embeddable":true,"href":"https:\/\/lima.com.tr\/en\/wp-json\/wp\/v2\/product_tag?post=8085"}],"curies":[{"name":"wp","href":"https:\/\/api.w.org\/{rel}","templated":true}]}}