{"id":7502,"date":"2019-07-24T14:35:35","date_gmt":"2019-07-24T14:35:35","guid":{"rendered":"http:\/\/lima.com.tr\/?post_type=product&#038;p=7502"},"modified":"2021-05-22T14:42:27","modified_gmt":"2021-05-22T11:42:27","slug":"som-3569cn0cb-s3a1","status":"publish","type":"product","link":"https:\/\/lima.com.tr\/en\/shop\/endustriyel-bilisim\/islemci-modulleri\/qseven\/som-3569cn0cb-s3a1\/","title":{"rendered":"SOM-3569CN0CB-S3A1"},"content":{"rendered":"<p><strong>Geni\u015fleme Se\u00e7enekleri : <\/strong>4\u00a0x PCIe x1<strong>, <\/strong>Audio Interface, LPC,SMBus, I2C Bus<\/p>\n<p><strong>\u00c7al\u0131\u015fma S\u0131cakl\u0131\u011f\u0131 :<\/strong> 0 ~ 60\u00b0C<\/p>\n<p><strong>Nem :<\/strong> 10 ~ 95% @ 40 \u00b0C<\/p>\n<p><strong>\u0130\u015fletim Sistemi : <\/strong>Windows,Linux<\/p>\n<p>&nbsp;<\/p>\n<p>&nbsp;<\/p>","protected":false},"excerpt":{"rendered":"<p>Qseven Module, Intel Atom X5-E3930 CPU, 4GB RAM, 1 x Gb LAN, 8xUSB2.0, 1x USB3.0, 2xCOM, 2xSATA, 4xPCIex1, 1xDDI, 1xLVDS, CANBus, \u00c7ift ba\u011f\u0131ms\u0131z monit\u00f6r, 0 ~ 60\u00b0C<\/p>","protected":false},"featured_media":8460,"template":"","meta":[],"product_brand":[],"product_cat":[1656,39,1642,1686,1655,116,1669,121,1684],"product_tag":[45,44,46],"class_list":{"0":"post-7502","1":"product","2":"type-product","3":"status-publish","4":"has-post-thumbnail","6":"product_cat-akilli-sehir-altyapi","7":"product_cat-endustriyel-bilisim","8":"product_cat-guvenlik","9":"product_cat-islemci-modulleri-savunma","10":"product_cat-islemci-modulleri-guvenlik","11":"product_cat-islemci-modulleri","12":"product_cat-islemci-modulleri-akilli-sehir","13":"product_cat-qseven","14":"product_cat-savunma","15":"product_tag-akilli-sehir","16":"product_tag-guvenlik","17":"product_tag-savunma","18":"pa_audio-hda","19":"pa_calisma-sicakligi-0-60-c","20":"pa_cozumler-ve-urunler-endustriyel-bilisim","21":"pa_depolama-secenekleri-2-x-sata","22":"pa_digital-i-o-yok","23":"pa_gb-lan-1-adet","24":"pa_grafik-cikisi-1-x-ddi","25":"pa_grafik-cikisi-1-x-lvds","26":"pa_islemci-frekansi-1-30-ghz","27":"pa_islemci-modeli-intel-atom-e3930-dual-core","28":"pa_islemci-sinifi-intel-atom-celeron","29":"pa_modul-tipi-qseven","30":"pa_ram-maks-8-gb","31":"pa_ramtakili-4-gb","32":"pa_rs-232-2-adet","33":"pa_uretici-advantech","34":"pa_urun-gruplari-islemci-modulleri","35":"pa_usb-2-0-8-adet","36":"pa_usb-3-0-1-adet","38":"first","39":"outofstock","40":"shipping-taxable","41":"product-type-variable"},"_links":{"self":[{"href":"https:\/\/lima.com.tr\/en\/wp-json\/wp\/v2\/product\/7502","targetHints":{"allow":["GET"]}}],"collection":[{"href":"https:\/\/lima.com.tr\/en\/wp-json\/wp\/v2\/product"}],"about":[{"href":"https:\/\/lima.com.tr\/en\/wp-json\/wp\/v2\/types\/product"}],"version-history":[{"count":1,"href":"https:\/\/lima.com.tr\/en\/wp-json\/wp\/v2\/product\/7502\/revisions"}],"predecessor-version":[{"id":7503,"href":"https:\/\/lima.com.tr\/en\/wp-json\/wp\/v2\/product\/7502\/revisions\/7503"}],"wp:featuredmedia":[{"embeddable":true,"href":"https:\/\/lima.com.tr\/en\/wp-json\/wp\/v2\/media\/8460"}],"wp:attachment":[{"href":"https:\/\/lima.com.tr\/en\/wp-json\/wp\/v2\/media?parent=7502"}],"wp:term":[{"taxonomy":"product_brand","embeddable":true,"href":"https:\/\/lima.com.tr\/en\/wp-json\/wp\/v2\/product_brand?post=7502"},{"taxonomy":"product_cat","embeddable":true,"href":"https:\/\/lima.com.tr\/en\/wp-json\/wp\/v2\/product_cat?post=7502"},{"taxonomy":"product_tag","embeddable":true,"href":"https:\/\/lima.com.tr\/en\/wp-json\/wp\/v2\/product_tag?post=7502"}],"curies":[{"name":"wp","href":"https:\/\/api.w.org\/{rel}","templated":true}]}}