{"id":7483,"date":"2019-07-24T12:32:06","date_gmt":"2019-07-24T12:32:06","guid":{"rendered":"http:\/\/lima.com.tr\/?post_type=product&#038;p=7483"},"modified":"2021-05-22T14:42:31","modified_gmt":"2021-05-22T11:42:31","slug":"som-3568bm0c-s5a1e","status":"publish","type":"product","link":"https:\/\/lima.com.tr\/en\/shop\/endustriyel-bilisim\/islemci-modulleri\/qseven\/som-3568bm0c-s5a1e\/","title":{"rendered":"SOM-3568BM0C-S5A1E"},"content":{"rendered":"<p><strong>Geni\u015fleme Se\u00e7enekleri : <\/strong>3 x PCIe x1<strong>, <\/strong>Audio Interface, LPC,SMBus, I2C Bus<\/p>\n<p><strong>\u00c7al\u0131\u015fma S\u0131cakl\u0131\u011f\u0131 :<\/strong> 0 ~ 60\u00b0C<\/p>\n<p><strong>Nem :<\/strong> 10 ~ 95% @ 40 \u00b0C<\/p>\n<p><strong>\u0130\u015fletim Sistemi : <\/strong>Windows,Linux<\/p>\n<p>&nbsp;<\/p>\n<p>&nbsp;<\/p>","protected":false},"excerpt":{"rendered":"<p>Qseven Module, Intel Pentium N3060 CPU, 2GB RAM, 1 x Gb LAN, 5xUSB2.0, 2x USB3.0, 2xCOM, 2xSATA, 3xPCIex1, 2xDDI, 1xLVDS, 3 ba\u011f\u0131ms\u0131z monit\u00f6r, 0 ~ 60\u00b0C<\/p>","protected":false},"featured_media":8461,"template":"","meta":[],"product_brand":[],"product_cat":[1656,39,1642,1686,1655,116,1669,121,1684],"product_tag":[45,44,46],"class_list":{"0":"post-7483","1":"product","2":"type-product","3":"status-publish","4":"has-post-thumbnail","6":"product_cat-akilli-sehir-altyapi","7":"product_cat-endustriyel-bilisim","8":"product_cat-guvenlik","9":"product_cat-islemci-modulleri-savunma","10":"product_cat-islemci-modulleri-guvenlik","11":"product_cat-islemci-modulleri","12":"product_cat-islemci-modulleri-akilli-sehir","13":"product_cat-qseven","14":"product_cat-savunma","15":"product_tag-akilli-sehir","16":"product_tag-guvenlik","17":"product_tag-savunma","18":"pa_audio-hda","19":"pa_calisma-sicakligi-0-60-c","20":"pa_cozumler-ve-urunler-endustriyel-bilisim","21":"pa_depolama-secenekleri-2-x-sata","22":"pa_digital-i-o-yok","23":"pa_gb-lan-1-adet","24":"pa_grafik-cikisi-1-x-lvds","25":"pa_grafik-cikisi-2-x-ddi","26":"pa_islemci-frekansi-1-6-ghz","27":"pa_islemci-modeli-intel-celeron-n3060-dual-core","28":"pa_islemci-sinifi-intel-atom-celeron","29":"pa_modul-tipi-qseven","30":"pa_ram-maks-8-gb","31":"pa_ramtakili-2-gb","32":"pa_rs-232-2-adet","33":"pa_uretici-advantech","34":"pa_urun-gruplari-islemci-modulleri","35":"pa_usb-2-0-5-adet","36":"pa_usb-3-0-2-adet","38":"first","39":"outofstock","40":"shipping-taxable","41":"product-type-variable"},"_links":{"self":[{"href":"https:\/\/lima.com.tr\/en\/wp-json\/wp\/v2\/product\/7483","targetHints":{"allow":["GET"]}}],"collection":[{"href":"https:\/\/lima.com.tr\/en\/wp-json\/wp\/v2\/product"}],"about":[{"href":"https:\/\/lima.com.tr\/en\/wp-json\/wp\/v2\/types\/product"}],"version-history":[{"count":1,"href":"https:\/\/lima.com.tr\/en\/wp-json\/wp\/v2\/product\/7483\/revisions"}],"predecessor-version":[{"id":7485,"href":"https:\/\/lima.com.tr\/en\/wp-json\/wp\/v2\/product\/7483\/revisions\/7485"}],"wp:featuredmedia":[{"embeddable":true,"href":"https:\/\/lima.com.tr\/en\/wp-json\/wp\/v2\/media\/8461"}],"wp:attachment":[{"href":"https:\/\/lima.com.tr\/en\/wp-json\/wp\/v2\/media?parent=7483"}],"wp:term":[{"taxonomy":"product_brand","embeddable":true,"href":"https:\/\/lima.com.tr\/en\/wp-json\/wp\/v2\/product_brand?post=7483"},{"taxonomy":"product_cat","embeddable":true,"href":"https:\/\/lima.com.tr\/en\/wp-json\/wp\/v2\/product_cat?post=7483"},{"taxonomy":"product_tag","embeddable":true,"href":"https:\/\/lima.com.tr\/en\/wp-json\/wp\/v2\/product_tag?post=7483"}],"curies":[{"name":"wp","href":"https:\/\/api.w.org\/{rel}","templated":true}]}}