{"id":7440,"date":"2019-07-24T11:31:33","date_gmt":"2019-07-24T11:31:33","guid":{"rendered":"http:\/\/lima.com.tr\/?post_type=product&#038;p=7440"},"modified":"2021-05-22T14:42:40","modified_gmt":"2021-05-22T11:42:40","slug":"som-4466t-m0a1e","status":"publish","type":"product","link":"https:\/\/lima.com.tr\/en\/shop\/endustriyel-bilisim\/islemci-modulleri\/etx\/som-4466t-m0a1e\/","title":{"rendered":"SOM-4466T-M0A1E"},"content":{"rendered":"<p><strong>Geni\u015fleme Se\u00e7enekleri :<\/strong> 4 x PCI Master , ISA, SMBus, I2C<\/p>\n<p><strong>\u00c7al\u0131\u015fma S\u0131cakl\u0131\u011f\u0131 :<\/strong> 0 ~ 60\u00b0C<\/p>\n<p><strong>Nem :<\/strong> 10 ~ 95% @ 40 \u00b0C<\/p>\n<p><strong>\u0130\u015fletim Sistemi : <\/strong>Windows,Linux<\/p>\n<p>&nbsp;<\/p>\n<p>&nbsp;<\/p>","protected":false},"excerpt":{"rendered":"<p>ETX Module, AMD G-Series T16R CPU,\u00a0 1 x 10\/100 Mbps LAN, 4xUSB2.0, 2xCOM, 2 x IDE, 2xSATA, 1xmSATA, 4xPCI, 1xVGA, 1xTTL LCD, \u00c7ift ba\u011f\u0131ms\u0131z monit\u00f6r, 0 ~ 60\u00b0C<\/p>","protected":false},"featured_media":8463,"template":"","meta":[],"product_brand":[],"product_cat":[1656,39,123,1642,1669,116,1686,1655,1684],"product_tag":[45,44,46],"class_list":{"0":"post-7440","1":"product","2":"type-product","3":"status-publish","4":"has-post-thumbnail","6":"product_cat-akilli-sehir-altyapi","7":"product_cat-endustriyel-bilisim","8":"product_cat-etx","9":"product_cat-guvenlik","10":"product_cat-islemci-modulleri-akilli-sehir","11":"product_cat-islemci-modulleri","12":"product_cat-islemci-modulleri-savunma","13":"product_cat-islemci-modulleri-guvenlik","14":"product_cat-savunma","15":"product_tag-akilli-sehir","16":"product_tag-guvenlik","17":"product_tag-savunma","18":"pa_10-100-mpbs-lan-1-adet","19":"pa_audio-line-in","20":"pa_audio-line-out","21":"pa_audio-mic-in","22":"pa_calisma-sicakligi-0-60-c","23":"pa_chipset-a55e","24":"pa_cozumler-ve-urunler-endustriyel-bilisim","25":"pa_depolama-secenekleri-1-x-hs-msata","26":"pa_depolama-secenekleri-2-x-ide","27":"pa_depolama-secenekleri-2-x-sata","28":"pa_digital-i-o-1-bit","29":"pa_grafik-cikisi-1-x-ttl-lcd","30":"pa_grafik-cikisi-1-x-vga","31":"pa_islemci-frekansi-615-mhz","32":"pa_islemci-modeli-amd-g-series-t16r","33":"pa_islemci-sinifi-amd","34":"pa_modul-tipi-etx","35":"pa_ram-maks-4-gb","36":"pa_rs-232-2-adet","37":"pa_uretici-advantech","38":"pa_urun-gruplari-islemci-modulleri","39":"pa_usb-2-0-4-adet","41":"first","42":"outofstock","43":"shipping-taxable","44":"product-type-variable"},"_links":{"self":[{"href":"https:\/\/lima.com.tr\/en\/wp-json\/wp\/v2\/product\/7440","targetHints":{"allow":["GET"]}}],"collection":[{"href":"https:\/\/lima.com.tr\/en\/wp-json\/wp\/v2\/product"}],"about":[{"href":"https:\/\/lima.com.tr\/en\/wp-json\/wp\/v2\/types\/product"}],"version-history":[{"count":1,"href":"https:\/\/lima.com.tr\/en\/wp-json\/wp\/v2\/product\/7440\/revisions"}],"predecessor-version":[{"id":7442,"href":"https:\/\/lima.com.tr\/en\/wp-json\/wp\/v2\/product\/7440\/revisions\/7442"}],"wp:featuredmedia":[{"embeddable":true,"href":"https:\/\/lima.com.tr\/en\/wp-json\/wp\/v2\/media\/8463"}],"wp:attachment":[{"href":"https:\/\/lima.com.tr\/en\/wp-json\/wp\/v2\/media?parent=7440"}],"wp:term":[{"taxonomy":"product_brand","embeddable":true,"href":"https:\/\/lima.com.tr\/en\/wp-json\/wp\/v2\/product_brand?post=7440"},{"taxonomy":"product_cat","embeddable":true,"href":"https:\/\/lima.com.tr\/en\/wp-json\/wp\/v2\/product_cat?post=7440"},{"taxonomy":"product_tag","embeddable":true,"href":"https:\/\/lima.com.tr\/en\/wp-json\/wp\/v2\/product_tag?post=7440"}],"curies":[{"name":"wp","href":"https:\/\/api.w.org\/{rel}","templated":true}]}}