{"id":7042,"date":"2019-07-23T14:44:53","date_gmt":"2019-07-23T14:44:53","guid":{"rendered":"http:\/\/lima.com.tr\/?post_type=product&#038;p=7042"},"modified":"2021-05-22T14:42:42","modified_gmt":"2021-05-22T11:42:42","slug":"som-4455rl-l0a2e","status":"publish","type":"product","link":"https:\/\/lima.com.tr\/en\/shop\/endustriyel-bilisim\/islemci-modulleri\/etx\/som-4455rl-l0a2e\/","title":{"rendered":"SOM-4455ZRL-L0A2E"},"content":{"rendered":"<p><strong>Geni\u015fleme Se\u00e7enekleri :<\/strong> PCI Master , ISA, SMBus, I2C<\/p>\n<p><strong>\u00c7al\u0131\u015fma S\u0131cakl\u0131\u011f\u0131 :<\/strong> -20 ~ 80\u00b0C<\/p>\n<p><strong>Nem :<\/strong> 10 ~ 95% @ 40 \u00b0C<\/p>\n<p><strong>\u0130\u015fletim Sistemi : <\/strong>Windows,Linux,QNX<\/p>\n<p>&nbsp;<\/p>\n<p>&nbsp;<\/p>","protected":false},"excerpt":{"rendered":"<p>ETX Module, AMD Geode LX800 CPU,\u00a0 1 x 10\/100 Mbps LAN, 4xUSB2.0, 2xCOM, 1 x IDE, 4xPCI, 1xLVDS, 1xVGA, 2 ba\u011f\u0131ms\u0131z monit\u00f6r,-20 ~ 80\u00b0C<\/p>","protected":false},"featured_media":7972,"template":"","meta":[],"product_brand":[],"product_cat":[1656,39,123,1642,1655,116,1669,1686,1684],"product_tag":[45,44,46],"class_list":{"0":"post-7042","1":"product","2":"type-product","3":"status-publish","4":"has-post-thumbnail","6":"product_cat-akilli-sehir-altyapi","7":"product_cat-endustriyel-bilisim","8":"product_cat-etx","9":"product_cat-guvenlik","10":"product_cat-islemci-modulleri-guvenlik","11":"product_cat-islemci-modulleri","12":"product_cat-islemci-modulleri-akilli-sehir","13":"product_cat-islemci-modulleri-savunma","14":"product_cat-savunma","15":"product_tag-akilli-sehir","16":"product_tag-guvenlik","17":"product_tag-savunma","18":"pa_10-100-mpbs-lan-1-adet","19":"pa_audio-line-out-mic-in","20":"pa_calisma-sicakligi-20-80-c","21":"pa_chipset-cs5536","22":"pa_cozumler-ve-urunler-endustriyel-bilisim","23":"pa_depolama-secenekleri-1-x-ide","24":"pa_digital-i-o-1-bit","25":"pa_grafik-cikisi-1-x-lvds","26":"pa_grafik-cikisi-1-x-vga","27":"pa_islemci-frekansi-800-mhz","28":"pa_islemci-modeli-amd-geode-lx800","29":"pa_islemci-sinifi-amd","30":"pa_modul-tipi-etx","31":"pa_ram-maks-1-gb","32":"pa_rs-232-2-adet","33":"pa_uretici-advantech","34":"pa_urun-gruplari-islemci-modulleri","35":"pa_usb-2-0-4-adet","37":"first","38":"outofstock","39":"shipping-taxable","40":"product-type-variable"},"_links":{"self":[{"href":"https:\/\/lima.com.tr\/en\/wp-json\/wp\/v2\/product\/7042","targetHints":{"allow":["GET"]}}],"collection":[{"href":"https:\/\/lima.com.tr\/en\/wp-json\/wp\/v2\/product"}],"about":[{"href":"https:\/\/lima.com.tr\/en\/wp-json\/wp\/v2\/types\/product"}],"version-history":[{"count":4,"href":"https:\/\/lima.com.tr\/en\/wp-json\/wp\/v2\/product\/7042\/revisions"}],"predecessor-version":[{"id":7057,"href":"https:\/\/lima.com.tr\/en\/wp-json\/wp\/v2\/product\/7042\/revisions\/7057"}],"wp:featuredmedia":[{"embeddable":true,"href":"https:\/\/lima.com.tr\/en\/wp-json\/wp\/v2\/media\/7972"}],"wp:attachment":[{"href":"https:\/\/lima.com.tr\/en\/wp-json\/wp\/v2\/media?parent=7042"}],"wp:term":[{"taxonomy":"product_brand","embeddable":true,"href":"https:\/\/lima.com.tr\/en\/wp-json\/wp\/v2\/product_brand?post=7042"},{"taxonomy":"product_cat","embeddable":true,"href":"https:\/\/lima.com.tr\/en\/wp-json\/wp\/v2\/product_cat?post=7042"},{"taxonomy":"product_tag","embeddable":true,"href":"https:\/\/lima.com.tr\/en\/wp-json\/wp\/v2\/product_tag?post=7042"}],"curies":[{"name":"wp","href":"https:\/\/api.w.org\/{rel}","templated":true}]}}