{"id":7025,"date":"2019-07-23T12:58:12","date_gmt":"2019-07-23T12:58:12","guid":{"rendered":"http:\/\/lima.com.tr\/?post_type=product&#038;p=7025"},"modified":"2021-05-22T14:42:45","modified_gmt":"2021-05-22T11:42:45","slug":"som-7569bcbxc-s5b1","status":"publish","type":"product","link":"https:\/\/lima.com.tr\/en\/shop\/endustriyel-bilisim\/islemci-modulleri\/comexpress\/mini\/som-7569bcbxc-s5b1\/","title":{"rendered":"SOM-7569BCBXC-S5B1"},"content":{"rendered":"<p><strong>Geni\u015fleme Se\u00e7enekleri :<\/strong>\u00a0 4x PCIe x1 , LPC, HD Audio<\/p>\n<p><strong>\u00c7al\u0131\u015fma S\u0131cakl\u0131\u011f\u0131 :<\/strong> -40 ~ 85\u00b0C<\/p>\n<p><strong>Nem :<\/strong> 10 ~ 95% @ 40 \u00b0C<\/p>\n<p><strong>\u0130\u015fletim Sistemi : <\/strong>Windows,Linux<\/p>\n<p><strong>Di\u011fer :<\/strong> CANBus (opsiyonel), TPM 2.0, ECC RAM<\/p>\n<p>&nbsp;<\/p>","protected":false},"excerpt":{"rendered":"<p>COM Express Mini Module, Type 10 Pin-out, Intel Atom X5-E3940 CPU, 4GB ECC RAM, 32GB eMMC, 1xGbE, 2xUSB 3.0, 8xUSB2.0, 2xCOM, GPIO, 4xPCIex1, 1xLVDS, 1xDDI, 2 ba\u011f\u0131ms\u0131z monit\u00f6r,-40~85C<\/p>","protected":false},"featured_media":8464,"template":"","meta":[],"product_brand":[],"product_cat":[1656,117,39,1642,1655,1669,116,1686,118,1684],"product_tag":[45,44,46],"class_list":{"0":"post-7025","1":"product","2":"type-product","3":"status-publish","4":"has-post-thumbnail","6":"product_cat-akilli-sehir-altyapi","7":"product_cat-comexpress","8":"product_cat-endustriyel-bilisim","9":"product_cat-guvenlik","10":"product_cat-islemci-modulleri-guvenlik","11":"product_cat-islemci-modulleri-akilli-sehir","12":"product_cat-islemci-modulleri","13":"product_cat-islemci-modulleri-savunma","14":"product_cat-mini","15":"product_cat-savunma","16":"product_tag-akilli-sehir","17":"product_tag-guvenlik","18":"product_tag-savunma","19":"pa_audio-hda","20":"pa_calisma-sicakligi-40-85-c","21":"pa_cozumler-ve-urunler-endustriyel-bilisim","22":"pa_depolama-secenekleri-2-x-sata-iii","23":"pa_digital-i-o-8-bit","24":"pa_gb-lan-1-adet","25":"pa_grafik-cikisi-1-x-ddi","26":"pa_grafik-cikisi-1-x-lvds","27":"pa_islemci-frekansi-1-6-ghz","28":"pa_islemci-modeli-intel-atom-e3940-quad-core","29":"pa_islemci-sinifi-intel-atom-celeron","30":"pa_modul-tipi-com-express-mini","31":"pa_pin-out-type-type-10","32":"pa_ram-maks-4-gb","33":"pa_ramtakili-4-gb","34":"pa_rs-232-2-adet","35":"pa_tumlesik-flash-32-gb","36":"pa_uretici-advantech","37":"pa_urun-gruplari-islemci-modulleri","38":"pa_usb-2-0-8-adet","39":"pa_usb-3-0-2-adet","41":"first","42":"outofstock","43":"shipping-taxable","44":"product-type-variable"},"_links":{"self":[{"href":"https:\/\/lima.com.tr\/en\/wp-json\/wp\/v2\/product\/7025","targetHints":{"allow":["GET"]}}],"collection":[{"href":"https:\/\/lima.com.tr\/en\/wp-json\/wp\/v2\/product"}],"about":[{"href":"https:\/\/lima.com.tr\/en\/wp-json\/wp\/v2\/types\/product"}],"version-history":[{"count":1,"href":"https:\/\/lima.com.tr\/en\/wp-json\/wp\/v2\/product\/7025\/revisions"}],"predecessor-version":[{"id":7026,"href":"https:\/\/lima.com.tr\/en\/wp-json\/wp\/v2\/product\/7025\/revisions\/7026"}],"wp:featuredmedia":[{"embeddable":true,"href":"https:\/\/lima.com.tr\/en\/wp-json\/wp\/v2\/media\/8464"}],"wp:attachment":[{"href":"https:\/\/lima.com.tr\/en\/wp-json\/wp\/v2\/media?parent=7025"}],"wp:term":[{"taxonomy":"product_brand","embeddable":true,"href":"https:\/\/lima.com.tr\/en\/wp-json\/wp\/v2\/product_brand?post=7025"},{"taxonomy":"product_cat","embeddable":true,"href":"https:\/\/lima.com.tr\/en\/wp-json\/wp\/v2\/product_cat?post=7025"},{"taxonomy":"product_tag","embeddable":true,"href":"https:\/\/lima.com.tr\/en\/wp-json\/wp\/v2\/product_tag?post=7025"}],"curies":[{"name":"wp","href":"https:\/\/api.w.org\/{rel}","templated":true}]}}