{"id":6992,"date":"2019-07-23T11:54:43","date_gmt":"2019-07-23T11:54:43","guid":{"rendered":"http:\/\/lima.com.tr\/?post_type=product&#038;p=6992"},"modified":"2021-05-22T14:42:53","modified_gmt":"2021-05-22T11:42:53","slug":"som-7567bs0cb-s7a1","status":"publish","type":"product","link":"https:\/\/lima.com.tr\/en\/shop\/endustriyel-bilisim\/islemci-modulleri\/comexpress\/mini\/som-7567bs0cb-s7a1\/","title":{"rendered":"SOM-7567BS0CB-S7A1"},"content":{"rendered":"<p><strong>Geni\u015fleme Se\u00e7enekleri :<\/strong>\u00a0 3 PCIe x1 , LPC, HD Audio, 2 x Express Card<\/p>\n<p><strong>\u00c7al\u0131\u015fma S\u0131cakl\u0131\u011f\u0131 :<\/strong> 0 ~ 60\u00b0C<\/p>\n<p><strong>Nem :<\/strong> 10 ~ 95% @ 40 \u00b0C<\/p>\n<p><strong>\u0130\u015fletim Sistemi : <\/strong>Windows,Linux<\/p>\n<p>&nbsp;<\/p>","protected":false},"excerpt":{"rendered":"<p>COM Express Mini Module, Type 10 Pin-out, Intel Atom E3827 CPU, 2GB RAM,\u00a0 1xGbE, 1xUSB 3.0, 4xUSB2.0, 2xCOM, GPIO, 3xPCIex1, 1xLVDS, 1xDDI, 2 ba\u011f\u0131ms\u0131z monit\u00f6r,0~60C<\/p>","protected":false},"featured_media":8466,"template":"","meta":[],"product_brand":[],"product_cat":[117,39,116,118],"product_tag":[45,44,46],"class_list":{"0":"post-6992","1":"product","2":"type-product","3":"status-publish","4":"has-post-thumbnail","6":"product_cat-comexpress","7":"product_cat-endustriyel-bilisim","8":"product_cat-islemci-modulleri","9":"product_cat-mini","10":"product_tag-akilli-sehir","11":"product_tag-guvenlik","12":"product_tag-savunma","13":"pa_audio-hda","14":"pa_calisma-sicakligi-0-60-c","15":"pa_cozumler-ve-urunler-endustriyel-bilisim","16":"pa_depolama-secenekleri-1-x-sata-iii","17":"pa_digital-i-o-8-bit","18":"pa_gb-lan-1-adet","19":"pa_grafik-cikisi-1-x-ddi","20":"pa_grafik-cikisi-1-x-lvds","21":"pa_islemci-frekansi-1-75-ghz","22":"pa_islemci-modeli-intel-atom-e3827-dual-core","23":"pa_islemci-sinifi-intel-atom-celeron","24":"pa_modul-tipi-com-express-mini","25":"pa_pin-out-type-type-10","26":"pa_ram-maks-2-gb","27":"pa_ramtakili-2-gb","28":"pa_rs-232-2-adet","29":"pa_uretici-advantech","30":"pa_urun-gruplari-islemci-modulleri","31":"pa_usb-2-0-4-adet","32":"pa_usb-3-0-1-adet","34":"first","35":"outofstock","36":"shipping-taxable","37":"product-type-variable"},"_links":{"self":[{"href":"https:\/\/lima.com.tr\/en\/wp-json\/wp\/v2\/product\/6992","targetHints":{"allow":["GET"]}}],"collection":[{"href":"https:\/\/lima.com.tr\/en\/wp-json\/wp\/v2\/product"}],"about":[{"href":"https:\/\/lima.com.tr\/en\/wp-json\/wp\/v2\/types\/product"}],"version-history":[{"count":1,"href":"https:\/\/lima.com.tr\/en\/wp-json\/wp\/v2\/product\/6992\/revisions"}],"predecessor-version":[{"id":6993,"href":"https:\/\/lima.com.tr\/en\/wp-json\/wp\/v2\/product\/6992\/revisions\/6993"}],"wp:featuredmedia":[{"embeddable":true,"href":"https:\/\/lima.com.tr\/en\/wp-json\/wp\/v2\/media\/8466"}],"wp:attachment":[{"href":"https:\/\/lima.com.tr\/en\/wp-json\/wp\/v2\/media?parent=6992"}],"wp:term":[{"taxonomy":"product_brand","embeddable":true,"href":"https:\/\/lima.com.tr\/en\/wp-json\/wp\/v2\/product_brand?post=6992"},{"taxonomy":"product_cat","embeddable":true,"href":"https:\/\/lima.com.tr\/en\/wp-json\/wp\/v2\/product_cat?post=6992"},{"taxonomy":"product_tag","embeddable":true,"href":"https:\/\/lima.com.tr\/en\/wp-json\/wp\/v2\/product_tag?post=6992"}],"curies":[{"name":"wp","href":"https:\/\/api.w.org\/{rel}","templated":true}]}}