{"id":6967,"date":"2019-07-23T11:38:00","date_gmt":"2019-07-23T11:38:00","guid":{"rendered":"http:\/\/lima.com.tr\/?post_type=product&#038;p=6967"},"modified":"2021-05-22T14:42:58","modified_gmt":"2021-05-22T11:42:58","slug":"som-6898c7z2-u8a1e","status":"publish","type":"product","link":"https:\/\/lima.com.tr\/en\/shop\/endustriyel-bilisim\/islemci-modulleri\/comexpress\/compact\/som-6898c7z2-u8a1e\/","title":{"rendered":"SOM-6898C7Z2-U8A1E"},"content":{"rendered":"<p><strong>Geni\u015fleme Se\u00e7enekleri :<\/strong>\u00a0 4 PCIe x1 + 1 PCIe x4 , LPC, HD Audio, 2 x Express Card<\/p>\n<p><strong>\u00c7al\u0131\u015fma S\u0131cakl\u0131\u011f\u0131 :<\/strong> -40~85C<\/p>\n<p><strong>Nem :<\/strong> 10 ~ 95% @ 40 \u00b0C<\/p>\n<p><strong>\u0130\u015fletim Sistemi : <\/strong>Windows,Linux<\/p>\n<p><strong>Di\u011fer :<\/strong> RAID 0\/1\/5\/10<\/p>\n<p>&nbsp;<\/p>","protected":false},"excerpt":{"rendered":"<p>COM Express Compact Module, Type 6 Pin-out, Intel Core i7-7600U CPU,\u00a0 1xGbE, 4xUSB 3.0, 8xUSB2.0, 2xCOM, GPIO, 5xPCIex1, 1xLVDS, 1xVGA, 1xDDI, 3 ba\u011f\u0131ms\u0131z monit\u00f6r, RAID 0\/1\/5\/10, AT\/ATX, -40~85C<\/p>","protected":false},"featured_media":8467,"template":"","meta":[],"product_brand":[],"product_cat":[1656,117,119,39,1642,1669,116,1686,1655,1684],"product_tag":[45,44,46],"class_list":{"0":"post-6967","1":"product","2":"type-product","3":"status-publish","4":"has-post-thumbnail","6":"product_cat-akilli-sehir-altyapi","7":"product_cat-comexpress","8":"product_cat-compact","9":"product_cat-endustriyel-bilisim","10":"product_cat-guvenlik","11":"product_cat-islemci-modulleri-akilli-sehir","12":"product_cat-islemci-modulleri","13":"product_cat-islemci-modulleri-savunma","14":"product_cat-islemci-modulleri-guvenlik","15":"product_cat-savunma","16":"product_tag-akilli-sehir","17":"product_tag-guvenlik","18":"product_tag-savunma","19":"pa_audio-hda","20":"pa_calisma-sicakligi-40-85-c","21":"pa_cozumler-ve-urunler-endustriyel-bilisim","22":"pa_depolama-secenekleri-2-x-sata-iii","23":"pa_digital-i-o-8-bit","24":"pa_gb-lan-1-adet","25":"pa_grafik-cikisi-1-x-ddi","26":"pa_grafik-cikisi-1-x-lvds","27":"pa_grafik-cikisi-1-x-vga","28":"pa_islemci-frekansi-2-8-ghz","29":"pa_islemci-modeli-intel-core-i7-7600u-dual-core","30":"pa_islemci-sinifi-intel-core-i","31":"pa_modul-tipi-com-express-compact","32":"pa_pin-out-type-type-6","33":"pa_ram-maks-16-gb","34":"pa_rs-232-2-adet","35":"pa_uretici-advantech","36":"pa_urun-gruplari-islemci-modulleri","37":"pa_usb-2-0-8-adet","38":"pa_usb-3-0-4-adet","40":"first","41":"outofstock","42":"shipping-taxable","43":"product-type-variable"},"_links":{"self":[{"href":"https:\/\/lima.com.tr\/en\/wp-json\/wp\/v2\/product\/6967","targetHints":{"allow":["GET"]}}],"collection":[{"href":"https:\/\/lima.com.tr\/en\/wp-json\/wp\/v2\/product"}],"about":[{"href":"https:\/\/lima.com.tr\/en\/wp-json\/wp\/v2\/types\/product"}],"version-history":[{"count":1,"href":"https:\/\/lima.com.tr\/en\/wp-json\/wp\/v2\/product\/6967\/revisions"}],"predecessor-version":[{"id":6971,"href":"https:\/\/lima.com.tr\/en\/wp-json\/wp\/v2\/product\/6967\/revisions\/6971"}],"wp:featuredmedia":[{"embeddable":true,"href":"https:\/\/lima.com.tr\/en\/wp-json\/wp\/v2\/media\/8467"}],"wp:attachment":[{"href":"https:\/\/lima.com.tr\/en\/wp-json\/wp\/v2\/media?parent=6967"}],"wp:term":[{"taxonomy":"product_brand","embeddable":true,"href":"https:\/\/lima.com.tr\/en\/wp-json\/wp\/v2\/product_brand?post=6967"},{"taxonomy":"product_cat","embeddable":true,"href":"https:\/\/lima.com.tr\/en\/wp-json\/wp\/v2\/product_cat?post=6967"},{"taxonomy":"product_tag","embeddable":true,"href":"https:\/\/lima.com.tr\/en\/wp-json\/wp\/v2\/product_tag?post=6967"}],"curies":[{"name":"wp","href":"https:\/\/api.w.org\/{rel}","templated":true}]}}