{"id":6890,"date":"2019-07-23T09:36:33","date_gmt":"2019-07-23T09:36:33","guid":{"rendered":"http:\/\/lima.com.tr\/?post_type=product&#038;p=6890"},"modified":"2024-07-25T15:33:38","modified_gmt":"2024-07-25T12:33:38","slug":"som-6869accx-s7b1","status":"publish","type":"product","link":"https:\/\/lima.com.tr\/en\/shop\/endustriyel-bilisim\/islemci-modulleri\/comexpress\/compact\/som-6869accx-s7b1\/","title":{"rendered":"SOM-6869ACCX-S7B1"},"content":{"rendered":"<p><strong>Geni\u015fleme Se\u00e7enekleri :<\/strong> 5x PCIe x1\u00a0 veya 1 x PCIe x4 &#8211; 1 x PCIe x1 (opsiyonel) , LPC, HD Audio, 2 x Express Card<\/p>\n<p><strong>\u00c7al\u0131\u015fma S\u0131cakl\u0131\u011f\u0131 :<\/strong>-40 ~ 85\u00b0C<\/p>\n<p><strong>Nem :<\/strong> 10 ~ 95% @ 40 \u00b0C<\/p>\n<p><strong>\u0130\u015fletim Sistemi : <\/strong>Windows,Linux<\/p>\n<p><strong>Di\u011fer :<\/strong> ECC RAM<\/p>\n<p>&nbsp;<\/p>","protected":false},"excerpt":{"rendered":"<p>COM Express Compact Module, Type 6 Pin-out, Intel Atom X7-E3950 CPU, ECC RAM,\u00a0 1xGbE, 2xUSB 3.0, 8xUSB2.0, 2xCOM, GPIO, 5xPCIex1,1xLVDS, 1xVGA, 2xDDI, 3 ba\u011f\u0131ms\u0131z monit\u00f6r, AT\/ATX, -40 ~ 85\u00b0C<\/p>","protected":false},"featured_media":8471,"template":"","meta":[],"product_brand":[],"product_cat":[117,119,39,1642,1686,116,1655,1669,1684],"product_tag":[45,44,46],"class_list":{"0":"post-6890","1":"product","2":"type-product","3":"status-publish","4":"has-post-thumbnail","6":"product_cat-comexpress","7":"product_cat-compact","8":"product_cat-endustriyel-bilisim","9":"product_cat-guvenlik","10":"product_cat-islemci-modulleri-savunma","11":"product_cat-islemci-modulleri","12":"product_cat-islemci-modulleri-guvenlik","13":"product_cat-islemci-modulleri-akilli-sehir","14":"product_cat-savunma","15":"product_tag-akilli-sehir","16":"product_tag-guvenlik","17":"product_tag-savunma","18":"pa_audio-hda","19":"pa_calisma-sicakligi-40-85-c","20":"pa_cozumler-ve-urunler-endustriyel-bilisim","21":"pa_depolama-secenekleri-2-x-sata-iii","22":"pa_digital-i-o-8-bit","23":"pa_gb-lan-1-adet","24":"pa_grafik-cikisi-1-x-lvds","25":"pa_grafik-cikisi-1-x-vga","26":"pa_grafik-cikisi-2-x-ddi","27":"pa_islemci-frekansi-1-6-ghz","28":"pa_islemci-modeli-intel-atom-x7-e3950","29":"pa_islemci-sinifi-intel-atom-celeron","30":"pa_modul-tipi-com-express-compact","31":"pa_pin-out-type-type-6","32":"pa_ram-maks-8-gb","33":"pa_rs-232-2-adet","34":"pa_uretici-advantech","35":"pa_urun-gruplari-islemci-modulleri","36":"pa_usb-2-0-8-adet","37":"pa_usb-3-0-2-adet","39":"first","40":"outofstock","41":"shipping-taxable","42":"product-type-variable"},"_links":{"self":[{"href":"https:\/\/lima.com.tr\/en\/wp-json\/wp\/v2\/product\/6890","targetHints":{"allow":["GET"]}}],"collection":[{"href":"https:\/\/lima.com.tr\/en\/wp-json\/wp\/v2\/product"}],"about":[{"href":"https:\/\/lima.com.tr\/en\/wp-json\/wp\/v2\/types\/product"}],"version-history":[{"count":1,"href":"https:\/\/lima.com.tr\/en\/wp-json\/wp\/v2\/product\/6890\/revisions"}],"predecessor-version":[{"id":6896,"href":"https:\/\/lima.com.tr\/en\/wp-json\/wp\/v2\/product\/6890\/revisions\/6896"}],"wp:featuredmedia":[{"embeddable":true,"href":"https:\/\/lima.com.tr\/en\/wp-json\/wp\/v2\/media\/8471"}],"wp:attachment":[{"href":"https:\/\/lima.com.tr\/en\/wp-json\/wp\/v2\/media?parent=6890"}],"wp:term":[{"taxonomy":"product_brand","embeddable":true,"href":"https:\/\/lima.com.tr\/en\/wp-json\/wp\/v2\/product_brand?post=6890"},{"taxonomy":"product_cat","embeddable":true,"href":"https:\/\/lima.com.tr\/en\/wp-json\/wp\/v2\/product_cat?post=6890"},{"taxonomy":"product_tag","embeddable":true,"href":"https:\/\/lima.com.tr\/en\/wp-json\/wp\/v2\/product_tag?post=6890"}],"curies":[{"name":"wp","href":"https:\/\/api.w.org\/{rel}","templated":true}]}}