{"id":6861,"date":"2019-07-23T07:40:14","date_gmt":"2019-07-23T07:40:14","guid":{"rendered":"http:\/\/lima.com.tr\/?post_type=product&#038;p=6861"},"modified":"2021-05-22T14:43:25","modified_gmt":"2021-05-22T11:43:25","slug":"som-6868rc-s6a1e","status":"publish","type":"product","link":"https:\/\/lima.com.tr\/en\/shop\/endustriyel-bilisim\/islemci-modulleri\/comexpress\/compact\/som-6868rc-s6a1e\/","title":{"rendered":"SOM-6868RC-S6A1E"},"content":{"rendered":"<p><strong>Geni\u015fleme Se\u00e7enekleri :<\/strong> 5x PCIe x1 , LPC, HD Audio, 2 x Express Card<\/p>\n<p><strong>\u00c7al\u0131\u015fma S\u0131cakl\u0131\u011f\u0131 :<\/strong> 0 ~ 60\u00b0C<\/p>\n<p><strong>Nem :<\/strong> 10 ~ 95% @ 40 \u00b0C<\/p>\n<p><strong>\u0130\u015fletim Sistemi : <\/strong>Windows,Linux<\/p>\n<p>&nbsp;<\/p>","protected":false},"excerpt":{"rendered":"<p>COM Express Compact Module, Type 6 Pin-out, Intel Celeron N3160 CPU,\u00a0 1xGbE, 4xUSB 3.0, 8xUSB2.0, 2xCOM, GPIO, 5xPCIex1,1xLVDS, 2xDDI, 3 ba\u011f\u0131ms\u0131z monit\u00f6r, AT\/ATX, 0~60C<\/p>","protected":false},"featured_media":8472,"template":"","meta":[],"product_brand":[],"product_cat":[1656,117,119,39,1642,1686,116,1655,1669,1684],"product_tag":[45,44,46],"class_list":{"0":"post-6861","1":"product","2":"type-product","3":"status-publish","4":"has-post-thumbnail","6":"product_cat-akilli-sehir-altyapi","7":"product_cat-comexpress","8":"product_cat-compact","9":"product_cat-endustriyel-bilisim","10":"product_cat-guvenlik","11":"product_cat-islemci-modulleri-savunma","12":"product_cat-islemci-modulleri","13":"product_cat-islemci-modulleri-guvenlik","14":"product_cat-islemci-modulleri-akilli-sehir","15":"product_cat-savunma","16":"product_tag-akilli-sehir","17":"product_tag-guvenlik","18":"product_tag-savunma","19":"pa_audio-hda","20":"pa_calisma-sicakligi-0-60-c","21":"pa_cozumler-ve-urunler-endustriyel-bilisim","22":"pa_depolama-secenekleri-2-x-sata-iii","23":"pa_digital-i-o-8-bit","24":"pa_gb-lan-1-adet","25":"pa_grafik-cikisi-1-x-lvds","26":"pa_grafik-cikisi-2-x-ddi","27":"pa_islemci-frekansi-1-6-ghz","28":"pa_islemci-modeli-intel-celeron-n3160","29":"pa_islemci-sinifi-intel-atom-celeron","30":"pa_modul-tipi-com-express-compact","31":"pa_pin-out-type-type-6","32":"pa_ram-maks-8-gb","33":"pa_rs-232-2-adet","34":"pa_uretici-advantech","35":"pa_urun-gruplari-islemci-modulleri","36":"pa_usb-2-0-8-adet","37":"pa_usb-3-0-4-adet","39":"first","40":"outofstock","41":"shipping-taxable","42":"product-type-variable"},"_links":{"self":[{"href":"https:\/\/lima.com.tr\/en\/wp-json\/wp\/v2\/product\/6861","targetHints":{"allow":["GET"]}}],"collection":[{"href":"https:\/\/lima.com.tr\/en\/wp-json\/wp\/v2\/product"}],"about":[{"href":"https:\/\/lima.com.tr\/en\/wp-json\/wp\/v2\/types\/product"}],"version-history":[{"count":2,"href":"https:\/\/lima.com.tr\/en\/wp-json\/wp\/v2\/product\/6861\/revisions"}],"predecessor-version":[{"id":6866,"href":"https:\/\/lima.com.tr\/en\/wp-json\/wp\/v2\/product\/6861\/revisions\/6866"}],"wp:featuredmedia":[{"embeddable":true,"href":"https:\/\/lima.com.tr\/en\/wp-json\/wp\/v2\/media\/8472"}],"wp:attachment":[{"href":"https:\/\/lima.com.tr\/en\/wp-json\/wp\/v2\/media?parent=6861"}],"wp:term":[{"taxonomy":"product_brand","embeddable":true,"href":"https:\/\/lima.com.tr\/en\/wp-json\/wp\/v2\/product_brand?post=6861"},{"taxonomy":"product_cat","embeddable":true,"href":"https:\/\/lima.com.tr\/en\/wp-json\/wp\/v2\/product_cat?post=6861"},{"taxonomy":"product_tag","embeddable":true,"href":"https:\/\/lima.com.tr\/en\/wp-json\/wp\/v2\/product_tag?post=6861"}],"curies":[{"name":"wp","href":"https:\/\/api.w.org\/{rel}","templated":true}]}}