{"id":6849,"date":"2019-07-23T06:10:05","date_gmt":"2019-07-23T06:10:05","guid":{"rendered":"http:\/\/lima.com.tr\/?post_type=product&#038;p=6849"},"modified":"2021-05-22T14:43:27","modified_gmt":"2021-05-22T11:43:27","slug":"som-6867rcb-u0a1","status":"publish","type":"product","link":"https:\/\/lima.com.tr\/en\/shop\/endustriyel-bilisim\/islemci-modulleri\/comexpress\/compact\/som-6867rcb-u0a1\/","title":{"rendered":"SOM-6867RCB-U0A1"},"content":{"rendered":"<p><strong>Geni\u015fleme Se\u00e7enekleri :<\/strong> 3x PCIe x1 (opsiyonel : LAN ipta edilirse 4x PCIe x1 veya 1 PCIe x4), LPC, HD Audio, 2 x Express Card<\/p>\n<p><strong>\u00c7al\u0131\u015fma S\u0131cakl\u0131\u011f\u0131 :<\/strong> 0 ~ 60\u00b0C<\/p>\n<p><strong>Nem :<\/strong> 10 ~ 95% @ 40 \u00b0C<\/p>\n<p><strong>\u0130\u015fletim Sistemi : <\/strong>Windows,Linux<\/p>\n<p>&nbsp;<\/p>","protected":false},"excerpt":{"rendered":"<p>COM Express Compact Module, Type 6 Pin-out, Intel Celeron J1900 CPU,\u00a0 1xGbE, 1xUSB 3.0, 8xUSB2.0, 2xCOM, GPIO, 3xPCIex1,1xLVDS,1xVGA,1xDDI, 2 ba\u011f\u0131ms\u0131z monit\u00f6r, AT\/ATX, 0~60C<\/p>","protected":false},"featured_media":8473,"template":"","meta":[],"product_brand":[],"product_cat":[1656,117,119,39,1642,1686,1655,116,1669,1684],"product_tag":[45,44,46],"class_list":{"0":"post-6849","1":"product","2":"type-product","3":"status-publish","4":"has-post-thumbnail","6":"product_cat-akilli-sehir-altyapi","7":"product_cat-comexpress","8":"product_cat-compact","9":"product_cat-endustriyel-bilisim","10":"product_cat-guvenlik","11":"product_cat-islemci-modulleri-savunma","12":"product_cat-islemci-modulleri-guvenlik","13":"product_cat-islemci-modulleri","14":"product_cat-islemci-modulleri-akilli-sehir","15":"product_cat-savunma","16":"product_tag-akilli-sehir","17":"product_tag-guvenlik","18":"product_tag-savunma","19":"pa_audio-hda","20":"pa_calisma-sicakligi-0-60-c","21":"pa_cozumler-ve-urunler-endustriyel-bilisim","22":"pa_depolama-secenekleri-2-x-sata-iii","23":"pa_digital-i-o-8-bit","24":"pa_gb-lan-1-adet","25":"pa_grafik-cikisi-1-x-ddi","26":"pa_grafik-cikisi-1-x-lvds","27":"pa_grafik-cikisi-1-x-vga","28":"pa_islemci-frekansi-2-0-ghz","29":"pa_islemci-modeli-intel-celeron-j1900-quad-core","30":"pa_islemci-sinifi-intel-atom-celeron","31":"pa_modul-tipi-com-express-compact","32":"pa_pin-out-type-type-6","33":"pa_ram-maks-8-gb","34":"pa_rs-232-2-adet","35":"pa_tumlesik-flash-64gb-maks","36":"pa_tumlesik-flash-opsiyonel","37":"pa_uretici-advantech","38":"pa_urun-gruplari-islemci-modulleri","39":"pa_usb-2-0-8-adet","40":"pa_usb-3-0-1-adet","42":"first","43":"outofstock","44":"shipping-taxable","45":"product-type-variable"},"_links":{"self":[{"href":"https:\/\/lima.com.tr\/en\/wp-json\/wp\/v2\/product\/6849","targetHints":{"allow":["GET"]}}],"collection":[{"href":"https:\/\/lima.com.tr\/en\/wp-json\/wp\/v2\/product"}],"about":[{"href":"https:\/\/lima.com.tr\/en\/wp-json\/wp\/v2\/types\/product"}],"version-history":[{"count":1,"href":"https:\/\/lima.com.tr\/en\/wp-json\/wp\/v2\/product\/6849\/revisions"}],"predecessor-version":[{"id":6850,"href":"https:\/\/lima.com.tr\/en\/wp-json\/wp\/v2\/product\/6849\/revisions\/6850"}],"wp:featuredmedia":[{"embeddable":true,"href":"https:\/\/lima.com.tr\/en\/wp-json\/wp\/v2\/media\/8473"}],"wp:attachment":[{"href":"https:\/\/lima.com.tr\/en\/wp-json\/wp\/v2\/media?parent=6849"}],"wp:term":[{"taxonomy":"product_brand","embeddable":true,"href":"https:\/\/lima.com.tr\/en\/wp-json\/wp\/v2\/product_brand?post=6849"},{"taxonomy":"product_cat","embeddable":true,"href":"https:\/\/lima.com.tr\/en\/wp-json\/wp\/v2\/product_cat?post=6849"},{"taxonomy":"product_tag","embeddable":true,"href":"https:\/\/lima.com.tr\/en\/wp-json\/wp\/v2\/product_tag?post=6849"}],"curies":[{"name":"wp","href":"https:\/\/api.w.org\/{rel}","templated":true}]}}