{"id":6746,"date":"2019-07-22T14:38:14","date_gmt":"2019-07-22T14:38:14","guid":{"rendered":"http:\/\/lima.com.tr\/?post_type=product&#038;p=6746"},"modified":"2021-05-22T14:43:31","modified_gmt":"2021-05-22T11:43:31","slug":"som-5992d12x-s5a1","status":"publish","type":"product","link":"https:\/\/lima.com.tr\/en\/shop\/endustriyel-bilisim\/islemci-modulleri\/comexpress\/basic\/som-5992d12x-s5a1\/","title":{"rendered":"SOM-5992D12X-S5A1"},"content":{"rendered":"<p><strong>Geni\u015fleme Se\u00e7enekleri :<\/strong> 1xPCIe x16, 1xPCIe x8, 7x PCIe x1 , LPC, 2 x 10GBase-KR<\/p>\n<p><strong>\u00c7al\u0131\u015fma S\u0131cakl\u0131\u011f\u0131 :<\/strong> -40 ~ 85\u00b0C<\/p>\n<p><strong>Nem :<\/strong> 10 ~ 95% @ 40 \u00b0C<\/p>\n<p><strong>\u0130\u015fletim Sistemi : <\/strong>Windows,Linux<\/p>\n<p><strong>Di\u011fer :<\/strong> ECC RAM<\/p>","protected":false},"excerpt":{"rendered":"<p>COM Express Basic Module, Type 6 Pin-out, Intel Xeon D-1559 CPU, ECC RAM,\u00a0 1xGbE, 2 x 10GBASE-KR, 4xUSB 3.0, 4xUSB2.0, 2xCOM, GPIO, 7xPCIex1,1 x PCIe x16, 1 x PCIex8, AT\/ATX, -40~85C<\/p>","protected":false},"featured_media":8475,"template":"","meta":[],"product_brand":[],"product_cat":[1656,120,117,39,1642,1669,1686,116,1655,1684],"product_tag":[45,44,46],"class_list":{"0":"post-6746","1":"product","2":"type-product","3":"status-publish","4":"has-post-thumbnail","6":"product_cat-akilli-sehir-altyapi","7":"product_cat-basic","8":"product_cat-comexpress","9":"product_cat-endustriyel-bilisim","10":"product_cat-guvenlik","11":"product_cat-islemci-modulleri-akilli-sehir","12":"product_cat-islemci-modulleri-savunma","13":"product_cat-islemci-modulleri","14":"product_cat-islemci-modulleri-guvenlik","15":"product_cat-savunma","16":"product_tag-akilli-sehir","17":"product_tag-guvenlik","18":"product_tag-savunma","19":"pa_10gb-lan-2-adet","20":"pa_audio-hayir","21":"pa_calisma-sicakligi-40-85-c","22":"pa_cozumler-ve-urunler-endustriyel-bilisim","23":"pa_depolama-secenekleri-2-x-sata-iii","24":"pa_digital-i-o-8-bit","25":"pa_gb-lan-1-adet","26":"pa_grafik-cikisi-yok","27":"pa_islemci-frekansi-1-50-ghz","28":"pa_islemci-modeli-intel-xeon-d-1559-12-core","29":"pa_islemci-sinifi-intel-xeon","30":"pa_modul-tipi-basic","31":"pa_pin-out-type-type-6","32":"pa_ram-maks-64-gb","33":"pa_rs-232-2-adet","34":"pa_uretici-advantech","35":"pa_urun-gruplari-islemci-modulleri","36":"pa_usb-2-0-4-adet","37":"pa_usb-3-0-4-adet","39":"first","40":"outofstock","41":"shipping-taxable","42":"product-type-variable"},"_links":{"self":[{"href":"https:\/\/lima.com.tr\/en\/wp-json\/wp\/v2\/product\/6746","targetHints":{"allow":["GET"]}}],"collection":[{"href":"https:\/\/lima.com.tr\/en\/wp-json\/wp\/v2\/product"}],"about":[{"href":"https:\/\/lima.com.tr\/en\/wp-json\/wp\/v2\/types\/product"}],"version-history":[{"count":1,"href":"https:\/\/lima.com.tr\/en\/wp-json\/wp\/v2\/product\/6746\/revisions"}],"predecessor-version":[{"id":6747,"href":"https:\/\/lima.com.tr\/en\/wp-json\/wp\/v2\/product\/6746\/revisions\/6747"}],"wp:featuredmedia":[{"embeddable":true,"href":"https:\/\/lima.com.tr\/en\/wp-json\/wp\/v2\/media\/8475"}],"wp:attachment":[{"href":"https:\/\/lima.com.tr\/en\/wp-json\/wp\/v2\/media?parent=6746"}],"wp:term":[{"taxonomy":"product_brand","embeddable":true,"href":"https:\/\/lima.com.tr\/en\/wp-json\/wp\/v2\/product_brand?post=6746"},{"taxonomy":"product_cat","embeddable":true,"href":"https:\/\/lima.com.tr\/en\/wp-json\/wp\/v2\/product_cat?post=6746"},{"taxonomy":"product_tag","embeddable":true,"href":"https:\/\/lima.com.tr\/en\/wp-json\/wp\/v2\/product_tag?post=6746"}],"curies":[{"name":"wp","href":"https:\/\/api.w.org\/{rel}","templated":true}]}}