{"id":6717,"date":"2019-07-22T14:10:02","date_gmt":"2019-07-22T14:10:02","guid":{"rendered":"http:\/\/lima.com.tr\/?post_type=product&#038;p=6717"},"modified":"2021-05-22T14:43:37","modified_gmt":"2021-05-22T11:43:37","slug":"som-5899e6cx-u7a1","status":"publish","type":"product","link":"https:\/\/lima.com.tr\/en\/shop\/endustriyel-bilisim\/islemci-modulleri\/comexpress\/basic\/som-5899e6cx-u7a1\/","title":{"rendered":"SOM-5899E6CX-U7A1"},"content":{"rendered":"<p><strong>Geni\u015fleme Se\u00e7enekleri :<\/strong> 1xPCIe x16, 8x PCIe x1 , LPC, Audio Interface<\/p>\n<p><strong>\u00c7al\u0131\u015fma S\u0131cakl\u0131\u011f\u0131 :<\/strong> -40 ~ 85\u00b0C<\/p>\n<p><strong>Nem :<\/strong> 10 ~ 95% @ 40 \u00b0C<\/p>\n<p><strong>\u0130\u015fletim Sistemi : <\/strong>Windows,Linux<\/p>\n<p><strong>Di\u011fer :<\/strong> ECC RAM<\/p>","protected":false},"excerpt":{"rendered":"<p>COM Express Basic Module, Type 6 Pin-out, Intel Xeon E-2176M CPU, ECC RAM,\u00a0 1xGbE, 4xUSB 3.0, 4xUSB3.1, 8xUSB2.0, 2xCOM, GPIO, 8xPCIex1,1 x PCIe x16, VGA, LVDS, 3x DDI, 3 ba\u011f\u0131ms\u0131z monit\u00f6r, AT\/ATX, -40~85C<\/p>","protected":false},"featured_media":8478,"template":"","meta":[],"product_brand":[],"product_cat":[120,117,39,116],"product_tag":[45,44,46],"class_list":{"0":"post-6717","1":"product","2":"type-product","3":"status-publish","4":"has-post-thumbnail","6":"product_cat-basic","7":"product_cat-comexpress","8":"product_cat-endustriyel-bilisim","9":"product_cat-islemci-modulleri","10":"product_tag-akilli-sehir","11":"product_tag-guvenlik","12":"product_tag-savunma","13":"pa_audio-hda","14":"pa_calisma-sicakligi-40-85-c","15":"pa_chipset-cm246","16":"pa_cozumler-ve-urunler-endustriyel-bilisim","17":"pa_depolama-secenekleri-4-x-sata-iii","18":"pa_digital-i-o-8-bit","19":"pa_gb-lan-1-adet","20":"pa_grafik-cikisi-1-x-lvds","21":"pa_grafik-cikisi-1-x-vga","22":"pa_grafik-cikisi-3-x-ddi","23":"pa_islemci-frekansi-2-7-ghz","24":"pa_islemci-modeli-intel-xeon-e-2176m-6-core","25":"pa_islemci-sinifi-intel-xeon","26":"pa_modul-tipi-basic","27":"pa_pin-out-type-type-6","28":"pa_ram-maks-96-gb","29":"pa_rs-232-2-adet","30":"pa_uretici-advantech","31":"pa_urun-gruplari-islemci-modulleri","32":"pa_usb-2-0-8-adet","33":"pa_usb-3-0-8-adet","35":"first","36":"outofstock","37":"shipping-taxable","38":"product-type-variable"},"_links":{"self":[{"href":"https:\/\/lima.com.tr\/en\/wp-json\/wp\/v2\/product\/6717","targetHints":{"allow":["GET"]}}],"collection":[{"href":"https:\/\/lima.com.tr\/en\/wp-json\/wp\/v2\/product"}],"about":[{"href":"https:\/\/lima.com.tr\/en\/wp-json\/wp\/v2\/types\/product"}],"version-history":[{"count":1,"href":"https:\/\/lima.com.tr\/en\/wp-json\/wp\/v2\/product\/6717\/revisions"}],"predecessor-version":[{"id":6718,"href":"https:\/\/lima.com.tr\/en\/wp-json\/wp\/v2\/product\/6717\/revisions\/6718"}],"wp:featuredmedia":[{"embeddable":true,"href":"https:\/\/lima.com.tr\/en\/wp-json\/wp\/v2\/media\/8478"}],"wp:attachment":[{"href":"https:\/\/lima.com.tr\/en\/wp-json\/wp\/v2\/media?parent=6717"}],"wp:term":[{"taxonomy":"product_brand","embeddable":true,"href":"https:\/\/lima.com.tr\/en\/wp-json\/wp\/v2\/product_brand?post=6717"},{"taxonomy":"product_cat","embeddable":true,"href":"https:\/\/lima.com.tr\/en\/wp-json\/wp\/v2\/product_cat?post=6717"},{"taxonomy":"product_tag","embeddable":true,"href":"https:\/\/lima.com.tr\/en\/wp-json\/wp\/v2\/product_tag?post=6717"}],"curies":[{"name":"wp","href":"https:\/\/api.w.org\/{rel}","templated":true}]}}