{"id":6632,"date":"2019-07-22T10:58:44","date_gmt":"2019-07-22T10:58:44","guid":{"rendered":"http:\/\/lima.com.tr\/?post_type=product&#038;p=6632"},"modified":"2021-05-22T14:43:57","modified_gmt":"2021-05-22T11:43:57","slug":"som-5897e4x-u7a1e","status":"publish","type":"product","link":"https:\/\/lima.com.tr\/en\/shop\/endustriyel-bilisim\/islemci-modulleri\/comexpress\/basic\/som-5897e4x-u7a1e\/","title":{"rendered":"SOM-5897E4X-U7A1E"},"content":{"rendered":"<p><strong>Geni\u015fleme Se\u00e7enekleri :<\/strong> 1xPCIe x16, 8x PCIe x1 , LPC, Audio Interface, 2 x Epress Card<\/p>\n<p><strong>\u00c7al\u0131\u015fma S\u0131cakl\u0131\u011f\u0131 :<\/strong> -40 ~ 85\u00b0C<\/p>\n<p><strong>Nem :<\/strong> 10 ~ 95% @ 40 \u00b0C<\/p>\n<p><strong>\u0130\u015fletim Sistemi : <\/strong>Windows,Linux<\/p>\n<p><strong>Di\u011fer :<\/strong> ECC RAM<\/p>\n<p>&nbsp;<\/p>","protected":false},"excerpt":{"rendered":"<p>COM Express Basic Module, Type 6 Pin-out, Intel Xeon E3-1505M V5 CPU, ECC RAM,\u00a0 1xGbE, 4xUSB 3.0, 8xUSB2.0, 2xCOM, GPIO, 8xPCIex1,1 x PCIe x16, VGA, LVDS, 2x DDI, 3 ba\u011f\u0131ms\u0131z monit\u00f6r, AT\/ATX, -40~85C<\/p>","protected":false},"featured_media":8480,"template":"","meta":[],"product_brand":[],"product_cat":[1656,120,117,39,1642,1669,116,1655],"product_tag":[45,44,46],"class_list":{"0":"post-6632","1":"product","2":"type-product","3":"status-publish","4":"has-post-thumbnail","6":"product_cat-akilli-sehir-altyapi","7":"product_cat-basic","8":"product_cat-comexpress","9":"product_cat-endustriyel-bilisim","10":"product_cat-guvenlik","11":"product_cat-islemci-modulleri-akilli-sehir","12":"product_cat-islemci-modulleri","13":"product_cat-islemci-modulleri-guvenlik","14":"product_tag-akilli-sehir","15":"product_tag-guvenlik","16":"product_tag-savunma","17":"pa_audio-hda","18":"pa_calisma-sicakligi-40-85-c","19":"pa_chipset-cm236","20":"pa_cozumler-ve-urunler-endustriyel-bilisim","21":"pa_depolama-secenekleri-4-x-sata-iii","22":"pa_digital-i-o-8-bit","23":"pa_gb-lan-1-adet","24":"pa_grafik-cikisi-1-x-lvds","25":"pa_grafik-cikisi-1-x-vga","26":"pa_grafik-cikisi-2-x-ddi","27":"pa_islemci-frekansi-2-8-ghz","28":"pa_islemci-modeli-intel-xeon-e3-1505m-v5-quad-core","29":"pa_islemci-sinifi-intel-xeon","30":"pa_modul-tipi-basic","31":"pa_pin-out-type-type-6","32":"pa_ram-maks-32-gb","33":"pa_rs-232-2-adet","34":"pa_uretici-advantech","35":"pa_urun-gruplari-islemci-modulleri","36":"pa_usb-2-0-8-adet","37":"pa_usb-3-0-4-adet","39":"first","40":"outofstock","41":"shipping-taxable","42":"product-type-variable"},"_links":{"self":[{"href":"https:\/\/lima.com.tr\/en\/wp-json\/wp\/v2\/product\/6632","targetHints":{"allow":["GET"]}}],"collection":[{"href":"https:\/\/lima.com.tr\/en\/wp-json\/wp\/v2\/product"}],"about":[{"href":"https:\/\/lima.com.tr\/en\/wp-json\/wp\/v2\/types\/product"}],"version-history":[{"count":1,"href":"https:\/\/lima.com.tr\/en\/wp-json\/wp\/v2\/product\/6632\/revisions"}],"predecessor-version":[{"id":6634,"href":"https:\/\/lima.com.tr\/en\/wp-json\/wp\/v2\/product\/6632\/revisions\/6634"}],"wp:featuredmedia":[{"embeddable":true,"href":"https:\/\/lima.com.tr\/en\/wp-json\/wp\/v2\/media\/8480"}],"wp:attachment":[{"href":"https:\/\/lima.com.tr\/en\/wp-json\/wp\/v2\/media?parent=6632"}],"wp:term":[{"taxonomy":"product_brand","embeddable":true,"href":"https:\/\/lima.com.tr\/en\/wp-json\/wp\/v2\/product_brand?post=6632"},{"taxonomy":"product_cat","embeddable":true,"href":"https:\/\/lima.com.tr\/en\/wp-json\/wp\/v2\/product_cat?post=6632"},{"taxonomy":"product_tag","embeddable":true,"href":"https:\/\/lima.com.tr\/en\/wp-json\/wp\/v2\/product_tag?post=6632"}],"curies":[{"name":"wp","href":"https:\/\/api.w.org\/{rel}","templated":true}]}}