{"id":6264,"date":"2019-07-19T09:09:36","date_gmt":"2019-07-19T09:09:36","guid":{"rendered":"http:\/\/lima.com.tr\/?post_type=product&#038;p=6264"},"modified":"2021-05-22T14:44:16","modified_gmt":"2021-05-22T11:44:16","slug":"som-5892fg-u7b1e","status":"publish","type":"product","link":"https:\/\/lima.com.tr\/en\/shop\/endustriyel-bilisim\/islemci-modulleri\/comexpress\/basic\/som-5892fg-u7b1e\/","title":{"rendered":"SOM-5892FG-U7B1E"},"content":{"rendered":"<p><strong>Geni\u015fleme Se\u00e7enekleri :<\/strong> PEG x16, 7 PCIe x1<\/p>\n<p><strong>\u00c7al\u0131\u015fma S\u0131cakl\u0131\u011f\u0131 :<\/strong> 0 ~ 60\u00b0C<\/p>\n<p><strong>Nem :<\/strong> 10 ~ 95% @ 40 \u00b0C<\/p>\n<p><strong>\u0130\u015fletim Sistemi : <\/strong>Windows,Linux<\/p>\n<p><strong>Di\u011fer :<\/strong> ECC RAM deste\u011fi<\/p>","protected":false},"excerpt":{"rendered":"<p>COM Express Basic Module, Type 6 Pin-out, Intel Core i5-3610ME CPU, ECC RAM, 1xGbE, 4xUSB 3.0, 8xUSB2.0, 2xCOM, GPIO, 7xPCIex1,VGA, LVDS, 3x DDI, 3 ba\u011f\u0131ms\u0131z monit\u00f6r, AT\/ATX, 0~60C<\/p>","protected":false},"featured_media":8483,"template":"","meta":[],"product_brand":[],"product_cat":[120,117,39,116],"product_tag":[45,44,46],"class_list":{"0":"post-6264","1":"product","2":"type-product","3":"status-publish","4":"has-post-thumbnail","6":"product_cat-basic","7":"product_cat-comexpress","8":"product_cat-endustriyel-bilisim","9":"product_cat-islemci-modulleri","10":"product_tag-akilli-sehir","11":"product_tag-guvenlik","12":"product_tag-savunma","13":"pa_audio-hda","14":"pa_calisma-sicakligi-0-60-c","15":"pa_chipset-qm77","16":"pa_cozumler-ve-urunler-endustriyel-bilisim","17":"pa_depolama-secenekleri-2-x-sata-ii","18":"pa_depolama-secenekleri-2-x-sata-iii","19":"pa_digital-i-o-8-bit","20":"pa_gb-lan-1-adet","21":"pa_grafik-cikisi-1-x-lvds","22":"pa_grafik-cikisi-1-x-vga","23":"pa_grafik-cikisi-3-x-ddi","24":"pa_islemci-frekansi-2-7-ghz","25":"pa_islemci-modeli-intel-core-i5-3610me","26":"pa_islemci-sinifi-intel-core-i","27":"pa_modul-tipi-basic","28":"pa_pin-out-type-type-6","29":"pa_ram-maks-16-gb","30":"pa_rs-232-2-adet","31":"pa_uretici-advantech","32":"pa_urun-gruplari-islemci-modulleri","33":"pa_usb-2-0-8-adet","34":"pa_usb-3-0-4-adet","36":"first","37":"outofstock","38":"shipping-taxable","39":"product-type-variable"},"_links":{"self":[{"href":"https:\/\/lima.com.tr\/en\/wp-json\/wp\/v2\/product\/6264","targetHints":{"allow":["GET"]}}],"collection":[{"href":"https:\/\/lima.com.tr\/en\/wp-json\/wp\/v2\/product"}],"about":[{"href":"https:\/\/lima.com.tr\/en\/wp-json\/wp\/v2\/types\/product"}],"version-history":[{"count":1,"href":"https:\/\/lima.com.tr\/en\/wp-json\/wp\/v2\/product\/6264\/revisions"}],"predecessor-version":[{"id":6265,"href":"https:\/\/lima.com.tr\/en\/wp-json\/wp\/v2\/product\/6264\/revisions\/6265"}],"wp:featuredmedia":[{"embeddable":true,"href":"https:\/\/lima.com.tr\/en\/wp-json\/wp\/v2\/media\/8483"}],"wp:attachment":[{"href":"https:\/\/lima.com.tr\/en\/wp-json\/wp\/v2\/media?parent=6264"}],"wp:term":[{"taxonomy":"product_brand","embeddable":true,"href":"https:\/\/lima.com.tr\/en\/wp-json\/wp\/v2\/product_brand?post=6264"},{"taxonomy":"product_cat","embeddable":true,"href":"https:\/\/lima.com.tr\/en\/wp-json\/wp\/v2\/product_cat?post=6264"},{"taxonomy":"product_tag","embeddable":true,"href":"https:\/\/lima.com.tr\/en\/wp-json\/wp\/v2\/product_tag?post=6264"}],"curies":[{"name":"wp","href":"https:\/\/api.w.org\/{rel}","templated":true}]}}