{"id":6139,"date":"2019-07-19T06:48:46","date_gmt":"2019-07-19T06:48:46","guid":{"rendered":"http:\/\/lima.com.tr\/?post_type=product&#038;p=6139"},"modified":"2021-05-22T14:44:31","modified_gmt":"2021-05-22T11:44:31","slug":"ctr-51-led-controller","status":"publish","type":"product","link":"https:\/\/lima.com.tr\/en\/shop\/yapay-gorme\/endustriyel-aydinlatma-sistemleri\/aydinlatma-kontrol-uniteleri\/aralikli-mod-kontrolcu\/ctr-51-led-controller\/","title":{"rendered":"CTR-51 LED Controller"},"content":{"rendered":"","protected":false},"excerpt":{"rendered":"<p>1-kanal LED Kontrol \u00dcnitesi , Flash Mod Kontrol, 15A Flash Ak\u0131m\u0131 (minimum 1\u00b5s ), 24~30 VDC<\/p>","protected":false},"featured_media":7845,"template":"","meta":[],"product_brand":[],"product_cat":[1656,181,179,1666,1689,1652,1642,1673,42],"product_tag":[45,44,47],"class_list":{"0":"post-6139","1":"product","2":"type-product","3":"status-publish","4":"has-post-thumbnail","6":"product_cat-akilli-sehir-altyapi","7":"product_cat-aralikli-mod-kontrolcu","8":"product_cat-aydinlatma-kontrol-uniteleri","9":"product_cat-endustriyel-aydinlatma-sistemleri-akilli-sehir","10":"product_cat-endustriyel-aydinlatma-sistemleri-uretim","11":"product_cat-endustriyel-aydinlatma-sistemleri-guvenlik","12":"product_cat-guvenlik","13":"product_cat-uretim","14":"product_cat-yapay-gorme","15":"product_tag-akilli-sehir","16":"product_tag-guvenlik","17":"product_tag-uretim","18":"pa_aydinlatma-kontrol-aydinlatma-kontrol-u","19":"pa_besleme-voltaji-24v-dc-10-25","20":"pa_cozumler-ve-urunler-yapay-gorme","21":"pa_kanal-basi-maks-flash-akimi-15a","22":"pa_minimum-flash-suresi-1s","23":"pa_tip-aydinlatma-kontrol-unitesi","24":"pa_uretici-mbj-imaging","25":"pa_urun-gruplari-endustriyel-aydinlatma-sistemleri","27":"first","28":"outofstock","29":"shipping-taxable","30":"product-type-variable"},"_links":{"self":[{"href":"https:\/\/lima.com.tr\/en\/wp-json\/wp\/v2\/product\/6139","targetHints":{"allow":["GET"]}}],"collection":[{"href":"https:\/\/lima.com.tr\/en\/wp-json\/wp\/v2\/product"}],"about":[{"href":"https:\/\/lima.com.tr\/en\/wp-json\/wp\/v2\/types\/product"}],"version-history":[{"count":1,"href":"https:\/\/lima.com.tr\/en\/wp-json\/wp\/v2\/product\/6139\/revisions"}],"predecessor-version":[{"id":6143,"href":"https:\/\/lima.com.tr\/en\/wp-json\/wp\/v2\/product\/6139\/revisions\/6143"}],"wp:featuredmedia":[{"embeddable":true,"href":"https:\/\/lima.com.tr\/en\/wp-json\/wp\/v2\/media\/7845"}],"wp:attachment":[{"href":"https:\/\/lima.com.tr\/en\/wp-json\/wp\/v2\/media?parent=6139"}],"wp:term":[{"taxonomy":"product_brand","embeddable":true,"href":"https:\/\/lima.com.tr\/en\/wp-json\/wp\/v2\/product_brand?post=6139"},{"taxonomy":"product_cat","embeddable":true,"href":"https:\/\/lima.com.tr\/en\/wp-json\/wp\/v2\/product_cat?post=6139"},{"taxonomy":"product_tag","embeddable":true,"href":"https:\/\/lima.com.tr\/en\/wp-json\/wp\/v2\/product_tag?post=6139"}],"curies":[{"name":"wp","href":"https:\/\/api.w.org\/{rel}","templated":true}]}}