{"id":6094,"date":"2019-07-18T14:08:42","date_gmt":"2019-07-18T14:08:42","guid":{"rendered":"http:\/\/lima.com.tr\/?post_type=product&#038;p=6094"},"modified":"2021-05-22T14:44:34","modified_gmt":"2021-05-22T11:44:34","slug":"pcm-3365n-s8a1e","status":"publish","type":"product","link":"https:\/\/lima.com.tr\/en\/shop\/endustriyel-bilisim\/tek-kartli-bilgisayarlar\/pc-104\/atom-celeron-tabanli-pc-104\/pcm-3365n-s8a1e\/","title":{"rendered":"PCM-3365N-S8A1E"},"content":{"rendered":"<p><strong>Geni\u015fleme Se\u00e7enekleri :<\/strong> PC\/104-Plus (PC\/104 + PCI-104) , 1 x tam-boy Mini PCIe<\/p>\n<p><strong>\u00c7al\u0131\u015fma S\u0131cakl\u0131\u011f\u0131 :<\/strong> 0 ~ 60\u00b0C\u00a0 (SSD ile)<\/p>\n<p><strong>Depolama S\u0131cakl\u0131\u011f\u0131 :<\/strong> -40 ~ 85 \u00b0C<\/p>\n<p><strong>Nem :<\/strong> 10 ~ 95% @ 60 \u00b0C<\/p>\n<p><strong>Sertifikalar :<\/strong> CE, FCC Class B, UL<\/p>\n<p><strong>\u0130\u015fletim Sistemi : <\/strong>WES8, WES7, WEC7, Linux Kernel 3.x, VxWorks 6.9.3.3, Android 4.4 Kit Kat<\/p>","protected":false},"excerpt":{"rendered":"<p>PC\/104-Plus Tek Kart Bilgisayar , Intel Celeron N2930 CPU, VGA,LVDS, HDMI\/DVI, 6xUSB, 3xCOM, 1xGE, SATA,mSATA 0~60C<\/p>","protected":false},"featured_media":7974,"template":"","meta":[],"product_brand":[],"product_cat":[1656,106,39,1642,105,1684,1668,96,1685,1654],"product_tag":[45,44,46],"class_list":{"0":"post-6094","1":"product","2":"type-product","3":"status-publish","4":"has-post-thumbnail","6":"product_cat-akilli-sehir-altyapi","7":"product_cat-atom-celeron-tabanli-pc-104","8":"product_cat-endustriyel-bilisim","9":"product_cat-guvenlik","10":"product_cat-pc-104","11":"product_cat-savunma","12":"product_cat-tek-kartli-bilgisayarlar-akilli-sehir","13":"product_cat-tek-kartli-bilgisayarlar","14":"product_cat-tek-kartli-bilgisayarlar-savunma","15":"product_cat-tek-kartli-bilgisayarlar-guvenlik","16":"product_tag-akilli-sehir","17":"product_tag-guvenlik","18":"product_tag-savunma","19":"pa_boyut-pc-104","20":"pa_cozumler-ve-urunler-endustriyel-bilisim","21":"pa_depolama-secenekleri-1-x-msata","22":"pa_depolama-secenekleri-1-x-sata","23":"pa_digital-i-o-8-bit","24":"pa_gb-lan-1-adet","25":"pa_grafik-cikisi-1-x-hdmi-dvi","26":"pa_grafik-cikisi-1-x-lvds","27":"pa_grafik-cikisi-1-x-vga","28":"pa_guc-girisi-5v-5","29":"pa_islemci-frekansi-1-83-ghz","30":"pa_islemci-modeli-intel-celeron-n2930-quad-core","31":"pa_islemci-sinifi-intel-atom-celeron","32":"pa_line-ses-cikis-opsiyonel","33":"pa_mikrofon-giris-opsiyonel","34":"pa_ram-maks-8-gb","35":"pa_rs-232-2-adet","36":"pa_rs-232-422-485-1-adet","37":"pa_uretici-advantech","38":"pa_urun-gruplari-tek-kartli-bilgisayarlar","39":"pa_usb-2-0-6-adet","41":"first","42":"outofstock","43":"shipping-taxable","44":"product-type-variable"},"_links":{"self":[{"href":"https:\/\/lima.com.tr\/en\/wp-json\/wp\/v2\/product\/6094","targetHints":{"allow":["GET"]}}],"collection":[{"href":"https:\/\/lima.com.tr\/en\/wp-json\/wp\/v2\/product"}],"about":[{"href":"https:\/\/lima.com.tr\/en\/wp-json\/wp\/v2\/types\/product"}],"version-history":[{"count":1,"href":"https:\/\/lima.com.tr\/en\/wp-json\/wp\/v2\/product\/6094\/revisions"}],"predecessor-version":[{"id":6095,"href":"https:\/\/lima.com.tr\/en\/wp-json\/wp\/v2\/product\/6094\/revisions\/6095"}],"wp:featuredmedia":[{"embeddable":true,"href":"https:\/\/lima.com.tr\/en\/wp-json\/wp\/v2\/media\/7974"}],"wp:attachment":[{"href":"https:\/\/lima.com.tr\/en\/wp-json\/wp\/v2\/media?parent=6094"}],"wp:term":[{"taxonomy":"product_brand","embeddable":true,"href":"https:\/\/lima.com.tr\/en\/wp-json\/wp\/v2\/product_brand?post=6094"},{"taxonomy":"product_cat","embeddable":true,"href":"https:\/\/lima.com.tr\/en\/wp-json\/wp\/v2\/product_cat?post=6094"},{"taxonomy":"product_tag","embeddable":true,"href":"https:\/\/lima.com.tr\/en\/wp-json\/wp\/v2\/product_tag?post=6094"}],"curies":[{"name":"wp","href":"https:\/\/api.w.org\/{rel}","templated":true}]}}