{"id":6089,"date":"2019-07-18T14:00:08","date_gmt":"2019-07-18T14:00:08","guid":{"rendered":"http:\/\/lima.com.tr\/?post_type=product&#038;p=6089"},"modified":"2021-05-22T14:44:35","modified_gmt":"2021-05-22T11:44:35","slug":"pcm-3356fz21goba2e","status":"publish","type":"product","link":"https:\/\/lima.com.tr\/en\/shop\/endustriyel-bilisim\/tek-kartli-bilgisayarlar\/pc-104\/amd-tabanli-pc-104\/pcm-3356fz21goba2e\/","title":{"rendered":"PCM-3356FZ21GOBA2E"},"content":{"rendered":"<p><strong>Geni\u015fleme Se\u00e7enekleri :<\/strong> PC\/104, 1 x yar\u0131m-boy Mini PCIe<\/p>\n<p><strong>\u00c7al\u0131\u015fma S\u0131cakl\u0131\u011f\u0131 :<\/strong> -40 ~ 85\u00b0C\u00a0 (SSD ile)<\/p>\n<p><strong>Depolama S\u0131cakl\u0131\u011f\u0131 :<\/strong> -40 ~ 85 \u00b0C<\/p>\n<p><strong>Nem :<\/strong> 10 ~ 95% @ 60 \u00b0C<\/p>\n<p><strong>Sertifikalar :<\/strong> CE, FCC Class B, UL<\/p>\n<p><strong>\u0130\u015fletim Sistemi : <\/strong>WES7, WinCE6.0\/7.0,Win XPE,Ubuntu 12.04<\/p>","protected":false},"excerpt":{"rendered":"<p>PC\/104 Tek Kart Bilgisayar , AMD G-Series T16R CPU, A55E Chipset, 1GB RAM, VGA,LVDS, 4xUSB, 3xCOM, 2xGE, SATA,mSATA -40~85C<\/p>","protected":false},"featured_media":8449,"template":"","meta":[],"product_brand":[],"product_cat":[1656,107,39,1642,105,1684,96,1685,1654,1668],"product_tag":[45,44,46],"class_list":{"0":"post-6089","1":"product","2":"type-product","3":"status-publish","4":"has-post-thumbnail","6":"product_cat-akilli-sehir-altyapi","7":"product_cat-amd-tabanli-pc-104","8":"product_cat-endustriyel-bilisim","9":"product_cat-guvenlik","10":"product_cat-pc-104","11":"product_cat-savunma","12":"product_cat-tek-kartli-bilgisayarlar","13":"product_cat-tek-kartli-bilgisayarlar-savunma","14":"product_cat-tek-kartli-bilgisayarlar-guvenlik","15":"product_cat-tek-kartli-bilgisayarlar-akilli-sehir","16":"product_tag-akilli-sehir","17":"product_tag-guvenlik","18":"product_tag-savunma","19":"pa_boyut-pc-104","20":"pa_cozumler-ve-urunler-endustriyel-bilisim","21":"pa_depolama-secenekleri-1-x-hs-msata","22":"pa_depolama-secenekleri-1-x-sata","23":"pa_digital-i-o-8-bit","24":"pa_gb-lan-2-adet","25":"pa_grafik-cikisi-1-x-lvds","26":"pa_grafik-cikisi-1-x-vga","27":"pa_guc-girisi-5v-5","28":"pa_islemci-frekansi-615-mhz","29":"pa_islemci-modeli-amd-g-series-t16r","30":"pa_islemci-sinifi-amd","31":"pa_line-ses-cikis-1-adet","32":"pa_mikrofon-giris-yok","33":"pa_ram-maks-1-gb","34":"pa_ramtakili-1-gb","35":"pa_rs-232-422-485-3-adet","36":"pa_uretici-advantech","37":"pa_urun-gruplari-tek-kartli-bilgisayarlar","38":"pa_usb-2-0-4-adet","40":"first","41":"outofstock","42":"shipping-taxable","43":"product-type-variable"},"_links":{"self":[{"href":"https:\/\/lima.com.tr\/en\/wp-json\/wp\/v2\/product\/6089","targetHints":{"allow":["GET"]}}],"collection":[{"href":"https:\/\/lima.com.tr\/en\/wp-json\/wp\/v2\/product"}],"about":[{"href":"https:\/\/lima.com.tr\/en\/wp-json\/wp\/v2\/types\/product"}],"version-history":[{"count":1,"href":"https:\/\/lima.com.tr\/en\/wp-json\/wp\/v2\/product\/6089\/revisions"}],"predecessor-version":[{"id":6090,"href":"https:\/\/lima.com.tr\/en\/wp-json\/wp\/v2\/product\/6089\/revisions\/6090"}],"wp:featuredmedia":[{"embeddable":true,"href":"https:\/\/lima.com.tr\/en\/wp-json\/wp\/v2\/media\/8449"}],"wp:attachment":[{"href":"https:\/\/lima.com.tr\/en\/wp-json\/wp\/v2\/media?parent=6089"}],"wp:term":[{"taxonomy":"product_brand","embeddable":true,"href":"https:\/\/lima.com.tr\/en\/wp-json\/wp\/v2\/product_brand?post=6089"},{"taxonomy":"product_cat","embeddable":true,"href":"https:\/\/lima.com.tr\/en\/wp-json\/wp\/v2\/product_cat?post=6089"},{"taxonomy":"product_tag","embeddable":true,"href":"https:\/\/lima.com.tr\/en\/wp-json\/wp\/v2\/product_tag?post=6089"}],"curies":[{"name":"wp","href":"https:\/\/api.w.org\/{rel}","templated":true}]}}