{"id":6062,"date":"2019-07-18T10:51:42","date_gmt":"2019-07-18T10:51:42","guid":{"rendered":"http:\/\/lima.com.tr\/?post_type=product&#038;p=6062"},"modified":"2021-05-22T14:44:39","modified_gmt":"2021-05-22T11:44:39","slug":"pcm-9376ez22gm0a1e","status":"publish","type":"product","link":"https:\/\/lima.com.tr\/en\/shop\/endustriyel-bilisim\/tek-kartli-bilgisayarlar\/3-5\/amd-tabanli-3-5\/pcm-9376ez22gm0a1e\/","title":{"rendered":"PCM-9376EZ22GM0A1E"},"content":{"rendered":"<p><strong>Geni\u015fleme Se\u00e7enekleri :<\/strong> PC\/104, 1 x yar\u0131m-boy Mini PCIe, 1 x LPC (COM port eklemek i\u00e7in)<\/p>\n<p><strong>\u00c7al\u0131\u015fma S\u0131cakl\u0131\u011f\u0131 :<\/strong> -40 ~ 85\u00b0C\u00a0 (SSD ile)<\/p>\n<p><strong>Depolama S\u0131cakl\u0131\u011f\u0131 :<\/strong> -40 ~ 85 \u00b0C<\/p>\n<p><strong>Nem :<\/strong> 10 ~ 95% @ 60 \u00b0C<\/p>\n<p><strong>Sertifikalar :<\/strong> CE, FCC Class B, UL<\/p>\n<p><strong>\u0130\u015fletim Sistemi : <\/strong>WES7, Win XPE, WinCE 6.0\/7.0,Ubuntu 12.04<\/p>","protected":false},"excerpt":{"rendered":"<p>3.5&#8243; Tek Kart Bilgisayar &#8211; AMD G-Series T16R CPU, 2GB RAM, VGA, LVDS, 4xUSB, 4xCOM, 2xGE, SATA, mSATA,PC\/104, -40~85C<\/p>","protected":false},"featured_media":8454,"template":"","meta":[],"product_brand":[],"product_cat":[100,1656,102,39,1642,1684,1685,1654,1668,96],"product_tag":[45,44,46],"class_list":{"0":"post-6062","1":"product","2":"type-product","3":"status-publish","4":"has-post-thumbnail","6":"product_cat-3-5","7":"product_cat-akilli-sehir-altyapi","8":"product_cat-amd-tabanli-3-5","9":"product_cat-endustriyel-bilisim","10":"product_cat-guvenlik","11":"product_cat-savunma","12":"product_cat-tek-kartli-bilgisayarlar-savunma","13":"product_cat-tek-kartli-bilgisayarlar-guvenlik","14":"product_cat-tek-kartli-bilgisayarlar-akilli-sehir","15":"product_cat-tek-kartli-bilgisayarlar","16":"product_tag-akilli-sehir","17":"product_tag-guvenlik","18":"product_tag-savunma","19":"pa_boyut-3-5","20":"pa_cozumler-ve-urunler-endustriyel-bilisim","21":"pa_depolama-secenekleri-1-x-msata","22":"pa_depolama-secenekleri-2-x-sata","23":"pa_digital-i-o-8-bit","24":"pa_gb-lan-2-adet","25":"pa_grafik-cikisi-1-x-lvds","26":"pa_grafik-cikisi-1-x-vga","27":"pa_guc-girisi-5v-5","28":"pa_islemci-frekansi-615-mhz","29":"pa_islemci-modeli-amd-g-series-t16r","30":"pa_islemci-sinifi-amd","31":"pa_line-ses-cikis-1-adet","32":"pa_mikrofon-giris-1-adet","33":"pa_ram-maks-4-gb","34":"pa_ramtakili-2-gb","35":"pa_rs-232-2-adet","36":"pa_rs-232-422-485-2-adet","37":"pa_uretici-advantech","38":"pa_urun-gruplari-tek-kartli-bilgisayarlar","39":"pa_usb-2-0-4-adet","41":"first","42":"outofstock","43":"shipping-taxable","44":"product-type-variable"},"_links":{"self":[{"href":"https:\/\/lima.com.tr\/en\/wp-json\/wp\/v2\/product\/6062","targetHints":{"allow":["GET"]}}],"collection":[{"href":"https:\/\/lima.com.tr\/en\/wp-json\/wp\/v2\/product"}],"about":[{"href":"https:\/\/lima.com.tr\/en\/wp-json\/wp\/v2\/types\/product"}],"version-history":[{"count":1,"href":"https:\/\/lima.com.tr\/en\/wp-json\/wp\/v2\/product\/6062\/revisions"}],"predecessor-version":[{"id":6063,"href":"https:\/\/lima.com.tr\/en\/wp-json\/wp\/v2\/product\/6062\/revisions\/6063"}],"wp:featuredmedia":[{"embeddable":true,"href":"https:\/\/lima.com.tr\/en\/wp-json\/wp\/v2\/media\/8454"}],"wp:attachment":[{"href":"https:\/\/lima.com.tr\/en\/wp-json\/wp\/v2\/media?parent=6062"}],"wp:term":[{"taxonomy":"product_brand","embeddable":true,"href":"https:\/\/lima.com.tr\/en\/wp-json\/wp\/v2\/product_brand?post=6062"},{"taxonomy":"product_cat","embeddable":true,"href":"https:\/\/lima.com.tr\/en\/wp-json\/wp\/v2\/product_cat?post=6062"},{"taxonomy":"product_tag","embeddable":true,"href":"https:\/\/lima.com.tr\/en\/wp-json\/wp\/v2\/product_tag?post=6062"}],"curies":[{"name":"wp","href":"https:\/\/api.w.org\/{rel}","templated":true}]}}