{"id":6045,"date":"2019-07-18T09:48:32","date_gmt":"2019-07-18T09:48:32","guid":{"rendered":"http:\/\/lima.com.tr\/?post_type=product&#038;p=6045"},"modified":"2021-05-22T14:44:43","modified_gmt":"2021-05-22T11:44:43","slug":"pcm-9375fz2-j0a1e","status":"publish","type":"product","link":"https:\/\/lima.com.tr\/en\/shop\/endustriyel-bilisim\/tek-kartli-bilgisayarlar\/3-5\/amd-tabanli-3-5\/pcm-9375fz2-j0a1e\/","title":{"rendered":"PCM-9375FZ2-J0A1E"},"content":{"rendered":"<p><strong>Geni\u015fleme Se\u00e7enekleri :<\/strong> PC\/104<\/p>\n<p><strong>\u00c7al\u0131\u015fma S\u0131cakl\u0131\u011f\u0131 :<\/strong> -40 ~ 85\u00b0C\u00a0 (SSD ile)<\/p>\n<p><strong>Depolama S\u0131cakl\u0131\u011f\u0131 :<\/strong> -40 ~ 85 \u00b0C<\/p>\n<p><strong>Nem :<\/strong> 10 ~ 95% @ 60 \u00b0C<\/p>\n<p><strong>Sertifikalar :<\/strong> CE, FCC Class B, UL<\/p>\n<p><strong>\u0130\u015fletim Sistemi : <\/strong>WinCE, Win XPE, QNX 6.3.2\/6.4.1, VxWorks 5.5, Ubuntu 10.04.1<\/p>","protected":false},"excerpt":{"rendered":"<p>3.5&#8243; Tek Kart Bilgisayar &#8211; AMD Geode LX800 CPU, VGA, TTL LCD, 4xUSB, 4xCOM, 2xFE, CF,IDE,-40~85C<\/p>","protected":false},"featured_media":8455,"template":"","meta":[],"product_brand":[],"product_cat":[100,1656,102,39,1642,1684,96,1685,1654,1668],"product_tag":[45,44,46],"class_list":{"0":"post-6045","1":"product","2":"type-product","3":"status-publish","4":"has-post-thumbnail","6":"product_cat-3-5","7":"product_cat-akilli-sehir-altyapi","8":"product_cat-amd-tabanli-3-5","9":"product_cat-endustriyel-bilisim","10":"product_cat-guvenlik","11":"product_cat-savunma","12":"product_cat-tek-kartli-bilgisayarlar","13":"product_cat-tek-kartli-bilgisayarlar-savunma","14":"product_cat-tek-kartli-bilgisayarlar-guvenlik","15":"product_cat-tek-kartli-bilgisayarlar-akilli-sehir","16":"product_tag-akilli-sehir","17":"product_tag-guvenlik","18":"product_tag-savunma","19":"pa_10-100-mpbs-lan-2-adet","20":"pa_boyut-3-5","21":"pa_cozumler-ve-urunler-endustriyel-bilisim","22":"pa_depolama-secenekleri-1-x-cf","23":"pa_depolama-secenekleri-1-x-ide","24":"pa_digital-i-o-8-bit","25":"pa_grafik-cikisi-1-x-ttl-lcd","26":"pa_grafik-cikisi-1-x-vga","27":"pa_guc-girisi-5v-5","28":"pa_islemci-frekansi-500-mhz","29":"pa_islemci-modeli-amd-geode-lx800","30":"pa_islemci-sinifi-amd","31":"pa_line-ses-cikis-1-adet","32":"pa_mikrofon-giris-1-adet","33":"pa_ram-maks-1-gb","34":"pa_rs-232-3-adet","35":"pa_rs-232-422-485-1-adet","36":"pa_uretici-advantech","37":"pa_urun-gruplari-tek-kartli-bilgisayarlar","38":"pa_usb-2-0-4-adet","40":"first","41":"outofstock","42":"shipping-taxable","43":"product-type-variable"},"_links":{"self":[{"href":"https:\/\/lima.com.tr\/en\/wp-json\/wp\/v2\/product\/6045","targetHints":{"allow":["GET"]}}],"collection":[{"href":"https:\/\/lima.com.tr\/en\/wp-json\/wp\/v2\/product"}],"about":[{"href":"https:\/\/lima.com.tr\/en\/wp-json\/wp\/v2\/types\/product"}],"version-history":[{"count":1,"href":"https:\/\/lima.com.tr\/en\/wp-json\/wp\/v2\/product\/6045\/revisions"}],"predecessor-version":[{"id":6047,"href":"https:\/\/lima.com.tr\/en\/wp-json\/wp\/v2\/product\/6045\/revisions\/6047"}],"wp:featuredmedia":[{"embeddable":true,"href":"https:\/\/lima.com.tr\/en\/wp-json\/wp\/v2\/media\/8455"}],"wp:attachment":[{"href":"https:\/\/lima.com.tr\/en\/wp-json\/wp\/v2\/media?parent=6045"}],"wp:term":[{"taxonomy":"product_brand","embeddable":true,"href":"https:\/\/lima.com.tr\/en\/wp-json\/wp\/v2\/product_brand?post=6045"},{"taxonomy":"product_cat","embeddable":true,"href":"https:\/\/lima.com.tr\/en\/wp-json\/wp\/v2\/product_cat?post=6045"},{"taxonomy":"product_tag","embeddable":true,"href":"https:\/\/lima.com.tr\/en\/wp-json\/wp\/v2\/product_tag?post=6045"}],"curies":[{"name":"wp","href":"https:\/\/api.w.org\/{rel}","templated":true}]}}