{"id":5877,"date":"2019-07-18T07:24:11","date_gmt":"2019-07-18T07:24:11","guid":{"rendered":"http:\/\/lima.com.tr\/?post_type=product&#038;p=5877"},"modified":"2021-05-22T14:45:17","modified_gmt":"2021-05-22T11:45:17","slug":"mio-5391c5-u1a1","status":"publish","type":"product","link":"https:\/\/lima.com.tr\/en\/shop\/endustriyel-bilisim\/tek-kartli-bilgisayarlar\/3-5\/core-i-tabanli-3-5\/mio-5391c5-u1a1\/","title":{"rendered":"MIO-5391C5-U1A1"},"content":{"rendered":"<p><strong>Geni\u015fleme Se\u00e7enekleri :<\/strong> 1 x M.2 E-Key(PCIe x1, USB2.0), 1 x tam-boy mSATA (SIM slotlu)<\/p>\n<p>MIOe : DDI x 1, 4 PCIe*1, USB2.0, LPC, SMBUS, rest, Line out, Power on<\/p>\n<p><strong>\u00c7al\u0131\u015fma S\u0131cakl\u0131\u011f\u0131 :<\/strong> 0 ~ 60\u00b0C\u00a0 (SSD ile)<\/p>\n<p><strong>Depolama S\u0131cakl\u0131\u011f\u0131 :<\/strong> -40 ~ 85 \u00b0C<\/p>\n<p><strong>Nem :<\/strong> 10 ~ 95% @ 60 \u00b0C<\/p>\n<p><strong>Sertifikalar :<\/strong> CE, FCC Class B, BSMI, UL<\/p>\n<p><strong>\u0130\u015fletim Sistemi :<\/strong>Microsoft\u00ae Windows 10<\/p>","protected":false},"excerpt":{"rendered":"<p>3.5&#8243; Tek Kart Bilgisayar &#8211; Intel Core i5-7442EQ CPU, LVDS,2xHDMI, 6xUSB, 3xCOM, 2xGbE, mSATA, NVMe, TPM2.0, MIOe, 3 ba\u011f\u0131ms\u0131z monit\u00f6r, 0~60C<\/p>","protected":false},"featured_media":8436,"template":"","meta":[],"product_brand":[],"product_cat":[100,1656,103,39,1642,1684,96,1685,1654,1668],"product_tag":[45,44,46],"class_list":{"0":"post-5877","1":"product","2":"type-product","3":"status-publish","4":"has-post-thumbnail","6":"product_cat-3-5","7":"product_cat-akilli-sehir-altyapi","8":"product_cat-core-i-tabanli-3-5","9":"product_cat-endustriyel-bilisim","10":"product_cat-guvenlik","11":"product_cat-savunma","12":"product_cat-tek-kartli-bilgisayarlar","13":"product_cat-tek-kartli-bilgisayarlar-savunma","14":"product_cat-tek-kartli-bilgisayarlar-guvenlik","15":"product_cat-tek-kartli-bilgisayarlar-akilli-sehir","16":"product_tag-akilli-sehir","17":"product_tag-guvenlik","18":"product_tag-savunma","19":"pa_cozumler-ve-urunler-endustriyel-bilisim","20":"pa_depolama-secenekleri-1-x-m-2","21":"pa_depolama-secenekleri-1-x-msata","22":"pa_depolama-secenekleri-2-x-sata","23":"pa_digital-i-o-16-bit","24":"pa_gb-lan-2-adet","25":"pa_grafik-cikisi-1-x-lvds","26":"pa_grafik-cikisi-2-x-hdmi","27":"pa_guc-girisi-12-vdc--10","28":"pa_islemci-frekansi-2-1-ghz","29":"pa_islemci-modeli-intel-core-i5-7442eq-quad-core","30":"pa_islemci-sinifi-intel-core-i","31":"pa_line-ses-cikis-1-adet","32":"pa_mikrofon-giris-1-adet","33":"pa_ram-maks-32-gb","34":"pa_rs-232-422-485-3-adet","35":"pa_uretici-advantech","36":"pa_urun-gruplari-tek-kartli-bilgisayarlar","37":"pa_usb-2-0-2-adet","38":"pa_usb-3-0-4-adet","40":"first","41":"outofstock","42":"shipping-taxable","43":"product-type-variable"},"_links":{"self":[{"href":"https:\/\/lima.com.tr\/en\/wp-json\/wp\/v2\/product\/5877","targetHints":{"allow":["GET"]}}],"collection":[{"href":"https:\/\/lima.com.tr\/en\/wp-json\/wp\/v2\/product"}],"about":[{"href":"https:\/\/lima.com.tr\/en\/wp-json\/wp\/v2\/types\/product"}],"version-history":[{"count":1,"href":"https:\/\/lima.com.tr\/en\/wp-json\/wp\/v2\/product\/5877\/revisions"}],"predecessor-version":[{"id":5881,"href":"https:\/\/lima.com.tr\/en\/wp-json\/wp\/v2\/product\/5877\/revisions\/5881"}],"wp:featuredmedia":[{"embeddable":true,"href":"https:\/\/lima.com.tr\/en\/wp-json\/wp\/v2\/media\/8436"}],"wp:attachment":[{"href":"https:\/\/lima.com.tr\/en\/wp-json\/wp\/v2\/media?parent=5877"}],"wp:term":[{"taxonomy":"product_brand","embeddable":true,"href":"https:\/\/lima.com.tr\/en\/wp-json\/wp\/v2\/product_brand?post=5877"},{"taxonomy":"product_cat","embeddable":true,"href":"https:\/\/lima.com.tr\/en\/wp-json\/wp\/v2\/product_cat?post=5877"},{"taxonomy":"product_tag","embeddable":true,"href":"https:\/\/lima.com.tr\/en\/wp-json\/wp\/v2\/product_tag?post=5877"}],"curies":[{"name":"wp","href":"https:\/\/api.w.org\/{rel}","templated":true}]}}