{"id":5849,"date":"2019-07-18T07:13:03","date_gmt":"2019-07-18T07:13:03","guid":{"rendered":"http:\/\/lima.com.tr\/?post_type=product&#038;p=5849"},"modified":"2021-05-22T14:45:23","modified_gmt":"2021-05-22T11:45:23","slug":"srlf-12-rd","status":"publish","type":"product","link":"https:\/\/lima.com.tr\/en\/shop\/yapay-gorme\/endustriyel-aydinlatma-sistemleri\/dairesel-aydinlatma\/srlf-12-rd\/","title":{"rendered":"SRLf-12-RD"},"content":{"rendered":"","protected":false},"excerpt":{"rendered":"<p>Daieresel Ayd\u0131nlatma , K\u0131rm\u0131z\u0131 , 82mm &#8211; 120mm\u00a0 \u00c7ap, 30\u00b0..40\u00b0 Narrow<\/p>","protected":false},"featured_media":7849,"template":"","meta":[],"product_brand":[],"product_cat":[1656,172,1689,1652,171,1666,1642,1673,42],"product_tag":[45,44,47],"class_list":{"0":"post-5849","1":"product","2":"type-product","3":"status-publish","4":"has-post-thumbnail","6":"product_cat-akilli-sehir-altyapi","7":"product_cat-dairesel-aydinlatma","8":"product_cat-endustriyel-aydinlatma-sistemleri-uretim","9":"product_cat-endustriyel-aydinlatma-sistemleri-guvenlik","10":"product_cat-endustriyel-aydinlatma-sistemleri","11":"product_cat-endustriyel-aydinlatma-sistemleri-akilli-sehir","12":"product_cat-guvenlik","13":"product_cat-uretim","14":"product_cat-yapay-gorme","15":"product_tag-akilli-sehir","16":"product_tag-guvenlik","17":"product_tag-uretim","18":"pa_aydinlatma-alani-82mm-120mm-cap","19":"pa_besleme-voltaji-24v-dc-10","20":"pa_boyut-130mm-x-141mm-x-14mm","21":"pa_calisma-modu-flash","22":"pa_calisma-modu-surekli","23":"pa_cozumler-ve-urunler-yapay-gorme","24":"pa_konnektor-tipi-m8x1-socket-4-pin-erkek","25":"pa_koruma-derecesi-ip54","26":"pa_led-rengi-kirmizi","27":"pa_onerilen-nesne-mesafesi-100mm-300mm","28":"pa_tepe-dalga-boyu-625nm","29":"pa_tip-dairesel-aydinlatma","30":"pa_uretici-mbj-imaging","31":"pa_urun-gruplari-endustriyel-aydinlatma-sistemleri","33":"first","34":"outofstock","35":"shipping-taxable","36":"product-type-variable"},"_links":{"self":[{"href":"https:\/\/lima.com.tr\/en\/wp-json\/wp\/v2\/product\/5849","targetHints":{"allow":["GET"]}}],"collection":[{"href":"https:\/\/lima.com.tr\/en\/wp-json\/wp\/v2\/product"}],"about":[{"href":"https:\/\/lima.com.tr\/en\/wp-json\/wp\/v2\/types\/product"}],"version-history":[{"count":1,"href":"https:\/\/lima.com.tr\/en\/wp-json\/wp\/v2\/product\/5849\/revisions"}],"predecessor-version":[{"id":5853,"href":"https:\/\/lima.com.tr\/en\/wp-json\/wp\/v2\/product\/5849\/revisions\/5853"}],"wp:featuredmedia":[{"embeddable":true,"href":"https:\/\/lima.com.tr\/en\/wp-json\/wp\/v2\/media\/7849"}],"wp:attachment":[{"href":"https:\/\/lima.com.tr\/en\/wp-json\/wp\/v2\/media?parent=5849"}],"wp:term":[{"taxonomy":"product_brand","embeddable":true,"href":"https:\/\/lima.com.tr\/en\/wp-json\/wp\/v2\/product_brand?post=5849"},{"taxonomy":"product_cat","embeddable":true,"href":"https:\/\/lima.com.tr\/en\/wp-json\/wp\/v2\/product_cat?post=5849"},{"taxonomy":"product_tag","embeddable":true,"href":"https:\/\/lima.com.tr\/en\/wp-json\/wp\/v2\/product_tag?post=5849"}],"curies":[{"name":"wp","href":"https:\/\/api.w.org\/{rel}","templated":true}]}}