{"id":5835,"date":"2019-07-18T07:04:13","date_gmt":"2019-07-18T07:04:13","guid":{"rendered":"http:\/\/lima.com.tr\/?post_type=product&#038;p=5835"},"modified":"2021-05-22T14:45:25","modified_gmt":"2021-05-22T11:45:25","slug":"mio-5372z2-u7a1e","status":"publish","type":"product","link":"https:\/\/lima.com.tr\/en\/shop\/endustriyel-bilisim\/tek-kartli-bilgisayarlar\/3-5\/core-i-tabanli-3-5\/mio-5372z2-u7a1e\/","title":{"rendered":"MIO-5373Z2-U7A1E"},"content":{"rendered":"<p><strong>Geni\u015fleme Se\u00e7enekleri :<\/strong> 1 xM.2 E-Key 2230, 1 xM.2 M-Key 2280 (SATA or NVMe), 1 x mSATA<\/p>\n<p>MIOe : 4 PCIex1, 1 PCIex4, USB2.0, LPC, SMBus, Line-out, 12V\/5V Power supply<\/p>\n<p><strong>\u00c7al\u0131\u015fma S\u0131cakl\u0131\u011f\u0131 :<\/strong> -40 ~ 85\u00b0C\u00a0 (SSD ile)<\/p>\n<p><strong>Depolama S\u0131cakl\u0131\u011f\u0131 :<\/strong> -40 ~ 85 \u00b0C<\/p>\n<p><strong>Nem :<\/strong> 10 ~ 95% @ 60 \u00b0C<\/p>\n<p><strong>Sertifikalar :<\/strong> CE, FCC Class B, UL<\/p>\n<p><strong>\u0130\u015fletim Sistemi :<\/strong>Microsoft\u00ae Windows 10<\/p>\n<p><strong>Di\u011fer :\u00a0 <\/strong>2 x RS-232 (opsiyonel), 12V\/5V\/3V se\u00e7ilebilir inverter,LPC,CANBus, WDT,TPM 2.0<\/p>","protected":false},"excerpt":{"rendered":"<p>3.5&#8243; Tek Kart Bilgisayar &#8211; Intel Core i5-8365UE CPU, DP,LVDS,HDMI, 6xUSB, 1xCOM, 2xGbE, mSATA,M.2 ,CANBus, TPM 2.0, MIOe, -40~85C, 3 ba\u011f\u0131ms\u0131z monit\u00f6r<\/p>","protected":false},"featured_media":8437,"template":"","meta":[],"product_brand":[],"product_cat":[100,1656,103,39,1642,1684,1654,1668,96,1685],"product_tag":[45,44,46],"class_list":{"0":"post-5835","1":"product","2":"type-product","3":"status-publish","4":"has-post-thumbnail","6":"product_cat-3-5","7":"product_cat-akilli-sehir-altyapi","8":"product_cat-core-i-tabanli-3-5","9":"product_cat-endustriyel-bilisim","10":"product_cat-guvenlik","11":"product_cat-savunma","12":"product_cat-tek-kartli-bilgisayarlar-guvenlik","13":"product_cat-tek-kartli-bilgisayarlar-akilli-sehir","14":"product_cat-tek-kartli-bilgisayarlar","15":"product_cat-tek-kartli-bilgisayarlar-savunma","16":"product_tag-akilli-sehir","17":"product_tag-guvenlik","18":"product_tag-savunma","19":"pa_boyut-3-5","20":"pa_cozumler-ve-urunler-endustriyel-bilisim","21":"pa_depolama-secenekleri-1-x-m-2","22":"pa_depolama-secenekleri-1-x-msata","23":"pa_depolama-secenekleri-2-x-sata","24":"pa_digital-i-o-16-bit","25":"pa_gb-lan-2-adet","26":"pa_grafik-cikisi-1-x-dp","27":"pa_grafik-cikisi-1-x-hdmi","28":"pa_grafik-cikisi-1-x-lvds","29":"pa_guc-girisi-12-24-vdc","30":"pa_islemci-frekansi-1-6-ghz","31":"pa_islemci-modeli-intel-core-i5-8365ue-quad-core","32":"pa_islemci-sinifi-intel-core-i","33":"pa_line-ses-cikis-1-adet","34":"pa_mikrofon-giris-1-adet","35":"pa_ram-maks-32-gb","36":"pa_rs-232-422-485-1-adet","37":"pa_tumlesik-flash-32-gb","38":"pa_tumlesik-flash-64gb-maks","39":"pa_uretici-advantech","40":"pa_urun-gruplari-tek-kartli-bilgisayarlar","41":"pa_usb-2-0-2-adet","42":"pa_usb-3-0-4-adet","44":"first","45":"outofstock","46":"shipping-taxable","47":"product-type-variable"},"_links":{"self":[{"href":"https:\/\/lima.com.tr\/en\/wp-json\/wp\/v2\/product\/5835","targetHints":{"allow":["GET"]}}],"collection":[{"href":"https:\/\/lima.com.tr\/en\/wp-json\/wp\/v2\/product"}],"about":[{"href":"https:\/\/lima.com.tr\/en\/wp-json\/wp\/v2\/types\/product"}],"version-history":[{"count":3,"href":"https:\/\/lima.com.tr\/en\/wp-json\/wp\/v2\/product\/5835\/revisions"}],"predecessor-version":[{"id":7757,"href":"https:\/\/lima.com.tr\/en\/wp-json\/wp\/v2\/product\/5835\/revisions\/7757"}],"wp:featuredmedia":[{"embeddable":true,"href":"https:\/\/lima.com.tr\/en\/wp-json\/wp\/v2\/media\/8437"}],"wp:attachment":[{"href":"https:\/\/lima.com.tr\/en\/wp-json\/wp\/v2\/media?parent=5835"}],"wp:term":[{"taxonomy":"product_brand","embeddable":true,"href":"https:\/\/lima.com.tr\/en\/wp-json\/wp\/v2\/product_brand?post=5835"},{"taxonomy":"product_cat","embeddable":true,"href":"https:\/\/lima.com.tr\/en\/wp-json\/wp\/v2\/product_cat?post=5835"},{"taxonomy":"product_tag","embeddable":true,"href":"https:\/\/lima.com.tr\/en\/wp-json\/wp\/v2\/product_tag?post=5835"}],"curies":[{"name":"wp","href":"https:\/\/api.w.org\/{rel}","templated":true}]}}