{"id":5787,"date":"2019-07-18T06:31:17","date_gmt":"2019-07-18T06:31:17","guid":{"rendered":"http:\/\/lima.com.tr\/?post_type=product&#038;p=5787"},"modified":"2021-05-22T14:45:34","modified_gmt":"2021-05-22T11:45:34","slug":"sbl-0140-rd","status":"publish","type":"product","link":"https:\/\/lima.com.tr\/en\/shop\/yapay-gorme\/endustriyel-aydinlatma-sistemleri\/cubuk-aydinlatma\/sbl-0140-rd\/","title":{"rendered":"SBL-0140-RD"},"content":{"rendered":"","protected":false},"excerpt":{"rendered":"<p>\u00c7ubuk Ayd\u0131nlatma , K\u0131rm\u0131z\u0131 , 11mm x 402mm<\/p>","protected":false},"featured_media":7850,"template":"","meta":[],"product_brand":[],"product_cat":[1656,175,1689,1652,171,1666,1642,1673,42],"product_tag":[45,44,47],"class_list":{"0":"post-5787","1":"product","2":"type-product","3":"status-publish","4":"has-post-thumbnail","6":"product_cat-akilli-sehir-altyapi","7":"product_cat-cubuk-aydinlatma","8":"product_cat-endustriyel-aydinlatma-sistemleri-uretim","9":"product_cat-endustriyel-aydinlatma-sistemleri-guvenlik","10":"product_cat-endustriyel-aydinlatma-sistemleri","11":"product_cat-endustriyel-aydinlatma-sistemleri-akilli-sehir","12":"product_cat-guvenlik","13":"product_cat-uretim","14":"product_cat-yapay-gorme","15":"product_tag-akilli-sehir","16":"product_tag-guvenlik","17":"product_tag-uretim","18":"pa_aydinlatma-alani-11mm-x-402mm","19":"pa_besleme-voltaji-24v-dc-10","20":"pa_boyut-18mm-x-410mm-x-20mm","21":"pa_calisma-modu-flash","22":"pa_calisma-modu-surekli","23":"pa_cozumler-ve-urunler-yapay-gorme","24":"pa_konnektor-tipi-m8x1-socket-4-pin-erkek","25":"pa_koruma-derecesi-ip54","26":"pa_led-rengi-kirmizi","27":"pa_onerilen-nesne-mesafesi-30mm-300mm","28":"pa_tepe-dalga-boyu-625nm","29":"pa_tip-cubuk-aydinlatma","30":"pa_uretici-mbj-imaging","31":"pa_urun-gruplari-endustriyel-aydinlatma-sistemleri","33":"first","34":"outofstock","35":"shipping-taxable","36":"product-type-variable"},"_links":{"self":[{"href":"https:\/\/lima.com.tr\/en\/wp-json\/wp\/v2\/product\/5787","targetHints":{"allow":["GET"]}}],"collection":[{"href":"https:\/\/lima.com.tr\/en\/wp-json\/wp\/v2\/product"}],"about":[{"href":"https:\/\/lima.com.tr\/en\/wp-json\/wp\/v2\/types\/product"}],"version-history":[{"count":1,"href":"https:\/\/lima.com.tr\/en\/wp-json\/wp\/v2\/product\/5787\/revisions"}],"predecessor-version":[{"id":5789,"href":"https:\/\/lima.com.tr\/en\/wp-json\/wp\/v2\/product\/5787\/revisions\/5789"}],"wp:featuredmedia":[{"embeddable":true,"href":"https:\/\/lima.com.tr\/en\/wp-json\/wp\/v2\/media\/7850"}],"wp:attachment":[{"href":"https:\/\/lima.com.tr\/en\/wp-json\/wp\/v2\/media?parent=5787"}],"wp:term":[{"taxonomy":"product_brand","embeddable":true,"href":"https:\/\/lima.com.tr\/en\/wp-json\/wp\/v2\/product_brand?post=5787"},{"taxonomy":"product_cat","embeddable":true,"href":"https:\/\/lima.com.tr\/en\/wp-json\/wp\/v2\/product_cat?post=5787"},{"taxonomy":"product_tag","embeddable":true,"href":"https:\/\/lima.com.tr\/en\/wp-json\/wp\/v2\/product_tag?post=5787"}],"curies":[{"name":"wp","href":"https:\/\/api.w.org\/{rel}","templated":true}]}}