{"id":5778,"date":"2019-07-18T06:27:59","date_gmt":"2019-07-18T06:27:59","guid":{"rendered":"http:\/\/lima.com.tr\/?post_type=product&#038;p=5778"},"modified":"2021-05-22T14:45:36","modified_gmt":"2021-05-22T11:45:36","slug":"mio-5272z-u8a1e","status":"publish","type":"product","link":"https:\/\/lima.com.tr\/en\/shop\/endustriyel-bilisim\/tek-kartli-bilgisayarlar\/3-5\/core-i-tabanli-3-5\/mio-5272z-u8a1e\/","title":{"rendered":"MIO-5272Z-U8A1E"},"content":{"rendered":"<p><strong>Geni\u015fleme Se\u00e7enekleri :<\/strong> 1 x tam-boy mini PCIe slot (SIM slotlu), 1 x tam-boy mini PCIe slot (mSATA destekli)<\/p>\n<p>MIOe : SMBus, USB3.0, LPC, 2 x PCIe x1, line out, DisplayPort (opsiyonel), +5 Vsb\/+12 Vsb power, Power On, Reset<\/p>\n<p><strong>\u00c7al\u0131\u015fma S\u0131cakl\u0131\u011f\u0131 :<\/strong> -20 ~ 80\u00b0C\u00a0 (SSD ile)<\/p>\n<p><strong>Depolama S\u0131cakl\u0131\u011f\u0131 :<\/strong> -40 ~ 85 \u00b0C<\/p>\n<p><strong>Nem :<\/strong> 10 ~ 95% @ 60 \u00b0C<\/p>\n<p><strong>Sertifikalar :<\/strong> CE, FCC Class B, BSMI, UL<\/p>\n<p><strong>\u0130\u015fletim Sistemi :<\/strong>Microsoft\u00ae Windows 10,<\/p>","protected":false},"excerpt":{"rendered":"<p>3.5&#8243; Tek Kart Bilgisayar &#8211; Intel Core i7-7600U CPU, VGA,LVDS,HDMI, 6xUSB, 2xCOM, 2xGbE, mSATA,MIOe, 3 ba\u011f\u0131ms\u0131z monit\u00f6r, -20~80C<\/p>","protected":false},"featured_media":7979,"template":"","meta":[],"product_brand":[],"product_cat":[100,1656,103,39,1642,1684,1685,1654,1668,96],"product_tag":[45,44,46],"class_list":{"0":"post-5778","1":"product","2":"type-product","3":"status-publish","4":"has-post-thumbnail","6":"product_cat-3-5","7":"product_cat-akilli-sehir-altyapi","8":"product_cat-core-i-tabanli-3-5","9":"product_cat-endustriyel-bilisim","10":"product_cat-guvenlik","11":"product_cat-savunma","12":"product_cat-tek-kartli-bilgisayarlar-savunma","13":"product_cat-tek-kartli-bilgisayarlar-guvenlik","14":"product_cat-tek-kartli-bilgisayarlar-akilli-sehir","15":"product_cat-tek-kartli-bilgisayarlar","16":"product_tag-akilli-sehir","17":"product_tag-guvenlik","18":"product_tag-savunma","19":"pa_boyut-3-5","20":"pa_cozumler-ve-urunler-endustriyel-bilisim","21":"pa_depolama-secenekleri-1-x-msata","22":"pa_depolama-secenekleri-2-x-sata","23":"pa_digital-i-o-8-bit","24":"pa_gb-lan-2-adet","25":"pa_grafik-cikisi-1-x-hdmi","26":"pa_grafik-cikisi-1-x-lvds","27":"pa_grafik-cikisi-1-x-vga","28":"pa_guc-girisi-12-vdc--10","29":"pa_islemci-frekansi-2-8-ghz","30":"pa_islemci-modeli-intel-core-i7-7600u-dual-core","31":"pa_islemci-sinifi-intel-core-i","32":"pa_line-ses-cikis-1-adet","33":"pa_mikrofon-giris-1-adet","34":"pa_ram-maks-16-gb","35":"pa_rs-232-422-485-2-adet","36":"pa_uretici-advantech","37":"pa_urun-gruplari-tek-kartli-bilgisayarlar","38":"pa_usb-2-0-4-adet","39":"pa_usb-3-0-2-adet","41":"first","42":"outofstock","43":"shipping-taxable","44":"product-type-variable"},"_links":{"self":[{"href":"https:\/\/lima.com.tr\/en\/wp-json\/wp\/v2\/product\/5778","targetHints":{"allow":["GET"]}}],"collection":[{"href":"https:\/\/lima.com.tr\/en\/wp-json\/wp\/v2\/product"}],"about":[{"href":"https:\/\/lima.com.tr\/en\/wp-json\/wp\/v2\/types\/product"}],"version-history":[{"count":1,"href":"https:\/\/lima.com.tr\/en\/wp-json\/wp\/v2\/product\/5778\/revisions"}],"predecessor-version":[{"id":5779,"href":"https:\/\/lima.com.tr\/en\/wp-json\/wp\/v2\/product\/5778\/revisions\/5779"}],"wp:featuredmedia":[{"embeddable":true,"href":"https:\/\/lima.com.tr\/en\/wp-json\/wp\/v2\/media\/7979"}],"wp:attachment":[{"href":"https:\/\/lima.com.tr\/en\/wp-json\/wp\/v2\/media?parent=5778"}],"wp:term":[{"taxonomy":"product_brand","embeddable":true,"href":"https:\/\/lima.com.tr\/en\/wp-json\/wp\/v2\/product_brand?post=5778"},{"taxonomy":"product_cat","embeddable":true,"href":"https:\/\/lima.com.tr\/en\/wp-json\/wp\/v2\/product_cat?post=5778"},{"taxonomy":"product_tag","embeddable":true,"href":"https:\/\/lima.com.tr\/en\/wp-json\/wp\/v2\/product_tag?post=5778"}],"curies":[{"name":"wp","href":"https:\/\/api.w.org\/{rel}","templated":true}]}}