{"id":5734,"date":"2019-07-18T05:53:01","date_gmt":"2019-07-18T05:53:01","guid":{"rendered":"http:\/\/lima.com.tr\/?post_type=product&#038;p=5734"},"modified":"2021-05-22T14:45:47","modified_gmt":"2021-05-22T11:45:47","slug":"mio-5270d-s0a1e","status":"publish","type":"product","link":"https:\/\/lima.com.tr\/en\/shop\/endustriyel-bilisim\/tek-kartli-bilgisayarlar\/3-5\/amd-tabanli-3-5\/mio-5270d-s0a1e\/","title":{"rendered":"MIO-5270D-S0A1E"},"content":{"rendered":"<p><strong>Geni\u015fleme Se\u00e7enekleri :<\/strong> 1 x tam-boy mini PCIe slot,<\/p>\n<p>MIOe : SMBus, 3xUSB2.0, LPC, 4 x PCIe x1, line out, DisplayPort (opsiyonel), +5 Vsb\/+12 Vsb power, Power On, Reset<\/p>\n<p><strong>\u00c7al\u0131\u015fma S\u0131cakl\u0131\u011f\u0131 :<\/strong> 0 ~ 60\u00b0C\u00a0 (SSD ile)<\/p>\n<p><strong>Depolama S\u0131cakl\u0131\u011f\u0131 :<\/strong> -40 ~ 85 \u00b0C<\/p>\n<p><strong>Nem :<\/strong> 10 ~ 95% @ 60 \u00b0C<\/p>\n<p><strong>Sertifikalar :<\/strong> CE, FCC Class B, BSMI, UL<\/p>\n<p><strong>\u0130\u015fletim Sistemi :<\/strong>Microsoft\u00ae Windows XP\/7, WES7E SP1, WES2009, Ubuntu 12.04<\/p>","protected":false},"excerpt":{"rendered":"<p>3.5&#8243; Tek Kart Bilgisayar &#8211; AMD G-Series T40E CPU, VGA,LVDS,HDMI, 6 USB, 4 COM,mSATA,MIOe,0~60C<\/p>","protected":false},"featured_media":8441,"template":"","meta":[],"product_brand":[],"product_cat":[100,1656,102,39,1642,1684,1654,96,1668,1685],"product_tag":[45,44,46],"class_list":{"0":"post-5734","1":"product","2":"type-product","3":"status-publish","4":"has-post-thumbnail","6":"product_cat-3-5","7":"product_cat-akilli-sehir-altyapi","8":"product_cat-amd-tabanli-3-5","9":"product_cat-endustriyel-bilisim","10":"product_cat-guvenlik","11":"product_cat-savunma","12":"product_cat-tek-kartli-bilgisayarlar-guvenlik","13":"product_cat-tek-kartli-bilgisayarlar","14":"product_cat-tek-kartli-bilgisayarlar-akilli-sehir","15":"product_cat-tek-kartli-bilgisayarlar-savunma","16":"product_tag-akilli-sehir","17":"product_tag-guvenlik","18":"product_tag-savunma","19":"pa_boyut-3-5","20":"pa_cozumler-ve-urunler-endustriyel-bilisim","21":"pa_depolama-secenekleri-1-x-cfast","22":"pa_depolama-secenekleri-1-x-msata","23":"pa_depolama-secenekleri-2-x-sata","24":"pa_digital-i-o-8-bit","25":"pa_gb-lan-2-adet","26":"pa_grafik-cikisi-1-x-hdmi","27":"pa_grafik-cikisi-1-x-lvds","28":"pa_grafik-cikisi-1-x-vga","29":"pa_guc-girisi-12-vdc--10","30":"pa_islemci-frekansi-1-0-ghz","31":"pa_islemci-modeli-amd-g-series-t40e-dual-core","32":"pa_islemci-sinifi-amd","33":"pa_line-ses-cikis-1-adet","34":"pa_mikrofon-giris-1-adet","35":"pa_ram-maks-4-gb","36":"pa_rs-232-3-adet","37":"pa_rs-232-422-485-1-adet","38":"pa_uretici-advantech","39":"pa_urun-gruplari-tek-kartli-bilgisayarlar","40":"pa_usb-2-0-6-adet","42":"first","43":"outofstock","44":"shipping-taxable","45":"product-type-variable"},"_links":{"self":[{"href":"https:\/\/lima.com.tr\/en\/wp-json\/wp\/v2\/product\/5734","targetHints":{"allow":["GET"]}}],"collection":[{"href":"https:\/\/lima.com.tr\/en\/wp-json\/wp\/v2\/product"}],"about":[{"href":"https:\/\/lima.com.tr\/en\/wp-json\/wp\/v2\/types\/product"}],"version-history":[{"count":1,"href":"https:\/\/lima.com.tr\/en\/wp-json\/wp\/v2\/product\/5734\/revisions"}],"predecessor-version":[{"id":5735,"href":"https:\/\/lima.com.tr\/en\/wp-json\/wp\/v2\/product\/5734\/revisions\/5735"}],"wp:featuredmedia":[{"embeddable":true,"href":"https:\/\/lima.com.tr\/en\/wp-json\/wp\/v2\/media\/8441"}],"wp:attachment":[{"href":"https:\/\/lima.com.tr\/en\/wp-json\/wp\/v2\/media?parent=5734"}],"wp:term":[{"taxonomy":"product_brand","embeddable":true,"href":"https:\/\/lima.com.tr\/en\/wp-json\/wp\/v2\/product_brand?post=5734"},{"taxonomy":"product_cat","embeddable":true,"href":"https:\/\/lima.com.tr\/en\/wp-json\/wp\/v2\/product_cat?post=5734"},{"taxonomy":"product_tag","embeddable":true,"href":"https:\/\/lima.com.tr\/en\/wp-json\/wp\/v2\/product_tag?post=5734"}],"curies":[{"name":"wp","href":"https:\/\/api.w.org\/{rel}","templated":true}]}}