{"id":5703,"date":"2019-07-17T14:41:18","date_gmt":"2019-07-17T14:41:18","guid":{"rendered":"http:\/\/lima.com.tr\/?post_type=product&#038;p=5703"},"modified":"2021-05-22T14:45:53","modified_gmt":"2021-05-22T11:45:53","slug":"mio-5251j-u0a1e","status":"publish","type":"product","link":"https:\/\/lima.com.tr\/en\/shop\/endustriyel-bilisim\/tek-kartli-bilgisayarlar\/3-5\/atom-celeron-tabanli-3-5\/mio-5251j-u0a1e\/","title":{"rendered":"MIO-5251J-U0A1E"},"content":{"rendered":"<p><strong>Geni\u015fleme Se\u00e7enekleri :<\/strong> 1 x yar\u0131m-boy mini PCIe slot,<\/p>\n<p>MIOe : SMBus, 3xUSB2.0, LPC, 1 x PCIe x1, line out, DisplayPort*, +5 Vsb\/+12 Vsb power, Power On, Reset<\/p>\n<p><strong>\u00c7al\u0131\u015fma S\u0131cakl\u0131\u011f\u0131 :<\/strong> 0 ~ 60\u00b0C\u00a0 (SSD ile)<\/p>\n<p><strong>Depolama S\u0131cakl\u0131\u011f\u0131 :<\/strong> -40 ~ 85 \u00b0C<\/p>\n<p><strong>Nem :<\/strong> 10 ~ 95% @ 60 \u00b0C<\/p>\n<p><strong>Sertifikalar :<\/strong> CE, FCC Class B, BSMI, UL<\/p>\n<p><strong>\u0130\u015fletim Sistemi :<\/strong>Microsoft\u00ae Windows 7\/8\/10<\/p>","protected":false},"excerpt":{"rendered":"<p>3.5&#8243; Tek Kart Bilgisayar &#8211; Intel Celeron J1900 CPU, VGA,LVDS,HDMI\/DP, 5 USB, 4 COM,mSATA,MIOe,0~60C<\/p>","protected":false},"featured_media":8442,"template":"","meta":[],"product_brand":[],"product_cat":[100,1656,101,39,1642,1684,96,1668,1685,1654],"product_tag":[45,44,46],"class_list":{"0":"post-5703","1":"product","2":"type-product","3":"status-publish","4":"has-post-thumbnail","6":"product_cat-3-5","7":"product_cat-akilli-sehir-altyapi","8":"product_cat-atom-celeron-tabanli-3-5","9":"product_cat-endustriyel-bilisim","10":"product_cat-guvenlik","11":"product_cat-savunma","12":"product_cat-tek-kartli-bilgisayarlar","13":"product_cat-tek-kartli-bilgisayarlar-akilli-sehir","14":"product_cat-tek-kartli-bilgisayarlar-savunma","15":"product_cat-tek-kartli-bilgisayarlar-guvenlik","16":"product_tag-akilli-sehir","17":"product_tag-guvenlik","18":"product_tag-savunma","19":"pa_boyut-3-5","20":"pa_cozumler-ve-urunler-endustriyel-bilisim","21":"pa_depolama-secenekleri-1-x-msata","22":"pa_depolama-secenekleri-1-x-sata","23":"pa_digital-i-o-8-bit","24":"pa_gb-lan-2-adet","25":"pa_grafik-cikisi-1-x-hdmi-dp","26":"pa_grafik-cikisi-1-x-lvds","27":"pa_grafik-cikisi-1-x-vga","28":"pa_guc-girisi-12-vdc--10","29":"pa_islemci-frekansi-2-0-ghz","30":"pa_islemci-modeli-intel-celeron-j1900-quad-core","31":"pa_islemci-sinifi-intel-atom-celeron","32":"pa_line-ses-cikis-1-adet","33":"pa_mikrofon-giris-1-adet","34":"pa_ram-maks-8-gb","35":"pa_rs-232-2-adet","36":"pa_rs-232-422-485-2-adet","37":"pa_uretici-advantech","38":"pa_urun-gruplari-tek-kartli-bilgisayarlar","39":"pa_usb-2-0-4-adet","40":"pa_usb-3-0-1-adet","42":"first","43":"outofstock","44":"shipping-taxable","45":"product-type-variable"},"_links":{"self":[{"href":"https:\/\/lima.com.tr\/en\/wp-json\/wp\/v2\/product\/5703","targetHints":{"allow":["GET"]}}],"collection":[{"href":"https:\/\/lima.com.tr\/en\/wp-json\/wp\/v2\/product"}],"about":[{"href":"https:\/\/lima.com.tr\/en\/wp-json\/wp\/v2\/types\/product"}],"version-history":[{"count":1,"href":"https:\/\/lima.com.tr\/en\/wp-json\/wp\/v2\/product\/5703\/revisions"}],"predecessor-version":[{"id":5713,"href":"https:\/\/lima.com.tr\/en\/wp-json\/wp\/v2\/product\/5703\/revisions\/5713"}],"wp:featuredmedia":[{"embeddable":true,"href":"https:\/\/lima.com.tr\/en\/wp-json\/wp\/v2\/media\/8442"}],"wp:attachment":[{"href":"https:\/\/lima.com.tr\/en\/wp-json\/wp\/v2\/media?parent=5703"}],"wp:term":[{"taxonomy":"product_brand","embeddable":true,"href":"https:\/\/lima.com.tr\/en\/wp-json\/wp\/v2\/product_brand?post=5703"},{"taxonomy":"product_cat","embeddable":true,"href":"https:\/\/lima.com.tr\/en\/wp-json\/wp\/v2\/product_cat?post=5703"},{"taxonomy":"product_tag","embeddable":true,"href":"https:\/\/lima.com.tr\/en\/wp-json\/wp\/v2\/product_tag?post=5703"}],"curies":[{"name":"wp","href":"https:\/\/api.w.org\/{rel}","templated":true}]}}