{"id":5685,"date":"2019-07-17T14:24:31","date_gmt":"2019-07-17T14:24:31","guid":{"rendered":"http:\/\/lima.com.tr\/?post_type=product&#038;p=5685"},"modified":"2021-05-22T14:45:56","modified_gmt":"2021-05-22T11:45:56","slug":"mio-3360n-s2a1e","status":"publish","type":"product","link":"https:\/\/lima.com.tr\/en\/shop\/endustriyel-bilisim\/tek-kartli-bilgisayarlar\/2-5-pico-itx\/atom-celeron-tabanli-tek-kartli-bilgisayarlar\/mio-3360n-s2a1e\/","title":{"rendered":"MIO-3360N-S2A1E"},"content":{"rendered":"<p><strong>Geni\u015fleme Se\u00e7enekleri :<\/strong> 1 x yar\u0131m-boy mini PCIe slot,<\/p>\n<p>MIOe : SMBus, USB3.0, LPC, 2 x PCIe x1, line out, DisplayPort\/HDMI*, +5 Vsb\/+12 Vsb power, Power On, Reset<\/p>\n<p>64-pin connector A :\u00a0 12V DC input, Inverter, VGA, 2 x USB2.0, 1GbE w\/ LED**<\/p>\n<p>64-pin connector B :\u00a0 SMBus, I2C, Power\/Reset button, HDD\/Power LED, 2 x USB2.0, 8-bit GPIO, HD Audio Line-in, Line out, Mic-in, 2 x RS-232\/422\/485<\/p>\n<p><strong>\u00c7al\u0131\u015fma S\u0131cakl\u0131\u011f\u0131 :<\/strong> 0 ~ 60\u00b0C\u00a0 (SSD ile)<\/p>\n<p><strong>Depolama S\u0131cakl\u0131\u011f\u0131 :<\/strong> -40 ~ 85 \u00b0C<\/p>\n<p><strong>Nem :<\/strong> 10 ~ 95% @ 60 \u00b0C<\/p>\n<p><strong>Sertifikalar :<\/strong> CE, FCC Class B, BSMI, UL<\/p>\n<p><strong>\u0130\u015fletim Sistemi :<\/strong>Microsoft\u00ae Windows 10<\/p>","protected":false},"excerpt":{"rendered":"<p>2.5&#8243; Tek Kart Bilgisayar &#8211; Intel Pentium N4200 CPU, VGA,LVDS,4 USB, 2 COM,mSATA,MIOe,0~60C<\/p>","protected":false},"featured_media":8443,"template":"","meta":[],"product_brand":[],"product_cat":[97,1656,98,39,1642,1684,1654,1668,96,1685],"product_tag":[45,44,46],"class_list":{"0":"post-5685","1":"product","2":"type-product","3":"status-publish","4":"has-post-thumbnail","6":"product_cat-2-5-pico-itx","7":"product_cat-akilli-sehir-altyapi","8":"product_cat-atom-celeron-tabanli-tek-kartli-bilgisayarlar","9":"product_cat-endustriyel-bilisim","10":"product_cat-guvenlik","11":"product_cat-savunma","12":"product_cat-tek-kartli-bilgisayarlar-guvenlik","13":"product_cat-tek-kartli-bilgisayarlar-akilli-sehir","14":"product_cat-tek-kartli-bilgisayarlar","15":"product_cat-tek-kartli-bilgisayarlar-savunma","16":"product_tag-akilli-sehir","17":"product_tag-guvenlik","18":"product_tag-savunma","19":"pa_boyut-2-5-pico-itx","20":"pa_cozumler-ve-urunler-endustriyel-bilisim","21":"pa_depolama-secenekleri-1-x-msata","22":"pa_depolama-secenekleri-1-x-sata","23":"pa_digital-i-o-8-bit","24":"pa_gb-lan-1-adet","25":"pa_grafik-cikisi-1-x-lvds","26":"pa_grafik-cikisi-1-x-vga","27":"pa_guc-girisi-12-vdc--10","28":"pa_islemci-frekansi-1-1-ghz","29":"pa_islemci-modeli-intel-pentium-n4200-quad-core","30":"pa_islemci-sinifi-intel-atom-celeron","31":"pa_line-ses-cikis-1-adet","32":"pa_mikrofon-giris-1-adet","33":"pa_ram-maks-8-gb","34":"pa_ramtakili-8-gb","35":"pa_rs-232-422-485-2-adet","36":"pa_tumlesik-flash-32-gb","37":"pa_uretici-advantech","38":"pa_urun-gruplari-tek-kartli-bilgisayarlar","39":"pa_usb-2-0-4-adet","41":"first","42":"outofstock","43":"shipping-taxable","44":"product-type-variable"},"_links":{"self":[{"href":"https:\/\/lima.com.tr\/en\/wp-json\/wp\/v2\/product\/5685","targetHints":{"allow":["GET"]}}],"collection":[{"href":"https:\/\/lima.com.tr\/en\/wp-json\/wp\/v2\/product"}],"about":[{"href":"https:\/\/lima.com.tr\/en\/wp-json\/wp\/v2\/types\/product"}],"version-history":[{"count":2,"href":"https:\/\/lima.com.tr\/en\/wp-json\/wp\/v2\/product\/5685\/revisions"}],"predecessor-version":[{"id":5697,"href":"https:\/\/lima.com.tr\/en\/wp-json\/wp\/v2\/product\/5685\/revisions\/5697"}],"wp:featuredmedia":[{"embeddable":true,"href":"https:\/\/lima.com.tr\/en\/wp-json\/wp\/v2\/media\/8443"}],"wp:attachment":[{"href":"https:\/\/lima.com.tr\/en\/wp-json\/wp\/v2\/media?parent=5685"}],"wp:term":[{"taxonomy":"product_brand","embeddable":true,"href":"https:\/\/lima.com.tr\/en\/wp-json\/wp\/v2\/product_brand?post=5685"},{"taxonomy":"product_cat","embeddable":true,"href":"https:\/\/lima.com.tr\/en\/wp-json\/wp\/v2\/product_cat?post=5685"},{"taxonomy":"product_tag","embeddable":true,"href":"https:\/\/lima.com.tr\/en\/wp-json\/wp\/v2\/product_tag?post=5685"}],"curies":[{"name":"wp","href":"https:\/\/api.w.org\/{rel}","templated":true}]}}