{"id":5622,"date":"2019-07-17T14:02:46","date_gmt":"2019-07-17T14:02:46","guid":{"rendered":"http:\/\/lima.com.tr\/?post_type=product&#038;p=5622"},"modified":"2021-05-22T14:46:09","modified_gmt":"2021-05-22T11:46:09","slug":"mio-2361ew-s6a1","status":"publish","type":"product","link":"https:\/\/lima.com.tr\/en\/shop\/endustriyel-bilisim\/tek-kartli-bilgisayarlar\/2-5-pico-itx\/atom-celeron-tabanli-tek-kartli-bilgisayarlar\/mio-2361ew-s6a1\/","title":{"rendered":"MIO-2361EW-S6A1"},"content":{"rendered":"<p><strong>Geni\u015fleme Se\u00e7enekleri :<\/strong> 1 x tam-boy mini PCIe slot, 1 x M.2 E-Key<\/p>\n<p><strong>\u00c7al\u0131\u015fma S\u0131cakl\u0131\u011f\u0131 :<\/strong> -40 ~ 85\u00b0C\u00a0 (SSD ile)<\/p>\n<p><strong>Depolama S\u0131cakl\u0131\u011f\u0131 :<\/strong> -40 ~ 85 \u00b0C<\/p>\n<p><strong>Nem :<\/strong> 10 ~ 95% @ 60 \u00b0C<\/p>\n<p><strong>Sertifikalar :<\/strong> CE, FCC Class B, BSMI, UL<\/p>\n<p><strong>\u0130\u015fletim Sistemi :<\/strong>Microsoft\u00ae Windows 10<\/p>","protected":false},"excerpt":{"rendered":"<p>2.5&#8243; Tek Kart Bilgisayar &#8211; Intel Atom E3940 CPU,4GB RAM, 32GB eMMC,LVDS,HDMI 4 USB, 2 COM, SATA, -40~85C<\/p>","protected":false},"featured_media":8446,"template":"","meta":[],"product_brand":[],"product_cat":[97,1656,98,39,1642,1684,1668,96,1685,1654],"product_tag":[45,44,46],"class_list":{"0":"post-5622","1":"product","2":"type-product","3":"status-publish","4":"has-post-thumbnail","6":"product_cat-2-5-pico-itx","7":"product_cat-akilli-sehir-altyapi","8":"product_cat-atom-celeron-tabanli-tek-kartli-bilgisayarlar","9":"product_cat-endustriyel-bilisim","10":"product_cat-guvenlik","11":"product_cat-savunma","12":"product_cat-tek-kartli-bilgisayarlar-akilli-sehir","13":"product_cat-tek-kartli-bilgisayarlar","14":"product_cat-tek-kartli-bilgisayarlar-savunma","15":"product_cat-tek-kartli-bilgisayarlar-guvenlik","16":"product_tag-akilli-sehir","17":"product_tag-guvenlik","18":"product_tag-savunma","19":"pa_boyut-2-5-pico-itx","20":"pa_cozumler-ve-urunler-endustriyel-bilisim","21":"pa_depolama-secenekleri-1-x-sata","22":"pa_digital-i-o-16-bit","23":"pa_gb-lan-2-adet","24":"pa_grafik-cikisi-1-x-hdmi","25":"pa_grafik-cikisi-1-x-lvds","26":"pa_guc-girisi-12-24-vdc","27":"pa_islemci-frekansi-1-6-ghz","28":"pa_islemci-modeli-intel-atom-e3940-quad-core","29":"pa_islemci-sinifi-intel-atom-celeron","30":"pa_line-ses-cikis-1-adet","31":"pa_mikrofon-giris-1-adet","32":"pa_ram-maks-4-gb","33":"pa_ramtakili-4-gb","34":"pa_rs-232-422-485-2-adet","35":"pa_tumlesik-flash-32-gb","36":"pa_uretici-advantech","37":"pa_urun-gruplari-tek-kartli-bilgisayarlar","38":"pa_usb-2-0-2-adet","39":"pa_usb-3-0-2-adet","41":"first","42":"outofstock","43":"shipping-taxable","44":"product-type-variable"},"_links":{"self":[{"href":"https:\/\/lima.com.tr\/en\/wp-json\/wp\/v2\/product\/5622","targetHints":{"allow":["GET"]}}],"collection":[{"href":"https:\/\/lima.com.tr\/en\/wp-json\/wp\/v2\/product"}],"about":[{"href":"https:\/\/lima.com.tr\/en\/wp-json\/wp\/v2\/types\/product"}],"version-history":[{"count":3,"href":"https:\/\/lima.com.tr\/en\/wp-json\/wp\/v2\/product\/5622\/revisions"}],"predecessor-version":[{"id":5636,"href":"https:\/\/lima.com.tr\/en\/wp-json\/wp\/v2\/product\/5622\/revisions\/5636"}],"wp:featuredmedia":[{"embeddable":true,"href":"https:\/\/lima.com.tr\/en\/wp-json\/wp\/v2\/media\/8446"}],"wp:attachment":[{"href":"https:\/\/lima.com.tr\/en\/wp-json\/wp\/v2\/media?parent=5622"}],"wp:term":[{"taxonomy":"product_brand","embeddable":true,"href":"https:\/\/lima.com.tr\/en\/wp-json\/wp\/v2\/product_brand?post=5622"},{"taxonomy":"product_cat","embeddable":true,"href":"https:\/\/lima.com.tr\/en\/wp-json\/wp\/v2\/product_cat?post=5622"},{"taxonomy":"product_tag","embeddable":true,"href":"https:\/\/lima.com.tr\/en\/wp-json\/wp\/v2\/product_tag?post=5622"}],"curies":[{"name":"wp","href":"https:\/\/api.w.org\/{rel}","templated":true}]}}