{"id":5604,"date":"2019-07-17T13:42:07","date_gmt":"2019-07-17T13:42:07","guid":{"rendered":"http:\/\/lima.com.tr\/?post_type=product&#038;p=5604"},"modified":"2021-05-22T14:46:13","modified_gmt":"2021-05-22T11:46:13","slug":"dbl-4180-rd","status":"publish","type":"product","link":"https:\/\/lima.com.tr\/en\/shop\/yapay-gorme\/endustriyel-aydinlatma-sistemleri\/on-arka-aydinlatma\/dbl-4180-rd\/","title":{"rendered":"DBL-4180-RD"},"content":{"rendered":"","protected":false},"excerpt":{"rendered":"<p>Arka Ayd\u0131nlatma , K\u0131rm\u0131z\u0131 , 410mm x 800mm<\/p>","protected":false},"featured_media":7853,"template":"","meta":[],"product_brand":[],"product_cat":[1656,1666,1689,1652,171,1642,176,1673,42],"product_tag":[45,44,47],"class_list":{"0":"post-5604","1":"product","2":"type-product","3":"status-publish","4":"has-post-thumbnail","6":"product_cat-akilli-sehir-altyapi","7":"product_cat-endustriyel-aydinlatma-sistemleri-akilli-sehir","8":"product_cat-endustriyel-aydinlatma-sistemleri-uretim","9":"product_cat-endustriyel-aydinlatma-sistemleri-guvenlik","10":"product_cat-endustriyel-aydinlatma-sistemleri","11":"product_cat-guvenlik","12":"product_cat-on-arka-aydinlatma","13":"product_cat-uretim","14":"product_cat-yapay-gorme","15":"product_tag-akilli-sehir","16":"product_tag-guvenlik","17":"product_tag-uretim","18":"pa_aydinlatma-alani-410mm-x-800mm","19":"pa_besleme-voltaji-15v-23v-dc","20":"pa_boyut-460mm-x-900mm-x-17mm","21":"pa_calisma-modu-flash","22":"pa_calisma-modu-surekli","23":"pa_cozumler-ve-urunler-yapay-gorme","24":"pa_konnektor-tipi-2x-1m-kablo","25":"pa_konnektor-tipi-m8x1-socket-4-pin-erkek","26":"pa_koruma-derecesi-ip54","27":"pa_led-rengi-kirmizi","28":"pa_onerilen-nesne-mesafesi-10mm-50mm","29":"pa_tepe-dalga-boyu-625nm","30":"pa_tip-on-arka-aydinlatma","31":"pa_uretici-mbj-imaging","32":"pa_urun-gruplari-endustriyel-aydinlatma-sistemleri","34":"first","35":"outofstock","36":"shipping-taxable","37":"product-type-variable"},"_links":{"self":[{"href":"https:\/\/lima.com.tr\/en\/wp-json\/wp\/v2\/product\/5604","targetHints":{"allow":["GET"]}}],"collection":[{"href":"https:\/\/lima.com.tr\/en\/wp-json\/wp\/v2\/product"}],"about":[{"href":"https:\/\/lima.com.tr\/en\/wp-json\/wp\/v2\/types\/product"}],"version-history":[{"count":1,"href":"https:\/\/lima.com.tr\/en\/wp-json\/wp\/v2\/product\/5604\/revisions"}],"predecessor-version":[{"id":5605,"href":"https:\/\/lima.com.tr\/en\/wp-json\/wp\/v2\/product\/5604\/revisions\/5605"}],"wp:featuredmedia":[{"embeddable":true,"href":"https:\/\/lima.com.tr\/en\/wp-json\/wp\/v2\/media\/7853"}],"wp:attachment":[{"href":"https:\/\/lima.com.tr\/en\/wp-json\/wp\/v2\/media?parent=5604"}],"wp:term":[{"taxonomy":"product_brand","embeddable":true,"href":"https:\/\/lima.com.tr\/en\/wp-json\/wp\/v2\/product_brand?post=5604"},{"taxonomy":"product_cat","embeddable":true,"href":"https:\/\/lima.com.tr\/en\/wp-json\/wp\/v2\/product_cat?post=5604"},{"taxonomy":"product_tag","embeddable":true,"href":"https:\/\/lima.com.tr\/en\/wp-json\/wp\/v2\/product_tag?post=5604"}],"curies":[{"name":"wp","href":"https:\/\/api.w.org\/{rel}","templated":true}]}}