{"id":5539,"date":"2019-07-17T13:11:30","date_gmt":"2019-07-17T13:11:30","guid":{"rendered":"http:\/\/lima.com.tr\/?post_type=product&#038;p=5539"},"modified":"2021-05-22T14:46:26","modified_gmt":"2021-05-22T11:46:26","slug":"mio-2263ez-2gs3a1e","status":"publish","type":"product","link":"https:\/\/lima.com.tr\/en\/shop\/endustriyel-bilisim\/tek-kartli-bilgisayarlar\/2-5-pico-itx\/atom-celeron-tabanli-tek-kartli-bilgisayarlar\/mio-2263ez-2gs3a1e\/","title":{"rendered":"MIO-2263EZ-2GS3A1E"},"content":{"rendered":"<p><strong>Geni\u015fleme Se\u00e7enekleri :<\/strong> 1 x yar\u0131m-boy mini PCIe slot,<\/p>\n<p>MIOe : SMBus, 2 x USB2.0, LPC, 2 x PCIe x1, line out, DisplayPort\/HDMI*, +5 Vsb\/+12 Vsb power, Power On, Reset<\/p>\n<p><strong>\u00c7al\u0131\u015fma S\u0131cakl\u0131\u011f\u0131 :<\/strong> -20 ~ 80\u00b0C\u00a0 (SSD ile)<\/p>\n<p><strong>Depolama S\u0131cakl\u0131\u011f\u0131 :<\/strong> -40 ~ 85 \u00b0C<\/p>\n<p><strong>Nem :<\/strong> 10 ~ 95% @ 60 \u00b0C<\/p>\n<p><strong>Sertifikalar :<\/strong> CE, FCC Class B, BSMI, UL<\/p>\n<p><strong>\u0130\u015fletim Sistemi :<\/strong>Microsoft\u00ae Windows 7, 8<\/p>","protected":false},"excerpt":{"rendered":"<p>2.5&#8243; Tek Kart Bilgisayar &#8211; Intel Atom E3825 CPU, VGA,LVDS,4 USB, 2 COM,mSATA,MIOe,-20~80C<\/p>","protected":false},"featured_media":7977,"template":"","meta":[],"product_brand":[],"product_cat":[97,1656,98,39,1642,1668,96,1654],"product_tag":[45,44,46],"class_list":{"0":"post-5539","1":"product","2":"type-product","3":"status-publish","4":"has-post-thumbnail","6":"product_cat-2-5-pico-itx","7":"product_cat-akilli-sehir-altyapi","8":"product_cat-atom-celeron-tabanli-tek-kartli-bilgisayarlar","9":"product_cat-endustriyel-bilisim","10":"product_cat-guvenlik","11":"product_cat-tek-kartli-bilgisayarlar-akilli-sehir","12":"product_cat-tek-kartli-bilgisayarlar","13":"product_cat-tek-kartli-bilgisayarlar-guvenlik","14":"product_tag-akilli-sehir","15":"product_tag-guvenlik","16":"product_tag-savunma","17":"pa_boyut-2-5-pico-itx","18":"pa_cozumler-ve-urunler-endustriyel-bilisim","19":"pa_depolama-secenekleri-1-x-msata","20":"pa_depolama-secenekleri-1-x-sata","21":"pa_digital-i-o-8-bit","22":"pa_gb-lan-1-adet","23":"pa_grafik-cikisi-1-x-lvds","24":"pa_grafik-cikisi-1-x-vga","25":"pa_guc-girisi-12-vdc--10","26":"pa_islemci-frekansi-1-33-ghz","27":"pa_islemci-modeli-intel-atom-e3825","28":"pa_islemci-sinifi-intel-atom-celeron","29":"pa_line-ses-cikis-1-adet","30":"pa_mikrofon-giris-1-adet","31":"pa_ram-maks-8-gb","32":"pa_rs-232-1-adet","33":"pa_rs-232-422-485-1-adet","34":"pa_uretici-advantech","35":"pa_urun-gruplari-tek-kartli-bilgisayarlar","36":"pa_usb-2-0-3-adet","37":"pa_usb-3-0-1-adet","39":"first","40":"outofstock","41":"shipping-taxable","42":"product-type-variable"},"_links":{"self":[{"href":"https:\/\/lima.com.tr\/en\/wp-json\/wp\/v2\/product\/5539","targetHints":{"allow":["GET"]}}],"collection":[{"href":"https:\/\/lima.com.tr\/en\/wp-json\/wp\/v2\/product"}],"about":[{"href":"https:\/\/lima.com.tr\/en\/wp-json\/wp\/v2\/types\/product"}],"version-history":[{"count":1,"href":"https:\/\/lima.com.tr\/en\/wp-json\/wp\/v2\/product\/5539\/revisions"}],"predecessor-version":[{"id":5543,"href":"https:\/\/lima.com.tr\/en\/wp-json\/wp\/v2\/product\/5539\/revisions\/5543"}],"wp:featuredmedia":[{"embeddable":true,"href":"https:\/\/lima.com.tr\/en\/wp-json\/wp\/v2\/media\/7977"}],"wp:attachment":[{"href":"https:\/\/lima.com.tr\/en\/wp-json\/wp\/v2\/media?parent=5539"}],"wp:term":[{"taxonomy":"product_brand","embeddable":true,"href":"https:\/\/lima.com.tr\/en\/wp-json\/wp\/v2\/product_brand?post=5539"},{"taxonomy":"product_cat","embeddable":true,"href":"https:\/\/lima.com.tr\/en\/wp-json\/wp\/v2\/product_cat?post=5539"},{"taxonomy":"product_tag","embeddable":true,"href":"https:\/\/lima.com.tr\/en\/wp-json\/wp\/v2\/product_tag?post=5539"}],"curies":[{"name":"wp","href":"https:\/\/api.w.org\/{rel}","templated":true}]}}