{"id":5526,"date":"2019-07-17T13:05:48","date_gmt":"2019-07-17T13:05:48","guid":{"rendered":"http:\/\/lima.com.tr\/?post_type=product&#038;p=5526"},"modified":"2019-08-01T10:05:32","modified_gmt":"2019-08-01T10:05:32","slug":"dbl-1020-rd","status":"publish","type":"product","link":"https:\/\/lima.com.tr\/en\/shop\/yapay-gorme\/endustriyel-aydinlatma-sistemleri\/on-arka-aydinlatma\/dbl-1020-rd\/","title":{"rendered":"DBL-1020-RD"},"content":{"rendered":"","protected":false},"excerpt":{"rendered":"<p>Arka Ayd\u0131nlatma , K\u0131rm\u0131z\u0131 , 100mm x 200mm<\/p>","protected":false},"featured_media":7853,"template":"","meta":[],"product_brand":[],"product_cat":[1656,1652,171,1666,1689,1642,176,1673,42],"product_tag":[45,44,47],"class_list":{"0":"post-5526","1":"product","2":"type-product","3":"status-publish","4":"has-post-thumbnail","6":"product_cat-akilli-sehir-altyapi","7":"product_cat-endustriyel-aydinlatma-sistemleri-guvenlik","8":"product_cat-endustriyel-aydinlatma-sistemleri","9":"product_cat-endustriyel-aydinlatma-sistemleri-akilli-sehir","10":"product_cat-endustriyel-aydinlatma-sistemleri-uretim","11":"product_cat-guvenlik","12":"product_cat-on-arka-aydinlatma","13":"product_cat-uretim","14":"product_cat-yapay-gorme","15":"product_tag-akilli-sehir","16":"product_tag-guvenlik","17":"product_tag-uretim","18":"pa_aydinlatma-alani-100mm-x-200mm","19":"pa_besleme-voltaji-24v-dc-10","20":"pa_boyut-150mm-x-250mm-x-12mm","21":"pa_calisma-modu-flash","22":"pa_calisma-modu-surekli","23":"pa_cozumler-ve-urunler-yapay-gorme","24":"pa_konnektor-tipi-m8x1-socket-4-pin-erkek","25":"pa_koruma-derecesi-ip54","26":"pa_led-rengi-kirmizi","27":"pa_onerilen-nesne-mesafesi-10mm-50mm","28":"pa_tepe-dalga-boyu-625nm","29":"pa_tip-on-arka-aydinlatma","30":"pa_uretici-mbj-imaging","31":"pa_urun-gruplari-endustriyel-aydinlatma-sistemleri","33":"first","34":"outofstock","35":"shipping-taxable","36":"product-type-variable"},"_links":{"self":[{"href":"https:\/\/lima.com.tr\/en\/wp-json\/wp\/v2\/product\/5526","targetHints":{"allow":["GET"]}}],"collection":[{"href":"https:\/\/lima.com.tr\/en\/wp-json\/wp\/v2\/product"}],"about":[{"href":"https:\/\/lima.com.tr\/en\/wp-json\/wp\/v2\/types\/product"}],"version-history":[{"count":1,"href":"https:\/\/lima.com.tr\/en\/wp-json\/wp\/v2\/product\/5526\/revisions"}],"predecessor-version":[{"id":5527,"href":"https:\/\/lima.com.tr\/en\/wp-json\/wp\/v2\/product\/5526\/revisions\/5527"}],"wp:featuredmedia":[{"embeddable":true,"href":"https:\/\/lima.com.tr\/en\/wp-json\/wp\/v2\/media\/7853"}],"wp:attachment":[{"href":"https:\/\/lima.com.tr\/en\/wp-json\/wp\/v2\/media?parent=5526"}],"wp:term":[{"taxonomy":"product_brand","embeddable":true,"href":"https:\/\/lima.com.tr\/en\/wp-json\/wp\/v2\/product_brand?post=5526"},{"taxonomy":"product_cat","embeddable":true,"href":"https:\/\/lima.com.tr\/en\/wp-json\/wp\/v2\/product_cat?post=5526"},{"taxonomy":"product_tag","embeddable":true,"href":"https:\/\/lima.com.tr\/en\/wp-json\/wp\/v2\/product_tag?post=5526"}],"curies":[{"name":"wp","href":"https:\/\/api.w.org\/{rel}","templated":true}]}}