{"id":5480,"date":"2019-07-17T11:48:45","date_gmt":"2019-07-17T11:48:45","guid":{"rendered":"http:\/\/lima.com.tr\/?post_type=product&#038;p=5480"},"modified":"2019-08-02T05:42:54","modified_gmt":"2019-08-02T05:42:54","slug":"pcie-1672e-ae","status":"publish","type":"product","link":"https:\/\/lima.com.tr\/en\/shop\/yapay-gorme\/goruntu-yakalama-kartlari\/ethernet\/pcie-1672e-ae\/","title":{"rendered":"PCIE-1672E-AE"},"content":{"rendered":"<p><strong>Ethernet Communications<\/strong><br \/>\n<strong>Compatibility<\/strong> IEEE 802.3, IEEE 802.3u, IEEE802.3ab, IEEE802.3x, IEEE802.3af<br \/>\n<strong>Speed<\/strong> 10\/100\/1000 Mbps<br \/>\n<strong>No. of Ports<\/strong> 2\u00a0 Gigabit Ethernet Media Access Control (MAC) and physical layer (PHY) ports.<br \/>\n<strong>Port Connector<\/strong> 8-pin RJ45<br \/>\n<strong>Bus Interface<\/strong> PCI Express\u00ae x4 compliant<\/p>\n<p><strong>Protection<\/strong><br \/>\n<strong>ESD<\/strong> 8KV (air), 4KV (contact)<br \/>\n<strong>EFT<\/strong> 2 KV<br \/>\n<strong>Surge<\/strong> Protection 1 KV<\/p>\n<p><strong>Power Requirements<\/strong><br \/>\n<strong>Input Voltage<\/strong> 12 VDC direct from PCIe slot, or AT\/ATX System power input<br \/>\n<strong>Overload Current<\/strong> <strong>Protection<\/strong> Present<br \/>\n<strong>Connection<\/strong> AT\/ATX Power Jack<br \/>\n<strong>Output PoE Power<\/strong> 48 VDC PoE Power output, total Max. 18W (total Max. 60W with AT\/ATX System power input)<\/p>\n<p><strong>Environment<\/strong><br \/>\n<strong>Operating Temperature<\/strong> 0 ~ 50\u00b0C (32 ~ 122\u00b0F)<br \/>\n<strong>Storage Temperature<\/strong> -20 ~ 80\u00b0C (-4 ~ 176\u00b0F)<br \/>\n<strong>Operating Humidity<\/strong> 5 ~ 95% RH<\/p>","protected":false},"excerpt":{"rendered":"<p>2-port PCI Express GigE Vision G\u00f6r\u00fcnt\u00fc Yakalama Kart\u0131, PoE<\/p>","protected":false},"featured_media":7915,"template":"","meta":[],"product_brand":[],"product_cat":[1656,163,1663,1638,1680,162,1649,1642,1626,1673,42],"product_tag":[45,44,43,47],"class_list":{"0":"post-5480","1":"product","2":"type-product","3":"status-publish","4":"has-post-thumbnail","6":"product_cat-akilli-sehir-altyapi","7":"product_cat-ethernet","8":"product_cat-goruntu-yakalama-kartlari-akilli-sehir","9":"product_cat-goruntu-yakalama-kartlari-ulasim","10":"product_cat-goruntu-yakalama-kartlari-uretim","11":"product_cat-goruntu-yakalama-kartlari","12":"product_cat-goruntu-yakalama-kartlari-guvenlik","13":"product_cat-guvenlik","14":"product_cat-ulasim","15":"product_cat-uretim","16":"product_cat-yapay-gorme","17":"product_tag-akilli-sehir","18":"product_tag-guvenlik","19":"product_tag-ulasim","20":"product_tag-uretim","21":"pa_cozumler-ve-urunler-yapay-gorme","22":"pa_goruntu-formati-gige-vision","23":"pa_host-tarafi-konnektor-pcie-x4","24":"pa_on-board-goruntu-isleme-hayir","25":"pa_on-board-ram-hayir","26":"pa_tip-ethernet","27":"pa_uretici-advantech","28":"pa_urun-gruplari-goruntu-yakalama-kartlari","30":"first","31":"outofstock","32":"shipping-taxable","33":"product-type-variable"},"_links":{"self":[{"href":"https:\/\/lima.com.tr\/en\/wp-json\/wp\/v2\/product\/5480","targetHints":{"allow":["GET"]}}],"collection":[{"href":"https:\/\/lima.com.tr\/en\/wp-json\/wp\/v2\/product"}],"about":[{"href":"https:\/\/lima.com.tr\/en\/wp-json\/wp\/v2\/types\/product"}],"version-history":[{"count":1,"href":"https:\/\/lima.com.tr\/en\/wp-json\/wp\/v2\/product\/5480\/revisions"}],"predecessor-version":[{"id":5482,"href":"https:\/\/lima.com.tr\/en\/wp-json\/wp\/v2\/product\/5480\/revisions\/5482"}],"wp:featuredmedia":[{"embeddable":true,"href":"https:\/\/lima.com.tr\/en\/wp-json\/wp\/v2\/media\/7915"}],"wp:attachment":[{"href":"https:\/\/lima.com.tr\/en\/wp-json\/wp\/v2\/media?parent=5480"}],"wp:term":[{"taxonomy":"product_brand","embeddable":true,"href":"https:\/\/lima.com.tr\/en\/wp-json\/wp\/v2\/product_brand?post=5480"},{"taxonomy":"product_cat","embeddable":true,"href":"https:\/\/lima.com.tr\/en\/wp-json\/wp\/v2\/product_cat?post=5480"},{"taxonomy":"product_tag","embeddable":true,"href":"https:\/\/lima.com.tr\/en\/wp-json\/wp\/v2\/product_tag?post=5480"}],"curies":[{"name":"wp","href":"https:\/\/api.w.org\/{rel}","templated":true}]}}