{"id":5475,"date":"2019-07-17T11:38:19","date_gmt":"2019-07-17T11:38:19","guid":{"rendered":"http:\/\/lima.com.tr\/?post_type=product&#038;p=5475"},"modified":"2019-08-02T05:34:09","modified_gmt":"2019-08-02T05:34:09","slug":"pcie-1172-ae","status":"publish","type":"product","link":"https:\/\/lima.com.tr\/en\/shop\/yapay-gorme\/goruntu-yakalama-kartlari\/ethernet\/pcie-1172-ae\/","title":{"rendered":"PCIE-1172-AE"},"content":{"rendered":"<p><strong>GigE Vision<\/strong><\/p>\n<p><strong>Compatibility<\/strong> IEEE802.3af<br \/>\n<strong>Speed<\/strong> 1000 Mbps<br \/>\n<strong>No. of Ports<\/strong> 2<br \/>\n<strong>Port Connector<\/strong> 8-pin RJ45<br \/>\n<strong>Bus Interface<\/strong> PCI Express\u00ae x4<br \/>\n<strong>Jumbo Frame<\/strong> 9KB<\/p>\n<p><strong>Digital Input\/Output<\/strong><\/p>\n<p><strong>No. of Channels<\/strong> 2 input and 2 output<br \/>\n<strong>Input\/Output range<\/strong> 0-30V opto-isolated<br \/>\n<strong>Max. frequency<\/strong> 1KHz<br \/>\n<strong>Digital input interrupt<\/strong> Falling and Rising edge, normal and invert<\/p>\n<p><strong>Power Requirements<\/strong><\/p>\n<p><strong>Input Voltage<\/strong> 12 VDC direct from PCIe slot, total Max. 18W or AT\/ATX System power input<br \/>\n<strong>Overload Current<\/strong> Present<\/p>\n<p><strong>Protection<\/strong><\/p>\n<p><strong>Connection<\/strong> AT\/ATX Power Jack<br \/>\n<strong>Output PoE Power<\/strong> 48 VDC PoE Power output<\/p>\n<p><strong>Environment<\/strong><\/p>\n<p><strong>Operating Temperature<\/strong> 0 ~ 50\u00b0C (32 ~ 122\u00b0F)<br \/>\n<strong>Storage Temperature<\/strong> -20 ~ 80\u00b0C (-4 ~ 176\u00b0F)<br \/>\n<strong>Operating Humidity<\/strong> 5 ~ 95% RH<\/p>","protected":false},"excerpt":{"rendered":"<p>2-port PCI Express Intelligent GigE Vision G\u00f6r\u00fcnt\u00fc Yakalama Kart\u0131, PoE<\/p>","protected":false},"featured_media":7909,"template":"","meta":[],"product_brand":[],"product_cat":[1656,163,1663,162,1638,1680,1649,1642,1626,1673,42],"product_tag":[45,44,43,47],"class_list":{"0":"post-5475","1":"product","2":"type-product","3":"status-publish","4":"has-post-thumbnail","6":"product_cat-akilli-sehir-altyapi","7":"product_cat-ethernet","8":"product_cat-goruntu-yakalama-kartlari-akilli-sehir","9":"product_cat-goruntu-yakalama-kartlari","10":"product_cat-goruntu-yakalama-kartlari-ulasim","11":"product_cat-goruntu-yakalama-kartlari-uretim","12":"product_cat-goruntu-yakalama-kartlari-guvenlik","13":"product_cat-guvenlik","14":"product_cat-ulasim","15":"product_cat-uretim","16":"product_cat-yapay-gorme","17":"product_tag-akilli-sehir","18":"product_tag-guvenlik","19":"product_tag-ulasim","20":"product_tag-uretim","21":"pa_cozumler-ve-urunler-yapay-gorme","22":"pa_goruntu-formati-genicam","23":"pa_goruntu-formati-gentl","24":"pa_goruntu-formati-gige-vision","25":"pa_host-tarafi-konnektor-pcie-x4","26":"pa_on-board-goruntu-isleme-image-reconstruction","27":"pa_on-board-ram-evet","28":"pa_tip-ethernet","29":"pa_uretici-advantech","30":"pa_urun-gruplari-goruntu-yakalama-kartlari","32":"first","33":"outofstock","34":"shipping-taxable","35":"product-type-variable"},"_links":{"self":[{"href":"https:\/\/lima.com.tr\/en\/wp-json\/wp\/v2\/product\/5475","targetHints":{"allow":["GET"]}}],"collection":[{"href":"https:\/\/lima.com.tr\/en\/wp-json\/wp\/v2\/product"}],"about":[{"href":"https:\/\/lima.com.tr\/en\/wp-json\/wp\/v2\/types\/product"}],"version-history":[{"count":2,"href":"https:\/\/lima.com.tr\/en\/wp-json\/wp\/v2\/product\/5475\/revisions"}],"predecessor-version":[{"id":5485,"href":"https:\/\/lima.com.tr\/en\/wp-json\/wp\/v2\/product\/5475\/revisions\/5485"}],"wp:featuredmedia":[{"embeddable":true,"href":"https:\/\/lima.com.tr\/en\/wp-json\/wp\/v2\/media\/7909"}],"wp:attachment":[{"href":"https:\/\/lima.com.tr\/en\/wp-json\/wp\/v2\/media?parent=5475"}],"wp:term":[{"taxonomy":"product_brand","embeddable":true,"href":"https:\/\/lima.com.tr\/en\/wp-json\/wp\/v2\/product_brand?post=5475"},{"taxonomy":"product_cat","embeddable":true,"href":"https:\/\/lima.com.tr\/en\/wp-json\/wp\/v2\/product_cat?post=5475"},{"taxonomy":"product_tag","embeddable":true,"href":"https:\/\/lima.com.tr\/en\/wp-json\/wp\/v2\/product_tag?post=5475"}],"curies":[{"name":"wp","href":"https:\/\/api.w.org\/{rel}","templated":true}]}}