{"id":5468,"date":"2019-07-17T10:41:12","date_gmt":"2019-07-17T10:41:12","guid":{"rendered":"http:\/\/lima.com.tr\/?post_type=product&#038;p=5468"},"modified":"2024-07-30T14:15:08","modified_gmt":"2024-07-30T11:15:08","slug":"zebra-radientpro-cl","status":"publish","type":"product","link":"https:\/\/lima.com.tr\/en\/shop\/yapay-gorme\/goruntu-yakalama-kartlari\/camera-link\/zebra-radientpro-cl\/","title":{"rendered":"Zebra RadientPro CL"},"content":{"rendered":"<p>The Zebra RadientPro CL is a vision processor board supporting the highest Camera Link\u00ae acquisition rates with FPGA-based processing offload capabilities customizable by Zebra or using the optional <a href=\"https:\/\/lima.com.tr\/wp-content\/uploads\/2024\/07\/aurora-fdk-fact-sheet-en-us.pdf\" target=\"_blank\" rel=\"noopener\">Zebra Aurora FPGA Development Kit (FDK)<\/a>.<\/p>\n<h3>Benefits<\/h3>\n<ul>\n<li><strong>Capture images at the highest Camera Link rates<\/strong>\u00a0with support for the Full and 80-bit modes at up to 85MHz (single-Full model).<\/li>\n<li><strong>Eliminate lost pixels<\/strong>\u00a0through a PCIe\u00ae 2.0 x8 host interface and ample on-board buffering.<\/li>\n<li><strong>Reduce cabling and eliminate power supplies<\/strong>\u00a0by way of Power over Camera Link (PoCL) support.<\/li>\n<li><strong>Offload and accelerate image processing<\/strong>\u00a0to free and assist the host CPU using an Altera\u00ae Stratix\u00ae V FPGA.<\/li>\n<li><strong>Simplify the development of custom on-board image processing<\/strong> using the optional <a href=\"https:\/\/lima.com.tr\/wp-content\/uploads\/2024\/07\/aurora-fdk-fact-sheet-en-us.pdf\" target=\"_blank\" rel=\"noopener\">Aurora FPGA Development Kit (FDK)<\/a>.<\/li>\n<li><strong>Reduce development and validation costs<\/strong>\u00a0through a managed lifecycle offering consistent long term availability.<\/li>\n<li><strong>Implement image capture with ease and confidence<\/strong> using <a href=\"https:\/\/lima.com.tr\/en\/product\/zebra-imaging-library\/\">Zebra Imaging Library<\/a> application development toolkit.<\/li>\n<li><strong>Maintain flexibility and choice<\/strong>\u00a0by way of 64-bit Windows 7\/8.1\/10 and Linux\u00ae.<\/li>\n<\/ul>\n<p>&nbsp;<\/p>","protected":false},"excerpt":{"rendered":"<p>Camera Link\u00ae PCIe\u00ae 2.0 x8 G\u00f6r\u00fcnt\u00fc Yakalama Kart\u0131, 2 GB DDR3 SDRAM, Altera Stratix V 5SGXA3 FPGA<\/p>","protected":false},"featured_media":7866,"template":"","meta":[],"product_brand":[],"product_cat":[1656,165,1649,162,1663,1638,1680,4018,1642,1626,1673,42,4012],"product_tag":[45,44,43,47,3977,3978],"class_list":{"0":"post-5468","1":"product","2":"type-product","3":"status-publish","4":"has-post-thumbnail","6":"product_cat-akilli-sehir-altyapi","7":"product_cat-camera-link","8":"product_cat-goruntu-yakalama-kartlari-guvenlik","9":"product_cat-goruntu-yakalama-kartlari","10":"product_cat-goruntu-yakalama-kartlari-akilli-sehir","11":"product_cat-goruntu-yakalama-kartlari-ulasim","12":"product_cat-goruntu-yakalama-kartlari-uretim","13":"product_cat-goruntu-yakalama-kartlari-bp-zebra","14":"product_cat-guvenlik","15":"product_cat-ulasim","16":"product_cat-uretim","17":"product_cat-yapay-gorme","18":"product_cat-zebra","19":"product_tag-akilli-sehir","20":"product_tag-guvenlik","21":"product_tag-ulasim","22":"product_tag-uretim","23":"product_tag-zebra","24":"product_tag-zebra-technologies","25":"pa_cozumler-ve-urunler-yapay-gorme","26":"pa_goruntu-formati-dual-base-single-medium-full-camera-link-with-pocl-power-over-camera-link","27":"pa_goruntu-formati-frame-or-line-scan","28":"pa_goruntu-formati-monochrome-or-color","29":"pa_host-tarafi-konnektor-pcie-x8","30":"pa_on-board-goruntu-isleme-bayer-2x2-average-interpolation","31":"pa_on-board-goruntu-isleme-color-space-conversion","32":"pa_on-board-goruntu-isleme-image-reconstruction","33":"pa_on-board-ram-2-gb","34":"pa_tip-camera-link","35":"pa_uretici-zebra","36":"pa_urun-gruplari-goruntu-yakalama-kartlari","38":"first","39":"outofstock","40":"shipping-taxable","41":"product-type-variable"},"_links":{"self":[{"href":"https:\/\/lima.com.tr\/en\/wp-json\/wp\/v2\/product\/5468","targetHints":{"allow":["GET"]}}],"collection":[{"href":"https:\/\/lima.com.tr\/en\/wp-json\/wp\/v2\/product"}],"about":[{"href":"https:\/\/lima.com.tr\/en\/wp-json\/wp\/v2\/types\/product"}],"version-history":[{"count":5,"href":"https:\/\/lima.com.tr\/en\/wp-json\/wp\/v2\/product\/5468\/revisions"}],"predecessor-version":[{"id":16575,"href":"https:\/\/lima.com.tr\/en\/wp-json\/wp\/v2\/product\/5468\/revisions\/16575"}],"wp:featuredmedia":[{"embeddable":true,"href":"https:\/\/lima.com.tr\/en\/wp-json\/wp\/v2\/media\/7866"}],"wp:attachment":[{"href":"https:\/\/lima.com.tr\/en\/wp-json\/wp\/v2\/media?parent=5468"}],"wp:term":[{"taxonomy":"product_brand","embeddable":true,"href":"https:\/\/lima.com.tr\/en\/wp-json\/wp\/v2\/product_brand?post=5468"},{"taxonomy":"product_cat","embeddable":true,"href":"https:\/\/lima.com.tr\/en\/wp-json\/wp\/v2\/product_cat?post=5468"},{"taxonomy":"product_tag","embeddable":true,"href":"https:\/\/lima.com.tr\/en\/wp-json\/wp\/v2\/product_tag?post=5468"}],"curies":[{"name":"wp","href":"https:\/\/api.w.org\/{rel}","templated":true}]}}