{"id":5461,"date":"2019-07-17T10:21:49","date_gmt":"2019-07-17T10:21:49","guid":{"rendered":"http:\/\/lima.com.tr\/?post_type=product&#038;p=5461"},"modified":"2024-07-30T14:15:33","modified_gmt":"2024-07-30T11:15:33","slug":"zebra-radient-ev-clhs","status":"publish","type":"product","link":"https:\/\/lima.com.tr\/en\/shop\/yapay-gorme\/goruntu-yakalama-kartlari\/camera-link\/zebra-radient-ev-clhs\/","title":{"rendered":"Zebra Radient eV-CLHS"},"content":{"rendered":"<p>Zebra Radient eV-CLHS is a cost-effective, high-performance, and dependable Camera Link HS\u2122 frame grabber.<\/p>\n<h3>Benefits<\/h3>\n<ul>\n<li><strong>Capture from the next generation of higher resolution and higher speed cameras<\/strong>\u00a0using the Camera Link HS M-Protocol interface.<\/li>\n<li><strong>Ensure reliable delivery to host memory<\/strong>\u00a0by way of PCIe\u00ae 2.0 x8 host interface and ample on-board buffering.<\/li>\n<li><strong>Maximize PC compatibility and minimize slot usage<\/strong>\u00a0through a half-length design with video input and auxiliary I\/Os on the same bracket<\/li>\n<li><strong>Offload host processing<\/strong>\u00a0with on-board Bayer interpolation, color space conversion and look up tables.<\/li>\n<li><strong>Simplify application development<\/strong>\u00a0using the\u00a0Zebra <a href=\"https:\/\/lima.com.tr\/en\/product\/zebra-aurora-imaging-library\/\">Aurora Imaging Library<\/a>\u00a0toolkit on 64-bit Windows\u00ae 7\/8.1\/10 and Linux\u00ae.<\/li>\n<\/ul>\n<p>&nbsp;<\/p>","protected":false},"excerpt":{"rendered":"<p>Single C2, 7M1 (CX4) Camera Link HS\u2122 PCIe x8 G\u00f6r\u00fcnt\u00fc Yakalama Kart\u0131,2GB DDR3 SDRAM<\/p>","protected":false},"featured_media":6103,"template":"","meta":[],"product_brand":[],"product_cat":[1656,165,1663,1638,1680,162,1649,4018,1642,1626,1673,42,4012],"product_tag":[3956,3977,3978],"class_list":{"0":"post-5461","1":"product","2":"type-product","3":"status-publish","4":"has-post-thumbnail","6":"product_cat-akilli-sehir-altyapi","7":"product_cat-camera-link","8":"product_cat-goruntu-yakalama-kartlari-akilli-sehir","9":"product_cat-goruntu-yakalama-kartlari-ulasim","10":"product_cat-goruntu-yakalama-kartlari-uretim","11":"product_cat-goruntu-yakalama-kartlari","12":"product_cat-goruntu-yakalama-kartlari-guvenlik","13":"product_cat-goruntu-yakalama-kartlari-bp-zebra","14":"product_cat-guvenlik","15":"product_cat-ulasim","16":"product_cat-uretim","17":"product_cat-yapay-gorme","18":"product_cat-zebra","19":"product_tag-yapay-gorme-grup","20":"product_tag-zebra","21":"product_tag-zebra-technologies","22":"pa_goruntu-formati-frame-or-line-scan","23":"pa_goruntu-formati-monochrome-or-color","24":"pa_goruntu-formati-single-c2-7m1-cx4-camera-link-hs","25":"pa_host-tarafi-konnektor-pcie-x8","26":"pa_on-board-goruntu-isleme-bayer-2x2-average-interpolation","27":"pa_on-board-goruntu-isleme-color-space-conversion","28":"pa_on-board-ram-2-gb","29":"pa_tip-camera-link","30":"pa_uretici-zebra","32":"first","33":"outofstock","34":"shipping-taxable","35":"product-type-variable"},"_links":{"self":[{"href":"https:\/\/lima.com.tr\/en\/wp-json\/wp\/v2\/product\/5461","targetHints":{"allow":["GET"]}}],"collection":[{"href":"https:\/\/lima.com.tr\/en\/wp-json\/wp\/v2\/product"}],"about":[{"href":"https:\/\/lima.com.tr\/en\/wp-json\/wp\/v2\/types\/product"}],"version-history":[{"count":5,"href":"https:\/\/lima.com.tr\/en\/wp-json\/wp\/v2\/product\/5461\/revisions"}],"predecessor-version":[{"id":16580,"href":"https:\/\/lima.com.tr\/en\/wp-json\/wp\/v2\/product\/5461\/revisions\/16580"}],"wp:featuredmedia":[{"embeddable":true,"href":"https:\/\/lima.com.tr\/en\/wp-json\/wp\/v2\/media\/6103"}],"wp:attachment":[{"href":"https:\/\/lima.com.tr\/en\/wp-json\/wp\/v2\/media?parent=5461"}],"wp:term":[{"taxonomy":"product_brand","embeddable":true,"href":"https:\/\/lima.com.tr\/en\/wp-json\/wp\/v2\/product_brand?post=5461"},{"taxonomy":"product_cat","embeddable":true,"href":"https:\/\/lima.com.tr\/en\/wp-json\/wp\/v2\/product_cat?post=5461"},{"taxonomy":"product_tag","embeddable":true,"href":"https:\/\/lima.com.tr\/en\/wp-json\/wp\/v2\/product_tag?post=5461"}],"curies":[{"name":"wp","href":"https:\/\/api.w.org\/{rel}","templated":true}]}}