{"id":5458,"date":"2019-07-17T10:14:39","date_gmt":"2019-07-17T10:14:39","guid":{"rendered":"http:\/\/lima.com.tr\/?post_type=product&#038;p=5458"},"modified":"2024-07-30T14:15:57","modified_gmt":"2024-07-30T11:15:57","slug":"zebra-radient-ev-cl","status":"publish","type":"product","link":"https:\/\/lima.com.tr\/en\/shop\/yapay-gorme\/goruntu-yakalama-kartlari\/camera-link\/zebra-radient-ev-cl\/","title":{"rendered":"Zebra Radient eV-CL"},"content":{"rendered":"<p>Zebra Radient eV-CL cost-effective, high-performance, and dependable Camera Link\u00ae frame grabber.<\/p>\n<h3>Benefits<\/h3>\n<ul>\n<li><strong>Support the most high-performance Camera Link cameras<\/strong>\u00a0with available support for Full and 80-bit mode at up to 85 MHz.<\/li>\n<li><strong>Perform deterministic image acquisition<\/strong>\u00a0by way of the jitter-free Camera Link 2.0 interface.<\/li>\n<li><strong>Eliminate missed frames<\/strong>\u00a0through a PCIe\u00ae 2.0 x8 host interface and ample on-board buffering.<\/li>\n<li><strong>Optimize multi-camera applications<\/strong>\u00a0via support for up to four (4) Base or two (2) Full\/80-bit Camera Link cameras per board.<\/li>\n<li><strong>Minimize space requirements and maximize PC compatibility<\/strong>\u00a0through a half-length design with mini Camera Link connectivity for true single slot operation.<\/li>\n<li><strong>Improve and simplify system connectivity<\/strong>\u00a0with Power over Camera Link (PoCL) support at extended cable lengths.<\/li>\n<li><strong>Maintain flexibility and choice<\/strong>\u00a0by way of 32-bit and 64-bit Windows\u00ae 7\/8.1\/10 and Linux\u00ae.<\/li>\n<li><strong>Connect up to four<\/strong> independent Base or two independent Full Camera Link camera(s)<\/li>\n<li><strong>Video synchronization<\/strong> (including trigger input and exposure output) and auxiliary digital I\/Os<\/li>\n<\/ul>","protected":false},"excerpt":{"rendered":"<p>Dual\/Quad-Base &#8211; Single\/Dual Full\u00a0 Camera Link\u00ae PCIex8 G\u00f6r\u00fcnt\u00fc Yakalama Kart\u0131, 1GB SDRAM<\/p>","protected":false},"featured_media":6103,"template":"","meta":[],"product_brand":[],"product_cat":[1656,165,1638,1680,4018,1649,1663,162,1642,1626,1673,42,4012],"product_tag":[45,44,43,47,3977,3978],"class_list":{"0":"post-5458","1":"product","2":"type-product","3":"status-publish","4":"has-post-thumbnail","6":"product_cat-akilli-sehir-altyapi","7":"product_cat-camera-link","8":"product_cat-goruntu-yakalama-kartlari-ulasim","9":"product_cat-goruntu-yakalama-kartlari-uretim","10":"product_cat-goruntu-yakalama-kartlari-bp-zebra","11":"product_cat-goruntu-yakalama-kartlari-guvenlik","12":"product_cat-goruntu-yakalama-kartlari-akilli-sehir","13":"product_cat-goruntu-yakalama-kartlari","14":"product_cat-guvenlik","15":"product_cat-ulasim","16":"product_cat-uretim","17":"product_cat-yapay-gorme","18":"product_cat-zebra","19":"product_tag-akilli-sehir","20":"product_tag-guvenlik","21":"product_tag-ulasim","22":"product_tag-uretim","23":"product_tag-zebra","24":"product_tag-zebra-technologies","25":"pa_cozumler-ve-urunler-yapay-gorme","26":"pa_goruntu-formati-dual-base-full-quad-base-or-dual-full-camera-link-with-pocl-power-over-camera-link","27":"pa_goruntu-formati-frame-or-line-scan","28":"pa_goruntu-formati-monochrome-or-color","29":"pa_host-tarafi-konnektor-pcie-x8","30":"pa_on-board-goruntu-isleme-bayer-2x2-average-interpolation","31":"pa_on-board-goruntu-isleme-color-space-conversion","32":"pa_on-board-ram-1gb","33":"pa_tip-camera-link","34":"pa_uretici-zebra","35":"pa_urun-gruplari-goruntu-yakalama-kartlari","37":"first","38":"outofstock","39":"shipping-taxable","40":"product-type-variable"},"_links":{"self":[{"href":"https:\/\/lima.com.tr\/en\/wp-json\/wp\/v2\/product\/5458","targetHints":{"allow":["GET"]}}],"collection":[{"href":"https:\/\/lima.com.tr\/en\/wp-json\/wp\/v2\/product"}],"about":[{"href":"https:\/\/lima.com.tr\/en\/wp-json\/wp\/v2\/types\/product"}],"version-history":[{"count":5,"href":"https:\/\/lima.com.tr\/en\/wp-json\/wp\/v2\/product\/5458\/revisions"}],"predecessor-version":[{"id":16573,"href":"https:\/\/lima.com.tr\/en\/wp-json\/wp\/v2\/product\/5458\/revisions\/16573"}],"wp:featuredmedia":[{"embeddable":true,"href":"https:\/\/lima.com.tr\/en\/wp-json\/wp\/v2\/media\/6103"}],"wp:attachment":[{"href":"https:\/\/lima.com.tr\/en\/wp-json\/wp\/v2\/media?parent=5458"}],"wp:term":[{"taxonomy":"product_brand","embeddable":true,"href":"https:\/\/lima.com.tr\/en\/wp-json\/wp\/v2\/product_brand?post=5458"},{"taxonomy":"product_cat","embeddable":true,"href":"https:\/\/lima.com.tr\/en\/wp-json\/wp\/v2\/product_cat?post=5458"},{"taxonomy":"product_tag","embeddable":true,"href":"https:\/\/lima.com.tr\/en\/wp-json\/wp\/v2\/product_tag?post=5458"}],"curies":[{"name":"wp","href":"https:\/\/api.w.org\/{rel}","templated":true}]}}