{"id":5455,"date":"2019-07-17T09:57:36","date_gmt":"2019-07-17T09:57:36","guid":{"rendered":"http:\/\/lima.com.tr\/?post_type=product&#038;p=5455"},"modified":"2024-07-30T14:16:11","modified_gmt":"2024-07-30T11:16:11","slug":"zebra-solios-ecl-xcl-b","status":"publish","type":"product","link":"https:\/\/lima.com.tr\/en\/shop\/yapay-gorme\/goruntu-yakalama-kartlari\/camera-link\/zebra-solios-ecl-xcl-b\/","title":{"rendered":"Zebra Solios eCL\/XCL-B"},"content":{"rendered":"<p>Zebra Solios eCL\/XCL-B is an entry-level single-Base Camera Link\u00ae frame grabber available for PCIe\u00ae x1 or PCI-X\u00ae.<\/p>\n<h3>Key Features<\/h3>\n<ul>\n<li>PCIe x1 (eCL) or PCI-X (XCL) low profile half-length card<sup>1<\/sup><\/li>\n<li>handles one Base Camera Link configuration<sup>2,3<\/sup><\/li>\n<li>provides PoCL (Power over Camera Link) with SafePower<\/li>\n<li>acquires at up to 85 MHz<sup>4<\/sup><\/li>\n<li>64 MB acquisition buffer<\/li>\n<li>captures from frame and line scan cameras<\/li>\n<li>performs complete image reconstruction from multi-tap cameras<sup>3<\/sup><\/li>\n<li>serial communication port mapped as PC COM port<\/li>\n<li>support for rotary encoders with quadrature output<\/li>\n<li>programmed using Zebra <a href=\"https:\/\/lima.com.tr\/en\/product\/zebra-aurora-imaging-library\/\">Aurora Imaging Library<\/a>\u00a0sold separately<\/li>\n<li>supports 32-bit Windows\u00ae XP, 32\/64-bit Windows 7\/8.1\/10 and 32\/64-bit Linux\u00ae<\/li>\n<li>Video synchronization (including trigger input and exposure output) and auxiliary digital I\/Os<\/li>\n<li>Serial ports<\/li>\n<li>Optional low-profile bracket<\/li>\n<\/ul>","protected":false},"excerpt":{"rendered":"<p>Single-Base up to 85 MHz Camera Link\u00ae PCI-X\/PCIex1 G\u00f6r\u00fcnt\u00fc Yakalama Kart\u0131, \u00a064 MB DDR SDRAM<\/p>","protected":false},"featured_media":6104,"template":"","meta":[],"product_brand":[],"product_cat":[1656,165,1639,1680,4018,1649,1663,162,1642,1626,1673,42,4012],"product_tag":[45,44,43,47,3977,3978],"class_list":{"0":"post-5455","1":"product","2":"type-product","3":"status-publish","4":"has-post-thumbnail","6":"product_cat-akilli-sehir-altyapi","7":"product_cat-camera-link","8":"product_cat-goruntu-isleme-yazilimlari-ulasim","9":"product_cat-goruntu-yakalama-kartlari-uretim","10":"product_cat-goruntu-yakalama-kartlari-bp-zebra","11":"product_cat-goruntu-yakalama-kartlari-guvenlik","12":"product_cat-goruntu-yakalama-kartlari-akilli-sehir","13":"product_cat-goruntu-yakalama-kartlari","14":"product_cat-guvenlik","15":"product_cat-ulasim","16":"product_cat-uretim","17":"product_cat-yapay-gorme","18":"product_cat-zebra","19":"product_tag-akilli-sehir","20":"product_tag-guvenlik","21":"product_tag-ulasim","22":"product_tag-uretim","23":"product_tag-zebra","24":"product_tag-zebra-technologies","25":"pa_cozumler-ve-urunler-yapay-gorme","26":"pa_goruntu-formati-base-camera-link-with-pocl-power-over-camera-link","27":"pa_goruntu-formati-frame-or-line-scan","28":"pa_goruntu-formati-monochrome-or-color","29":"pa_host-tarafi-konnektor-pci-x","30":"pa_host-tarafi-konnektor-pcie-x1","31":"pa_on-board-goruntu-isleme-hayir","32":"pa_on-board-ram-64-mb","33":"pa_tip-camera-link","34":"pa_uretici-zebra","35":"pa_urun-gruplari-goruntu-yakalama-kartlari","37":"first","38":"outofstock","39":"shipping-taxable","40":"product-type-variable"},"_links":{"self":[{"href":"https:\/\/lima.com.tr\/en\/wp-json\/wp\/v2\/product\/5455","targetHints":{"allow":["GET"]}}],"collection":[{"href":"https:\/\/lima.com.tr\/en\/wp-json\/wp\/v2\/product"}],"about":[{"href":"https:\/\/lima.com.tr\/en\/wp-json\/wp\/v2\/types\/product"}],"version-history":[{"count":4,"href":"https:\/\/lima.com.tr\/en\/wp-json\/wp\/v2\/product\/5455\/revisions"}],"predecessor-version":[{"id":16581,"href":"https:\/\/lima.com.tr\/en\/wp-json\/wp\/v2\/product\/5455\/revisions\/16581"}],"wp:featuredmedia":[{"embeddable":true,"href":"https:\/\/lima.com.tr\/en\/wp-json\/wp\/v2\/media\/6104"}],"wp:attachment":[{"href":"https:\/\/lima.com.tr\/en\/wp-json\/wp\/v2\/media?parent=5455"}],"wp:term":[{"taxonomy":"product_brand","embeddable":true,"href":"https:\/\/lima.com.tr\/en\/wp-json\/wp\/v2\/product_brand?post=5455"},{"taxonomy":"product_cat","embeddable":true,"href":"https:\/\/lima.com.tr\/en\/wp-json\/wp\/v2\/product_cat?post=5455"},{"taxonomy":"product_tag","embeddable":true,"href":"https:\/\/lima.com.tr\/en\/wp-json\/wp\/v2\/product_tag?post=5455"}],"curies":[{"name":"wp","href":"https:\/\/api.w.org\/{rel}","templated":true}]}}