{"id":5452,"date":"2019-07-17T09:50:28","date_gmt":"2019-07-17T09:50:28","guid":{"rendered":"http:\/\/lima.com.tr\/?post_type=product&#038;p=5452"},"modified":"2024-07-30T14:16:35","modified_gmt":"2024-07-30T11:16:35","slug":"matrox-solios-ev-cl","status":"publish","type":"product","link":"https:\/\/lima.com.tr\/en\/shop\/yapay-gorme\/goruntu-yakalama-kartlari\/camera-link\/matrox-solios-ev-cl\/","title":{"rendered":"Zebra Solios eV-CL"},"content":{"rendered":"<p>Zebra Solios eV-CL is a value-packed PCIe\u00ae x4 frame grabber that supports the full-range of Camera Link\u00ae interfaces (dual-Base, single Medium\/Full, 10-tap and PoCL) and offloads typical pixel pre-processing tasks.<\/p>\n<h3>Benefits<\/h3>\n<ul>\n<li><strong>perform deterministic image acquisition<\/strong>\u00a0by way of the jitter-free Camera Link interface<\/li>\n<li><strong>eliminate missed frames<\/strong>\u00a0through a PCIe x4 host interface and ample on-board buffering<\/li>\n<li><strong>use the most high-performance cameras<\/strong>\u00a0with available support for 10-taps (eV-CLF\/CLFL) at 70 MHz<\/li>\n<li><strong>employ a single board<\/strong>\u00a0for area and line scan, monochrome and color (Bayer, RGB and tri-linear) acquisition<\/li>\n<li><strong>optimize multi-camera applications<\/strong>\u00a0via support for two independent cameras per board with eV-CLB\/CLBL<\/li>\n<li><strong>minimize space requirements and maximize PC compatibility<\/strong>\u00a0through a half-length design with mini Camera Link connectivity (eV-CLB\/CLF) for true single slot operation<\/li>\n<li><strong>reduce system cabling and eliminate camera power supplies<\/strong>\u00a0by way of Power over Camera Link (PoCL) support (eV-CLB\/CLBL)<\/li>\n<li><strong>free valuable host CPU resources<\/strong>\u00a0by offloading pre-processing tasks: Bayer interpolation (eV-CLB\/CLBL), color space conversion and look-up tables<\/li>\n<li><strong>reduce development and validation costs<\/strong>\u00a0through a managed lifecycle offering consistent long term availability<\/li>\n<li><strong>implement image capture with ease and confidence<\/strong> using Zebra <a href=\"https:\/\/lima.com.tr\/en\/product\/zebra-aurora-imaging-library\/\">Aurora Imaging Library (MIL)<\/a>\u00a0application development toolkit<\/li>\n<li><strong>maintain flexibility and choice<\/strong> by way of 32-bit Windows\u00ae XP, 32\/64-bit Windows 7\/8.1\/10 and 32\/64-bit Linux\u00ae support<\/li>\n<li><strong>video synchronization<\/strong> (including trigger input and exposure output) and auxiliary digital I\/Os<\/li>\n<li><strong>serial ports<\/strong><\/li>\n<li><strong>connect up to two independent Bas<\/strong>e (eV-CLB\/eV-CLBL) or one Medium\/Full (eV-CLF\/CLFL) Camera Link camera(s)<\/li>\n<\/ul>","protected":false},"excerpt":{"rendered":"<p>Single Medium &#8211; Dual-Base \/\u00a0 Single Medium &#8211; Full,\u00a0 up to 85 MHz, Camera Link\u00ae PCIe\u00ae x4 G\u00f6r\u00fcnt\u00fc Yakalama Kart\u0131<\/p>","protected":false},"featured_media":6105,"template":"","meta":[],"product_brand":[],"product_cat":[1656,165,1649,162,1663,1638,1680,4018,1642,1626,1673,42,4012],"product_tag":[45,44,43,47,3977,3978],"class_list":{"0":"post-5452","1":"product","2":"type-product","3":"status-publish","4":"has-post-thumbnail","6":"product_cat-akilli-sehir-altyapi","7":"product_cat-camera-link","8":"product_cat-goruntu-yakalama-kartlari-guvenlik","9":"product_cat-goruntu-yakalama-kartlari","10":"product_cat-goruntu-yakalama-kartlari-akilli-sehir","11":"product_cat-goruntu-yakalama-kartlari-ulasim","12":"product_cat-goruntu-yakalama-kartlari-uretim","13":"product_cat-goruntu-yakalama-kartlari-bp-zebra","14":"product_cat-guvenlik","15":"product_cat-ulasim","16":"product_cat-uretim","17":"product_cat-yapay-gorme","18":"product_cat-zebra","19":"product_tag-akilli-sehir","20":"product_tag-guvenlik","21":"product_tag-ulasim","22":"product_tag-uretim","23":"product_tag-zebra","24":"product_tag-zebra-technologies","25":"pa_cozumler-ve-urunler-yapay-gorme","26":"pa_goruntu-formati-base-camera-link-with-pocl-power-over-camera-link","27":"pa_goruntu-formati-frame-or-line-scan","28":"pa_goruntu-formati-medium-full-camera-link","29":"pa_goruntu-formati-monochrome-or-color","30":"pa_host-tarafi-konnektor-pci-x","31":"pa_host-tarafi-konnektor-pcie-x4","32":"pa_on-board-goruntu-isleme-bayer-2x2-average-interpolation-ev-clb-clbl","33":"pa_on-board-ram-256-mb","34":"pa_tip-camera-link","35":"pa_uretici-zebra","36":"pa_urun-gruplari-goruntu-yakalama-kartlari","38":"first","39":"outofstock","40":"shipping-taxable","41":"product-type-variable"},"_links":{"self":[{"href":"https:\/\/lima.com.tr\/en\/wp-json\/wp\/v2\/product\/5452","targetHints":{"allow":["GET"]}}],"collection":[{"href":"https:\/\/lima.com.tr\/en\/wp-json\/wp\/v2\/product"}],"about":[{"href":"https:\/\/lima.com.tr\/en\/wp-json\/wp\/v2\/types\/product"}],"version-history":[{"count":3,"href":"https:\/\/lima.com.tr\/en\/wp-json\/wp\/v2\/product\/5452\/revisions"}],"predecessor-version":[{"id":16584,"href":"https:\/\/lima.com.tr\/en\/wp-json\/wp\/v2\/product\/5452\/revisions\/16584"}],"wp:featuredmedia":[{"embeddable":true,"href":"https:\/\/lima.com.tr\/en\/wp-json\/wp\/v2\/media\/6105"}],"wp:attachment":[{"href":"https:\/\/lima.com.tr\/en\/wp-json\/wp\/v2\/media?parent=5452"}],"wp:term":[{"taxonomy":"product_brand","embeddable":true,"href":"https:\/\/lima.com.tr\/en\/wp-json\/wp\/v2\/product_brand?post=5452"},{"taxonomy":"product_cat","embeddable":true,"href":"https:\/\/lima.com.tr\/en\/wp-json\/wp\/v2\/product_cat?post=5452"},{"taxonomy":"product_tag","embeddable":true,"href":"https:\/\/lima.com.tr\/en\/wp-json\/wp\/v2\/product_tag?post=5452"}],"curies":[{"name":"wp","href":"https:\/\/api.w.org\/{rel}","templated":true}]}}