{"id":5442,"date":"2019-07-17T09:29:59","date_gmt":"2019-07-17T09:29:59","guid":{"rendered":"http:\/\/lima.com.tr\/?post_type=product&#038;p=5442"},"modified":"2024-07-30T14:18:35","modified_gmt":"2024-07-30T11:18:35","slug":"zebra-concord-poe","status":"publish","type":"product","link":"https:\/\/lima.com.tr\/en\/shop\/yapay-gorme\/goruntu-yakalama-kartlari\/ethernet\/zebra-concord-poe\/","title":{"rendered":"Zebra Concord PoE"},"content":{"rendered":"<p>Zebra Concord PoE is a new generation of Gigabit Ethernet adaptors for interfacing one or more GigE Vision\u00ae cameras supporting power-over-Ethernet (PoE). Available with two or four Gigabit Ethernet ports, these network interface cards (NICs) simplify system configuration, not only by handling command and streaming protocols but also providing power over a single standard Cat 5e\/6 cable per camera connection. An isolated PoE implementation protects cameras, board, and host computer from damage due to electrical faults and stray current that adversely affects camera detection.<\/p>\n<p>Optionally, Zebra Concord PoE also provides useful trigger-over-Ethernet (ToE) capability for multiple cameras working together. Hardware-assisted ToE capability allows the sending of a software trigger or an action-command to one or more cameras based on an external input event. The ToE applies to camera(s) on the same or multiple Ethernet ports for a given trigger event. Moreover, this ToE feature helps reduce trigger latency and remove jitter brought on by a non-deterministic host environment. The ToE option includes digital I\/Os that are managed by a dedicated hardware-assisted mechanism for real-time performance.<\/p>\n<h3>Zebra Concord PoE at a glance<\/h3>\n<ul>\n<li><strong>Simplify cabling between cameras and vision computer<\/strong>\u00a0through PoE support<\/li>\n<li><strong>Facilitate multi-camera configuratio<\/strong>\u00a0with two or four Gigabit Ethernet ports<\/li>\n<li><strong>Trigger multiple cameras simultaneously and reliably<\/strong>\u00a0using hardware-assisted ToE<\/li>\n<li><strong>Digital I\/Os with hardware-assisted management<\/strong>\u00a0enables real-time synchronization<\/li>\n<li><strong>Deploy pre-licensed for GigE Vision support<\/strong> in Zebra Imaging Libabry software<\/li>\n<li><strong>Avoid the need for a separate hardware key<\/strong> through a license fingerprint for additional <a href=\"https:\/\/lima.com.tr\/en\/product\/zebra-imaging-library\/\">Zebra Imaging Library<\/a>\u00a0features<\/li>\n<\/ul>","protected":false},"excerpt":{"rendered":"<p>2\/4 port\u00a0 PoE PCIex4 GigE Vision G\u00f6r\u00fcnt\u00fc Yakalama Kart\u0131<\/p>","protected":false},"featured_media":6107,"template":"","meta":[],"product_brand":[],"product_cat":[1656,163,1638,1680,1649,162,1663,1642,4019,3976,1626,1673,42,4012],"product_tag":[45,44,43,47,3977,3978],"class_list":{"0":"post-5442","1":"product","2":"type-product","3":"status-publish","4":"has-post-thumbnail","6":"product_cat-akilli-sehir-altyapi","7":"product_cat-ethernet","8":"product_cat-goruntu-yakalama-kartlari-ulasim","9":"product_cat-goruntu-yakalama-kartlari-uretim","10":"product_cat-goruntu-yakalama-kartlari-guvenlik","11":"product_cat-goruntu-yakalama-kartlari","12":"product_cat-goruntu-yakalama-kartlari-akilli-sehir","13":"product_cat-guvenlik","14":"product_cat-mv-pc-interface-zebra","15":"product_cat-mv-pc-interface","16":"product_cat-ulasim","17":"product_cat-uretim","18":"product_cat-yapay-gorme","19":"product_cat-zebra","20":"product_tag-akilli-sehir","21":"product_tag-guvenlik","22":"product_tag-ulasim","23":"product_tag-uretim","24":"product_tag-zebra","25":"product_tag-zebra-technologies","26":"pa_cozumler-ve-urunler-yapay-gorme","27":"pa_goruntu-formati-gige-vision","28":"pa_host-tarafi-konnektor-pcie-x4","29":"pa_on-board-goruntu-isleme-hayir","30":"pa_on-board-ram-hayir","31":"pa_tip-ethernet","32":"pa_uretici-zebra","33":"pa_urun-gruplari-goruntu-yakalama-kartlari","35":"first","36":"outofstock","37":"shipping-taxable","38":"product-type-variable"},"_links":{"self":[{"href":"https:\/\/lima.com.tr\/en\/wp-json\/wp\/v2\/product\/5442","targetHints":{"allow":["GET"]}}],"collection":[{"href":"https:\/\/lima.com.tr\/en\/wp-json\/wp\/v2\/product"}],"about":[{"href":"https:\/\/lima.com.tr\/en\/wp-json\/wp\/v2\/types\/product"}],"version-history":[{"count":5,"href":"https:\/\/lima.com.tr\/en\/wp-json\/wp\/v2\/product\/5442\/revisions"}],"predecessor-version":[{"id":16574,"href":"https:\/\/lima.com.tr\/en\/wp-json\/wp\/v2\/product\/5442\/revisions\/16574"}],"wp:featuredmedia":[{"embeddable":true,"href":"https:\/\/lima.com.tr\/en\/wp-json\/wp\/v2\/media\/6107"}],"wp:attachment":[{"href":"https:\/\/lima.com.tr\/en\/wp-json\/wp\/v2\/media?parent=5442"}],"wp:term":[{"taxonomy":"product_brand","embeddable":true,"href":"https:\/\/lima.com.tr\/en\/wp-json\/wp\/v2\/product_brand?post=5442"},{"taxonomy":"product_cat","embeddable":true,"href":"https:\/\/lima.com.tr\/en\/wp-json\/wp\/v2\/product_cat?post=5442"},{"taxonomy":"product_tag","embeddable":true,"href":"https:\/\/lima.com.tr\/en\/wp-json\/wp\/v2\/product_tag?post=5442"}],"curies":[{"name":"wp","href":"https:\/\/api.w.org\/{rel}","templated":true}]}}