{"id":5429,"date":"2019-07-17T08:32:09","date_gmt":"2019-07-17T08:32:09","guid":{"rendered":"http:\/\/lima.com.tr\/?post_type=product&#038;p=5429"},"modified":"2024-07-30T16:32:18","modified_gmt":"2024-07-30T13:32:18","slug":"zebra-clarity-uhd","status":"publish","type":"product","link":"https:\/\/lima.com.tr\/en\/shop\/yapay-gorme\/goruntu-yakalama-kartlari\/diger\/zebra-clarity-uhd\/","title":{"rendered":"Zebra Clarity UHD"},"content":{"rendered":"<p>Zebra Clarity UHD is a comprehensive video capture card supporting the full range of video formats from standard definition (SD) to high definition (HD) all the way to ultra-high definition (UHD). Mini DisplayPort, HD-BNC, HDMI and custom analog DVI<sup>1<\/sup>\u00a0connectivity are provided to hook up to and switch between the different types of legacy and advanced video sources used in medical, surveillance and simulation training applications.<\/p>\n<h3>Benefits<\/h3>\n<ul>\n<li><strong>Capture from legacy to the latest video sources<\/strong>\u00a0through support for standard definition (SD) analog to ultra-high definition (UHD) digital formats<\/li>\n<li><strong>Connect and switch between different video sources<\/strong>\u00a0via Mini DisplayPort, HD-BNC, HDMI and custom analog DVI<sup>1<\/sup>\u00a0connectivity<\/li>\n<li><strong>Handle multiple video sources<\/strong>\u00a0with the simultaneous capture of up to four HD or two UHD streams<sup>2<\/sup><\/li>\n<li><strong>Optimize video transmission and storage<\/strong>\u00a0through onboard multi-stream H.264 encoding<\/li>\n<li><strong>Minimize system footprint<\/strong>\u00a0by way of a single-slot PCIe\u00ae card design<\/li>\n<li><strong>Simplify application development<\/strong> using the Zebra <a href=\"https:\/\/lima.com.tr\/en\/product\/zebra-aurora-imaging-library\/\">Aurora Imaging Library<\/a> software development kit (SDK)<\/li>\n<li><strong>Deploy on a current platform of choice<\/strong>\u00a0with support for 64-bit Windows\u00ae 7\/10 and Linux\u00ae<sup>3<\/sup><\/li>\n<li>USB Type C to DVI-I adaptor cable supplied<\/li>\n<li>A maximum combined bandwidth of 4 GB\/sec.<\/li>\n<\/ul>\n<p>&nbsp;<\/p>\n<p>&nbsp;<\/p>","protected":false},"excerpt":{"rendered":"<p>\u00c7oklu-format \u00e7oklu-giri\u015f UHD video yakalama kart\u0131 , opsiyonel H.264 s\u0131k\u0131\u015ft\u0131rma<\/p>","protected":false},"featured_media":7919,"template":"","meta":[],"product_brand":[],"product_cat":[1656,1690,1680,1649,4018,162,1663,1638,1642,1626,1673,42,4012],"product_tag":[45,44,43,47,3977,3978],"class_list":{"0":"post-5429","1":"product","2":"type-product","3":"status-publish","4":"has-post-thumbnail","6":"product_cat-akilli-sehir-altyapi","7":"product_cat-diger","8":"product_cat-goruntu-yakalama-kartlari-uretim","9":"product_cat-goruntu-yakalama-kartlari-guvenlik","10":"product_cat-goruntu-yakalama-kartlari-bp-zebra","11":"product_cat-goruntu-yakalama-kartlari","12":"product_cat-goruntu-yakalama-kartlari-akilli-sehir","13":"product_cat-goruntu-yakalama-kartlari-ulasim","14":"product_cat-guvenlik","15":"product_cat-ulasim","16":"product_cat-uretim","17":"product_cat-yapay-gorme","18":"product_cat-zebra","19":"product_tag-akilli-sehir","20":"product_tag-guvenlik","21":"product_tag-ulasim","22":"product_tag-uretim","23":"product_tag-zebra","24":"product_tag-zebra-technologies","25":"pa_cozumler-ve-urunler-yapay-gorme","26":"pa_goruntu-formati-analog-cvbs-rgb-ve-y-c","27":"pa_goruntu-formati-displayport-1-2","28":"pa_goruntu-formati-hdmi","29":"pa_goruntu-formati-sdi-12g","30":"pa_goruntu-formati-single-link-dvi-via-hdmi","31":"pa_host-tarafi-konnektor-pcie-x8","32":"pa_on-board-goruntu-isleme-h-264-encoding-opsiyonel","33":"pa_on-board-goruntu-isleme-scaling-compositing-and-de-interlacing","34":"pa_on-board-ram-4gb","35":"pa_tip-diger","36":"pa_uretici-zebra","37":"pa_urun-gruplari-goruntu-yakalama-kartlari","39":"first","40":"outofstock","41":"shipping-taxable","42":"product-type-variable"},"_links":{"self":[{"href":"https:\/\/lima.com.tr\/en\/wp-json\/wp\/v2\/product\/5429","targetHints":{"allow":["GET"]}}],"collection":[{"href":"https:\/\/lima.com.tr\/en\/wp-json\/wp\/v2\/product"}],"about":[{"href":"https:\/\/lima.com.tr\/en\/wp-json\/wp\/v2\/types\/product"}],"version-history":[{"count":4,"href":"https:\/\/lima.com.tr\/en\/wp-json\/wp\/v2\/product\/5429\/revisions"}],"predecessor-version":[{"id":16585,"href":"https:\/\/lima.com.tr\/en\/wp-json\/wp\/v2\/product\/5429\/revisions\/16585"}],"wp:featuredmedia":[{"embeddable":true,"href":"https:\/\/lima.com.tr\/en\/wp-json\/wp\/v2\/media\/7919"}],"wp:attachment":[{"href":"https:\/\/lima.com.tr\/en\/wp-json\/wp\/v2\/media?parent=5429"}],"wp:term":[{"taxonomy":"product_brand","embeddable":true,"href":"https:\/\/lima.com.tr\/en\/wp-json\/wp\/v2\/product_brand?post=5429"},{"taxonomy":"product_cat","embeddable":true,"href":"https:\/\/lima.com.tr\/en\/wp-json\/wp\/v2\/product_cat?post=5429"},{"taxonomy":"product_tag","embeddable":true,"href":"https:\/\/lima.com.tr\/en\/wp-json\/wp\/v2\/product_tag?post=5429"}],"curies":[{"name":"wp","href":"https:\/\/api.w.org\/{rel}","templated":true}]}}