{"id":5420,"date":"2019-07-17T07:35:21","date_gmt":"2019-07-17T07:35:21","guid":{"rendered":"http:\/\/lima.com.tr\/?post_type=product&#038;p=5420"},"modified":"2024-07-29T15:27:15","modified_gmt":"2024-07-29T12:27:15","slug":"zebra-4sight-ev7","status":"publish","type":"product","link":"https:\/\/lima.com.tr\/en\/shop\/yapay-gorme\/yapay-gorme-pc\/core-i-tabanli-yapay-gorme-pc\/zebra-4sight-ev7\/","title":{"rendered":"Zebra 4Sight EV7"},"content":{"rendered":"<p><strong>Fabrika sahas\u0131nda kullan\u0131lmak \u00fczere haz\u0131r:<\/strong><\/p>\n<p>Zebra\u00ae 4Sight EV7, \u00e7oklu kamera kullanan uygulamalar i\u00e7in \u00fcretilmi\u015f end\u00fcstriyel bir bilgisayar platformudur. Fans\u0131z, kompakt tasar\u0131m\u0131, \u00e7oklu GigE Vision\u00ae ve USB3 Vision\u00ae ba\u011flant\u0131lar\u0131 Zebra 4Sight EV7&#8217;yi \u00fcretim bantlar\u0131nda \u00e7ok say\u0131da kamera ba\u011flamak i\u00e7in ideal k\u0131lmaktad\u0131r.<\/p>\n<p>Zebra Technologies\u2019in 25 y\u0131ll\u0131k yapay g\u00f6rme birikiminden yararlanmak isteyenler i\u00e7in se\u00e7imli olarak Zebra Aurora Imaging Library ve Aurora Design Assistant yaz\u0131l\u0131mlar\u0131 haz\u0131r y\u00fckl\u00fc olarak teslim edilebilmektedir.<\/p>\n<p><strong>Sertifikalar :<\/strong><\/p>\n<ul>\n<li>FCC Class A<\/li>\n<li>CE Class A<\/li>\n<li>ICES-003 Class A<\/li>\n<li>RCM Class A<\/li>\n<\/ul>\n<p><strong>\u0130\u015fletim Sistemi (y\u00fckl\u00fc):<\/strong>Windows 10 IoT Enterprise 2019 (64-bit)<\/p>\n<p><strong>M.2 SSD (tak\u0131l\u0131):<\/strong> 256 GB MLC<\/p>\n<p><strong>RAM (tak\u0131l\u0131): <\/strong>16GB DDR4<\/p>\n<p>&nbsp;<\/p>","protected":false},"excerpt":{"rendered":"<p>Fans\u0131z Yapay G\u00f6rme Bilgisayar\u0131, 12. nesil Intel\u00ae Core i5-1250PE \/ Intel Core i3-1220PE,\u00a0 256GB SSD,\u00a0 4-Kanal GigE PoE , 2-Kanal GigE, 4 x USB 3.2 , 8 x DI , 8 x DO<\/p>","protected":false},"featured_media":16591,"template":"","meta":[],"product_brand":[],"product_cat":[1656,169,1642,1673,42,1678,167,1647,4013,1661,4012],"product_tag":[45,44,47,3977,3978],"class_list":{"0":"post-5420","1":"product","2":"type-product","3":"status-publish","4":"has-post-thumbnail","6":"product_cat-akilli-sehir-altyapi","7":"product_cat-core-i-tabanli-yapay-gorme-pc","8":"product_cat-guvenlik","9":"product_cat-uretim","10":"product_cat-yapay-gorme","11":"product_cat-yapay-gorme-pc-uretim","12":"product_cat-yapay-gorme-pc","13":"product_cat-yapay-gorme-pc-guvenlik","14":"product_cat-yapay-gorme-pc-zebra","15":"product_cat-yapay-gorme-pc-akilli-sehir","16":"product_cat-zebra","17":"product_tag-akilli-sehir","18":"product_tag-guvenlik","19":"product_tag-uretim","20":"product_tag-zebra","21":"product_tag-zebra-technologies","22":"pa_cozumler-ve-urunler-yapay-gorme","23":"pa_depolama-secenekleri-1-x-m-2","24":"pa_depolama-secenekleri-2-x-2-5-ssd-hdd","25":"pa_digital-i-o-16-kanal","26":"pa_gb-lan-2-adet","27":"pa_gb-lan-poe-4-adet","28":"pa_grafik-cikisi-1-x-dp","29":"pa_grafik-cikisi-1-x-dvi-i","30":"pa_guc-girisi-9-27-vdc","31":"pa_islemci-frekansi-2-1-ghz","32":"pa_islemci-modeli-core-i3-1220p","33":"pa_islemci-modeli-core-i5-1250pe","34":"pa_islemci-sinifi-intel-core-i","35":"pa_line-ses-cikis-1-adet","36":"pa_mikrofon-giris-1-adet","37":"pa_ram-maks-32-gb","38":"pa_ramtakili-16-gb","39":"pa_rs-232-1-adet","40":"pa_rs-232-485-1-adet","41":"pa_uretici-zebra","42":"pa_urun-gruplari-vision-pc","43":"pa_usb-2-0-2-adet","44":"pa_usb-3-0-yuksek-performans-4-adet","46":"first","47":"outofstock","48":"shipping-taxable","49":"product-type-variable"},"_links":{"self":[{"href":"https:\/\/lima.com.tr\/en\/wp-json\/wp\/v2\/product\/5420","targetHints":{"allow":["GET"]}}],"collection":[{"href":"https:\/\/lima.com.tr\/en\/wp-json\/wp\/v2\/product"}],"about":[{"href":"https:\/\/lima.com.tr\/en\/wp-json\/wp\/v2\/types\/product"}],"version-history":[{"count":5,"href":"https:\/\/lima.com.tr\/en\/wp-json\/wp\/v2\/product\/5420\/revisions"}],"predecessor-version":[{"id":16601,"href":"https:\/\/lima.com.tr\/en\/wp-json\/wp\/v2\/product\/5420\/revisions\/16601"}],"wp:featuredmedia":[{"embeddable":true,"href":"https:\/\/lima.com.tr\/en\/wp-json\/wp\/v2\/media\/16591"}],"wp:attachment":[{"href":"https:\/\/lima.com.tr\/en\/wp-json\/wp\/v2\/media?parent=5420"}],"wp:term":[{"taxonomy":"product_brand","embeddable":true,"href":"https:\/\/lima.com.tr\/en\/wp-json\/wp\/v2\/product_brand?post=5420"},{"taxonomy":"product_cat","embeddable":true,"href":"https:\/\/lima.com.tr\/en\/wp-json\/wp\/v2\/product_cat?post=5420"},{"taxonomy":"product_tag","embeddable":true,"href":"https:\/\/lima.com.tr\/en\/wp-json\/wp\/v2\/product_tag?post=5420"}],"curies":[{"name":"wp","href":"https:\/\/api.w.org\/{rel}","templated":true}]}}