{"id":5411,"date":"2019-07-17T07:20:58","date_gmt":"2019-07-17T07:20:58","guid":{"rendered":"http:\/\/lima.com.tr\/?post_type=product&#038;p=5411"},"modified":"2024-07-29T16:05:04","modified_gmt":"2024-07-29T13:05:04","slug":"zebra-aurora-imaging-library","status":"publish","type":"product","link":"https:\/\/lima.com.tr\/en\/shop\/is-ortak\/zebra\/goruntu-isleme-yazilimlari-zebra\/zebra-aurora-imaging-library\/","title":{"rendered":"Zebra Aurora Imaging Library"},"content":{"rendered":"<p>Zebra Aurora Imaging Library\u2122, formerly Matrox Imaging Library, machine-vision software development kit (SDK) has a deep collection of tools for image capture, processing, analysis, annotation, display, and archiving. Code-level customization starts here.<\/p>\n<p>Code-level access ensures full customization, maximum flexibility, and greater performance optimization to tackle visions tasks from simple image capture to complex 3D or deep learning applications.<\/p>\n<p>You can access Zebra Aurora Imaging Library by registering\u00a0 thru the Zebra Technologies&#8217; Evaluation <a href=\"https:\/\/connect.zebra.com\/image-library-eval-us-en\" target=\"_blank\" rel=\"noopener\"><strong>page<\/strong><\/a>.<\/p>\n<p>&nbsp;<\/p>","protected":false},"excerpt":{"rendered":"<p>Zebra Aurora Imaging Library, yapay g\u00f6rme uygulamalar\u0131n\u0131 geli\u015ftirmek \u00fczere kapsaml\u0131 yard\u0131mc\u0131 yordamlar sunan bir yaz\u0131l\u0131m geli\u015ftirme kitidir (SDK).<\/p>","protected":false},"featured_media":16568,"template":"","meta":[],"product_brand":[],"product_cat":[1656,1664,1639,170,1681,4015,1650,1642,1626,1673,42,4012],"product_tag":[45,44,43,47,3977,3978],"class_list":{"0":"post-5411","1":"product","2":"type-product","3":"status-publish","4":"has-post-thumbnail","6":"product_cat-akilli-sehir-altyapi","7":"product_cat-goruntu-isleme-yazilimlari-akilli-sehir","8":"product_cat-goruntu-isleme-yazilimlari-ulasim","9":"product_cat-goruntu-isleme-yazilimlari","10":"product_cat-goruntu-isleme-yazilimlari-uretim","11":"product_cat-goruntu-isleme-yazilimlari-zebra","12":"product_cat-goruntu-isleme-yazilimlari-guvenlik","13":"product_cat-guvenlik","14":"product_cat-ulasim","15":"product_cat-uretim","16":"product_cat-yapay-gorme","17":"product_cat-zebra","18":"product_tag-akilli-sehir","19":"product_tag-guvenlik","20":"product_tag-ulasim","21":"product_tag-uretim","22":"product_tag-zebra","23":"product_tag-zebra-technologies","24":"pa_cozumler-ve-urunler-yapay-gorme","25":"pa_uretici-zebra","26":"pa_urun-gruplari-goruntu-isleme-yazilimlari","28":"first","29":"outofstock","30":"shipping-taxable","31":"product-type-variable"},"_links":{"self":[{"href":"https:\/\/lima.com.tr\/en\/wp-json\/wp\/v2\/product\/5411","targetHints":{"allow":["GET"]}}],"collection":[{"href":"https:\/\/lima.com.tr\/en\/wp-json\/wp\/v2\/product"}],"about":[{"href":"https:\/\/lima.com.tr\/en\/wp-json\/wp\/v2\/types\/product"}],"version-history":[{"count":5,"href":"https:\/\/lima.com.tr\/en\/wp-json\/wp\/v2\/product\/5411\/revisions"}],"predecessor-version":[{"id":16582,"href":"https:\/\/lima.com.tr\/en\/wp-json\/wp\/v2\/product\/5411\/revisions\/16582"}],"wp:featuredmedia":[{"embeddable":true,"href":"https:\/\/lima.com.tr\/en\/wp-json\/wp\/v2\/media\/16568"}],"wp:attachment":[{"href":"https:\/\/lima.com.tr\/en\/wp-json\/wp\/v2\/media?parent=5411"}],"wp:term":[{"taxonomy":"product_brand","embeddable":true,"href":"https:\/\/lima.com.tr\/en\/wp-json\/wp\/v2\/product_brand?post=5411"},{"taxonomy":"product_cat","embeddable":true,"href":"https:\/\/lima.com.tr\/en\/wp-json\/wp\/v2\/product_cat?post=5411"},{"taxonomy":"product_tag","embeddable":true,"href":"https:\/\/lima.com.tr\/en\/wp-json\/wp\/v2\/product_tag?post=5411"}],"curies":[{"name":"wp","href":"https:\/\/api.w.org\/{rel}","templated":true}]}}