{"id":5149,"date":"2019-07-15T16:19:23","date_gmt":"2019-07-15T16:19:23","guid":{"rendered":"http:\/\/lima.com.tr\/?post_type=product&#038;p=5149"},"modified":"2019-08-08T12:00:15","modified_gmt":"2019-08-08T12:00:15","slug":"eki-9516d-wv","status":"publish","type":"product","link":"https:\/\/lima.com.tr\/en\/shop\/endustriyel-iletisim\/endustriyel-switchler\/en50155-switchler\/eki-9516d-wv\/","title":{"rendered":"EKI-9516D-WV"},"content":{"rendered":"<p><strong>\u00c7al\u0131\u015fma S\u0131cakl\u0131\u011f\u0131 :<\/strong> -40 ~ 70\u00b0C<\/p>\n<p><strong>Depolama S\u0131cakl\u0131\u011f\u0131 :<\/strong> -40 ~ 85 \u00b0C<\/p>\n<p><strong>Nem :<\/strong> 5~ 95%<\/p>\n<p><strong>Montaj : <\/strong>Duvar, DIN-Rail(Opsiyonel)<\/p>\n<p><strong>L2 Features:<\/strong><\/p>\n<ul>\n<li><strong>L2 MAC Address<\/strong> 16K<\/li>\n<li><strong>Jumbo Frame:<\/strong> 9KB<\/li>\n<li><strong>VLAN Group:<\/strong> 4093 (VLAN ID 1~4093)<\/li>\n<li><strong>VLAN Arrange:<\/strong>Mac based VLAN, Protocol based VLAN, IP subnet based VLAN, Port based VLAN, GVRP<\/li>\n<li><strong>Port Mirroring:<\/strong> Per port, Multi-source port,<\/li>\n<li><strong>IP Multicast:<\/strong> IGMP Snooping v1\/v2\/v3, MLD Snooping, IGMP Immediate leave<\/li>\n<li><strong>Storm Control:<\/strong> Broadcast, Multicast, Unknown unicast<\/li>\n<li><strong>Spanning Tree\u00a0:<\/strong> IEEE802.1D-STP, IEEE802.1s-MSTP,IEEE802.1w-RSTP, X-Ring Pro<\/li>\n<\/ul>\n<p><strong>QoS:<\/strong><\/p>\n<ul>\n<li><strong>Priority Queue Scheduling:<\/strong> WRR, SP<\/li>\n<li><strong>Class of Service:<\/strong> IEEE 802.1p Based CoS, IP TOS, DSCP based CoS<\/li>\n<li><strong>Rate Limiting:<\/strong> Egress Rate limit, Ingress Rate limit<\/li>\n<li><strong>Link Aggregation:<\/strong> IEEE 802.3ad Dynamic Port Trunking, Static Port Trunking<\/li>\n<\/ul>\n<p><strong>Security:<\/strong><\/p>\n<ul>\n<li><strong>Port Security:<\/strong> Static, Dynamic<\/li>\n<li><strong>Authentication:<\/strong> 802.1x (Port-Based), RADIUS, TACACS+<\/li>\n<li><strong>ACL:<\/strong> 550 Rules<\/li>\n<li><strong>Advanced Security:<\/strong> IP Source Guard<\/li>\n<\/ul>\n<p><strong>Management:<\/strong><\/p>\n<ul>\n<li><strong>D<\/strong><strong>HCP:<\/strong> Client, server, relay, option 66\/67\/82<\/li>\n<li><strong>Access:<\/strong> SNMP v1\/v2c\/v3, WEB, Telnet, RMON, Standard MIB, Private MIB<\/li>\n<li><strong>Software upgrade:<\/strong> TFTP, HTTP, Dual Image<\/li>\n<li><strong>NTP:<\/strong> NTP client<\/li>\n<li><strong>Security access:<\/strong> SSH2.0, SSL<\/li>\n<\/ul>\n<p><strong>Sertifikalar :<\/strong> FCC Part 15 Subpart B Class A CE EN55032 (CISPR) EN55024 Class A,EN61000-4-2 (ESD), EN61000-4-3 (RS),EN61000-4-4 (EFT), EN61000-4-5 (surge),EN61000-4-6 (CS),IEC 61373,IEC 60068-2-32,EN50155; EN50121-3-2<\/p>\n<p><strong>Koruma:<\/strong> \u00c7ift (yedekli) g\u00fc\u00e7 giri\u015fi , M12 konnekt\u00f6rler, ters polarizasyon korumas\u0131, a\u015f\u0131r\u0131 ak\u0131m korumas\u0131<\/p>\n<p>&nbsp;<\/p>\n<p>&nbsp;<\/p>\n<p>&nbsp;<\/p>","protected":false},"excerpt":{"rendered":"<p>EN50155 IP67 Y\u00f6netilebilir L2 Ethernet Switch, 16 x 10\/100 Base-T M12 D-coded Port , 24~110VDC<\/p>","protected":false},"featured_media":8541,"template":"","meta":[],"product_brand":[],"product_cat":[1656,128,40,124,1688,1636,1660,1684,1626,125],"product_tag":[45,46,43],"class_list":{"0":"post-5149","1":"product","2":"type-product","3":"status-publish","4":"has-post-thumbnail","6":"product_cat-akilli-sehir-altyapi","7":"product_cat-en50155-switchler","8":"product_cat-endustriyel-iletisim","9":"product_cat-endustriyel-switchler","10":"product_cat-endustriyel-switchler-savunma","11":"product_cat-endustriyel-switchler-ulasim","12":"product_cat-endustriyel-switchler-akilli-sehir","13":"product_cat-savunma","14":"product_cat-ulasim","15":"product_cat-yonetilebilir-switchler","16":"product_tag-akilli-sehir","17":"product_tag-savunma","18":"product_tag-ulasim","19":"pa_10-100-mpbs-lan-16-port","20":"pa_cozumler-ve-urunler-endustriyel-iletisim","21":"pa_fonksiyon-l2","22":"pa_guc-girisi-24-110-vdc","23":"pa_tip-yonetilebilir","24":"pa_uretici-advantech","25":"pa_urun-gruplari-endustriyel-switchler","27":"first","28":"outofstock","29":"shipping-taxable","30":"product-type-variable"},"_links":{"self":[{"href":"https:\/\/lima.com.tr\/en\/wp-json\/wp\/v2\/product\/5149","targetHints":{"allow":["GET"]}}],"collection":[{"href":"https:\/\/lima.com.tr\/en\/wp-json\/wp\/v2\/product"}],"about":[{"href":"https:\/\/lima.com.tr\/en\/wp-json\/wp\/v2\/types\/product"}],"version-history":[{"count":2,"href":"https:\/\/lima.com.tr\/en\/wp-json\/wp\/v2\/product\/5149\/revisions"}],"predecessor-version":[{"id":8539,"href":"https:\/\/lima.com.tr\/en\/wp-json\/wp\/v2\/product\/5149\/revisions\/8539"}],"wp:featuredmedia":[{"embeddable":true,"href":"https:\/\/lima.com.tr\/en\/wp-json\/wp\/v2\/media\/8541"}],"wp:attachment":[{"href":"https:\/\/lima.com.tr\/en\/wp-json\/wp\/v2\/media?parent=5149"}],"wp:term":[{"taxonomy":"product_brand","embeddable":true,"href":"https:\/\/lima.com.tr\/en\/wp-json\/wp\/v2\/product_brand?post=5149"},{"taxonomy":"product_cat","embeddable":true,"href":"https:\/\/lima.com.tr\/en\/wp-json\/wp\/v2\/product_cat?post=5149"},{"taxonomy":"product_tag","embeddable":true,"href":"https:\/\/lima.com.tr\/en\/wp-json\/wp\/v2\/product_tag?post=5149"}],"curies":[{"name":"wp","href":"https:\/\/api.w.org\/{rel}","templated":true}]}}